{"id":770079,"date":"2025-08-28T14:17:18","date_gmt":"2025-08-28T11:17:18","guid":{"rendered":"https:\/\/roveyayinevi.com.tr\/index.php\/urun\/maradona-sahanin-yildizlari\/"},"modified":"2026-04-15T03:36:31","modified_gmt":"2026-04-15T00:36:31","slug":"maradona-sahanin-yildizlari","status":"publish","type":"product","link":"https:\/\/roveyayinevi.com.tr\/index.php\/urun\/maradona-sahanin-yildizlari\/","title":{"rendered":"Maradona &#8211; Sahan\u0131n Y\u0131ld\u0131zlar\u0131"},"content":{"rendered":"<p>Diego, hen\u00fcz 4 ya\u015f\u0131ndayken futbol topuyla bulu\u015ftu\u011funda onun gelecekte bir efsane olaca\u011f\u0131n\u0131 kim bilebilirdi?Arjantin\u2019in tozlu sokaklar\u0131nda b\u00fcy\u00fck bir futbolcu olma hayaliyle yan\u0131p tutu\u015fan bu k\u00fc\u00e7\u00fck \u00e7ocuk, b\u00fcy\u00fcd\u00fck\u00e7e yaln\u0131zca sahalar\u0131n de\u011fil, ayn\u0131 zamanda milyonlar\u0131n da kahraman\u0131 oldu. \u0130\u00e7indeki bitmeyen tutku ve sars\u0131lmaz kararl\u0131l\u0131kla futbol tarihini \u00e2deta yeniden yazd\u0131.Maradona\u2019n\u0131n kariyeri, zaferlerle ve m\u00fccadelelerle dolu bir destand\u0131r. Napoli\u2019deki unutulmaz ba\u015far\u0131lar\u0131ndan\u201cEl Diego\u201d olarak an\u0131ld\u0131\u011f\u0131 o b\u00fcy\u00fcl\u00fc anlara ve Arjantin Mill\u00ee Tak\u0131m\u0131 ile kazand\u0131\u011f\u0131 b\u00fcy\u00fck zaferlere kadar her ad\u0131m\u0131nda ilham verici bir hik\u00e2ye sakl\u0131d\u0131r.Bu hik\u00e2yeyi okurken Maradona\u2019n\u0131n azmine, hayallerinin pe\u015finden sars\u0131lmaz bir inan\u00e7la ko\u015fmas\u0131na ve onun e\u015fsiz futbol yolculu\u011funa tan\u0131kl\u0131k edeceksiniz.<\/p>\n","protected":false},"excerpt":{"rendered":"<p>Diego, hen\u00fcz 4 ya\u015f\u0131ndayken futbol topuyla bulu\u015ftu\u011funda onun gelecekte bir efsane olaca\u011f\u0131n\u0131 kim bilebilirdi?Arjantin\u2019in tozlu sokaklar\u0131nda b\u00fcy\u00fck bir futbolcu olma hayaliyle yan\u0131p tutu\u015fan bu k\u00fc\u00e7\u00fck \u00e7ocuk,<span class=\"excerpt-hellip\"> [\u2026]<\/span><\/p>\n","protected":false},"featured_media":0,"template":"","meta":{"_monsterinsights_skip_tracking":false,"_monsterinsights_sitenote_active":false,"_monsterinsights_sitenote_note":"","_monsterinsights_sitenote_category":0},"product_brand":[],"product_cat":[14009,12291],"product_tag":[],"class_list":{"0":"post-770079","1":"product","2":"type-product","3":"status-publish","5":"product_cat-biyografi-otobiyografi-edebiyat","6":"product_cat-edebiyat","7":"pa_cilt-ciltsiz","8":"pa_tur-kitap","9":"pa_yayinevi-parodi-yayinlari","10":"pa_yazar-omer-fikret-sen","12":"first","13":"instock","14":"sale","15":"shipping-taxable","16":"purchasable","17":"product-type-simple"},"_links":{"self":[{"href":"https:\/\/roveyayinevi.com.tr\/index.php\/wp-json\/wp\/v2\/product\/770079","targetHints":{"allow":["GET"]}}],"collection":[{"href":"https:\/\/roveyayinevi.com.tr\/index.php\/wp-json\/wp\/v2\/product"}],"about":[{"href":"https:\/\/roveyayinevi.com.tr\/index.php\/wp-json\/wp\/v2\/types\/product"}],"wp:attachment":[{"href":"https:\/\/roveyayinevi.com.tr\/index.php\/wp-json\/wp\/v2\/media?parent=770079"}],"wp:term":[{"taxonomy":"product_brand","embeddable":true,"href":"https:\/\/roveyayinevi.com.tr\/index.php\/wp-json\/wp\/v2\/product_brand?post=770079"},{"taxonomy":"product_cat","embeddable":true,"href":"https:\/\/roveyayinevi.com.tr\/index.php\/wp-json\/wp\/v2\/product_cat?post=770079"},{"taxonomy":"product_tag","embeddable":true,"href":"https:\/\/roveyayinevi.com.tr\/index.php\/wp-json\/wp\/v2\/product_tag?post=770079"}],"curies":[{"name":"wp","href":"https:\/\/api.w.org\/{rel}","templated":true}]}}