{"id":770077,"date":"2025-08-28T14:17:14","date_gmt":"2025-08-28T11:17:14","guid":{"rendered":"https:\/\/roveyayinevi.com.tr\/index.php\/urun\/marti-7\/"},"modified":"2026-04-15T03:36:31","modified_gmt":"2026-04-15T00:36:31","slug":"marti-7","status":"publish","type":"product","link":"https:\/\/roveyayinevi.com.tr\/index.php\/urun\/marti-7\/","title":{"rendered":"Mart\u0131"},"content":{"rendered":"<p>Bir zamanlar tasas\u0131zca u\u00e7an bir mart\u0131 vard\u0131 g\u00f6l\u00fcn etraf\u0131nda. \u00d6yle \u00f6zg\u00fcrd\u00fc ki kanatlar\u0131n\u0131n alt\u0131na serilen d\u00fcnyay\u0131 sadece kendine ait san\u0131rd\u0131. Ama bir g\u00fcn bir adam \u00e7\u0131kt\u0131 kar\u015f\u0131s\u0131na, sebepsizce k\u0131rd\u0131 kanatlar\u0131n\u0131, doldurdu i\u00e7ini samanla. \u00d6mr\u00fcn\u00fc bo\u015fa ge\u00e7iren bir adam\u0131n serzeni\u015fiydi bu; \u00e7ekti\u011fi ahlar\u0131n, mutsuzlu\u011funun, bir t\u00fcrl\u00fc kendi sesini bulamay\u0131\u015f\u0131n\u0131n, zamana ve insanlara yenik d\u00fc\u015f\u00fc\u015f\u00fcn\u00fcn ka\u00e7\u0131n\u0131lmaz sonuydu. \u00dcstelik \u00e2\u015f\u0131kt\u0131 da ama a\u015fk bile yaras\u0131na merhem olmam\u0131\u015f, yaln\u0131zca \u0131zd\u0131rap vermi\u015fti ruhuna. Oysa herkes ne kadar kolay oynuyordu \u015fu hayatta kendisine bi\u00e7ilen rol\u00fc. Hepsi de mutlak ba\u015far\u0131n\u0131n, mutlulu\u011fun ve bir olma duygusunun pe\u015findeydi. A\u015fkt\u0131 onlar\u0131 ayakta tutan belki de; kimisi sevdi\u011fine bencilce sar\u0131l\u0131rken kimisi de fedak\u00e2rca serbest b\u0131rak\u0131yordu onu. Payla\u015ft\u0131klar\u0131 tek bir ortak nokta vard\u0131; o da gururlar\u0131n\u0131 bir kenara b\u0131rakm\u0131\u015f olmalar\u0131yd\u0131. Anton \u00c7ehov\u2019un bu \u00f6l\u00fcms\u00fcz eserinde esriklik acze, \u00f6zg\u00fcnl\u00fck hor g\u00f6r\u00fclmeye, hayat ise ac\u0131nas\u0131 bir tiyatro metnine d\u00f6n\u00fc\u015f\u00fcrken dile getirilmeyenlerin ac\u0131ya, dile getirilenlerinse daha da b\u00fcy\u00fck ac\u0131ya sebep oldu\u011funa \u015fahit oluyoruz. Bazen sadece u\u00e7mak gerekir; ruhumuzun kanatlar\u0131n\u0131 k\u0131rmaya \u00e7al\u0131\u015fanlara ald\u0131rmadan\u2026<\/p>\n","protected":false},"excerpt":{"rendered":"<p>Bir zamanlar tasas\u0131zca u\u00e7an bir mart\u0131 vard\u0131 g\u00f6l\u00fcn etraf\u0131nda. \u00d6yle \u00f6zg\u00fcrd\u00fc ki kanatlar\u0131n\u0131n alt\u0131na serilen d\u00fcnyay\u0131 sadece kendine ait san\u0131rd\u0131. Ama bir g\u00fcn bir adam \u00e7\u0131kt\u0131<span class=\"excerpt-hellip\"> [\u2026]<\/span><\/p>\n","protected":false},"featured_media":0,"template":"","meta":{"_monsterinsights_skip_tracking":false,"_monsterinsights_sitenote_active":false,"_monsterinsights_sitenote_note":"","_monsterinsights_sitenote_category":0},"product_brand":[],"product_cat":[12291,12711],"product_tag":[],"class_list":{"0":"post-770077","1":"product","2":"type-product","3":"status-publish","5":"product_cat-edebiyat","6":"product_cat-roman-oyku","7":"pa_cilt-ciltsiz","8":"pa_tur-kitap","9":"pa_yayinevi-parodi-yayinlari","10":"pa_yazar-anton-pavlovic-cehov","12":"first","13":"instock","14":"sale","15":"shipping-taxable","16":"purchasable","17":"product-type-simple"},"_links":{"self":[{"href":"https:\/\/roveyayinevi.com.tr\/index.php\/wp-json\/wp\/v2\/product\/770077","targetHints":{"allow":["GET"]}}],"collection":[{"href":"https:\/\/roveyayinevi.com.tr\/index.php\/wp-json\/wp\/v2\/product"}],"about":[{"href":"https:\/\/roveyayinevi.com.tr\/index.php\/wp-json\/wp\/v2\/types\/product"}],"wp:attachment":[{"href":"https:\/\/roveyayinevi.com.tr\/index.php\/wp-json\/wp\/v2\/media?parent=770077"}],"wp:term":[{"taxonomy":"product_brand","embeddable":true,"href":"https:\/\/roveyayinevi.com.tr\/index.php\/wp-json\/wp\/v2\/product_brand?post=770077"},{"taxonomy":"product_cat","embeddable":true,"href":"https:\/\/roveyayinevi.com.tr\/index.php\/wp-json\/wp\/v2\/product_cat?post=770077"},{"taxonomy":"product_tag","embeddable":true,"href":"https:\/\/roveyayinevi.com.tr\/index.php\/wp-json\/wp\/v2\/product_tag?post=770077"}],"curies":[{"name":"wp","href":"https:\/\/api.w.org\/{rel}","templated":true}]}}