{"id":770076,"date":"2025-08-28T14:17:11","date_gmt":"2025-08-28T11:17:11","guid":{"rendered":"https:\/\/roveyayinevi.com.tr\/index.php\/urun\/quaresma-sahanin-yildizlari\/"},"modified":"2026-04-15T03:36:31","modified_gmt":"2026-04-15T00:36:31","slug":"quaresma-sahanin-yildizlari","status":"publish","type":"product","link":"https:\/\/roveyayinevi.com.tr\/index.php\/urun\/quaresma-sahanin-yildizlari\/","title":{"rendered":"Quaresma &#8211; Sahan\u0131n Y\u0131ld\u0131zlar\u0131"},"content":{"rendered":"<p>Ricardo Quaresma, Sporting\u2019de y\u0131ld\u0131zla\u015ft\u0131, Porto\u2019da b\u00fcy\u00fcd\u00fc, Be\u015fikta\u015f ve Mill\u00ee Tak\u0131m\u2019da olgunla\u015ft\u0131.\u00d6zg\u00fcrl\u00fc\u011f\u00fcn\u00fc ararken sahan\u0131n s\u0131n\u0131rlar\u0131n\u0131 bazen bir trivelayla bazen bir rabonayla hep zorlad\u0131. Futbol taktiksel a\u00e7\u0131dan ak\u0131l almaz bir \u015fekilde evrilirken o her ma\u00e7ta normal bir gol veya gol pas\u0131 atmamaya \u00e2deta yemin etmi\u015f gibi oynamaya devam etti.Do\u011fu\u015ftan gelen fiziksel sorunlar\u0131n\u0131, kendisiyle \u00f6zde\u015fle\u015fen hareketleri m\u00fckemmel \u015fekilde yapmak i\u00e7in avantaja \u00e7evirdi ve kendi tarz\u0131yla oynayan \u00f6zg\u00fcn bir y\u0131ld\u0131z olarak haf\u0131zalara kaz\u0131nd\u0131.Quaresma 40 ya\u015f\u0131na dek s\u00fcren futbol yolculu\u011funda ad\u0131n\u0131 efsaneler aras\u0131na yazd\u0131rmay\u0131 ba\u015fard\u0131. Modern futbola kar\u015f\u0131 bireysel oyunun son temsilcilerinden biri olarak da her zaman hat\u0131rlanacak.<\/p>\n","protected":false},"excerpt":{"rendered":"<p>Ricardo Quaresma, Sporting\u2019de y\u0131ld\u0131zla\u015ft\u0131, Porto\u2019da b\u00fcy\u00fcd\u00fc, Be\u015fikta\u015f ve Mill\u00ee Tak\u0131m\u2019da olgunla\u015ft\u0131.\u00d6zg\u00fcrl\u00fc\u011f\u00fcn\u00fc ararken sahan\u0131n s\u0131n\u0131rlar\u0131n\u0131 bazen bir trivelayla bazen bir rabonayla hep zorlad\u0131. Futbol taktiksel a\u00e7\u0131dan ak\u0131l<span class=\"excerpt-hellip\"> [\u2026]<\/span><\/p>\n","protected":false},"featured_media":0,"template":"","meta":{"_monsterinsights_skip_tracking":false,"_monsterinsights_sitenote_active":false,"_monsterinsights_sitenote_note":"","_monsterinsights_sitenote_category":0},"product_brand":[],"product_cat":[14009,12291],"product_tag":[],"class_list":{"0":"post-770076","1":"product","2":"type-product","3":"status-publish","5":"product_cat-biyografi-otobiyografi-edebiyat","6":"product_cat-edebiyat","7":"pa_cilt-ciltsiz","8":"pa_tur-kitap","9":"pa_yayinevi-parodi-yayinlari","10":"pa_yazar-emre-sarikus","12":"first","13":"instock","14":"sale","15":"shipping-taxable","16":"purchasable","17":"product-type-simple"},"_links":{"self":[{"href":"https:\/\/roveyayinevi.com.tr\/index.php\/wp-json\/wp\/v2\/product\/770076","targetHints":{"allow":["GET"]}}],"collection":[{"href":"https:\/\/roveyayinevi.com.tr\/index.php\/wp-json\/wp\/v2\/product"}],"about":[{"href":"https:\/\/roveyayinevi.com.tr\/index.php\/wp-json\/wp\/v2\/types\/product"}],"wp:attachment":[{"href":"https:\/\/roveyayinevi.com.tr\/index.php\/wp-json\/wp\/v2\/media?parent=770076"}],"wp:term":[{"taxonomy":"product_brand","embeddable":true,"href":"https:\/\/roveyayinevi.com.tr\/index.php\/wp-json\/wp\/v2\/product_brand?post=770076"},{"taxonomy":"product_cat","embeddable":true,"href":"https:\/\/roveyayinevi.com.tr\/index.php\/wp-json\/wp\/v2\/product_cat?post=770076"},{"taxonomy":"product_tag","embeddable":true,"href":"https:\/\/roveyayinevi.com.tr\/index.php\/wp-json\/wp\/v2\/product_tag?post=770076"}],"curies":[{"name":"wp","href":"https:\/\/api.w.org\/{rel}","templated":true}]}}