{"id":770075,"date":"2025-08-28T14:17:09","date_gmt":"2025-08-28T11:17:09","guid":{"rendered":"https:\/\/roveyayinevi.com.tr\/index.php\/urun\/drogba-sahanin-yildizlari\/"},"modified":"2026-04-15T03:36:31","modified_gmt":"2026-04-15T00:36:31","slug":"drogba-sahanin-yildizlari","status":"publish","type":"product","link":"https:\/\/roveyayinevi.com.tr\/index.php\/urun\/drogba-sahanin-yildizlari\/","title":{"rendered":"Drogba; Sahan\u0131n Y\u0131ld\u0131zlar\u0131"},"content":{"rendered":"<p>2024 y\u0131l\u0131 g\u00fcncel bilgileri ve istatistikleriyle!Didier Drogba 5 ya\u015f\u0131ndayken ailesinden ayr\u0131l\u0131p Fransa\u2019ya gitti ve 21 ya\u015f\u0131nda profesyonel futbolculuk kariyerine ad\u0131m att\u0131. Zirveye ula\u015ft\u0131\u011f\u0131nda 34 ya\u015f\u0131ndayd\u0131 ve Galatasaray formas\u0131yla r\u00fczg\u00e2r gibi esiyordu.Onun futbol d\u00fcnyas\u0131ndaki y\u00fckseli\u015fi, destanlarda anlat\u0131lan kahramanlar\u0131nkine benziyordu. S\u00fcrekli kendini geli\u015ftirme arzusu, b\u00fcy\u00fck zaferlerin kap\u0131lar\u0131n\u0131 onun i\u00e7in a\u00e7t\u0131 ve bu \u00e7aba, 2013 y\u0131l\u0131nda kazand\u0131\u011f\u0131 Alt\u0131n Ayak \u00d6d\u00fcl\u00fc ile ta\u00e7land\u0131.Ancak Drogba\u2019n\u0131n hik\u00e2yesi yaln\u0131zca futbol sahalar\u0131yla s\u0131n\u0131rl\u0131 de\u011fildi. Onun y\u0131ld\u0131z\u0131, insanl\u0131\u011fa yapt\u0131\u011f\u0131 b\u00fcy\u00fck katk\u0131larla da parl\u0131yordu. Hayata kar\u015f\u0131 duru\u015fuyla ve yard\u0131mseverli\u011fiyle bir rol model h\u00e2line d\u00f6n\u00fc\u015ft\u00fc.Didier Drogba\u2019n\u0131n hayat\u0131n\u0131 okurken bir futbol dehas\u0131n\u0131n nas\u0131l b\u00fcy\u00fcd\u00fc\u011f\u00fcne ve g\u00fc\u00e7l\u00fc karakterini nas\u0131l in\u015fa etti\u011fine ilgiyle \u015fahit olacaks\u0131n\u0131z. \u00c7\u00fcnk\u00fc onun hik\u00e2yesi s\u0131radanl\u0131\u011f\u0131n \u00e7ok uza\u011f\u0131nda.<\/p>\n","protected":false},"excerpt":{"rendered":"<p>2024 y\u0131l\u0131 g\u00fcncel bilgileri ve istatistikleriyle!Didier Drogba 5 ya\u015f\u0131ndayken ailesinden ayr\u0131l\u0131p Fransa\u2019ya gitti ve 21 ya\u015f\u0131nda profesyonel futbolculuk kariyerine ad\u0131m att\u0131. Zirveye ula\u015ft\u0131\u011f\u0131nda 34 ya\u015f\u0131ndayd\u0131 ve<span class=\"excerpt-hellip\"> [\u2026]<\/span><\/p>\n","protected":false},"featured_media":0,"template":"","meta":{"_monsterinsights_skip_tracking":false,"_monsterinsights_sitenote_active":false,"_monsterinsights_sitenote_note":"","_monsterinsights_sitenote_category":0},"product_brand":[],"product_cat":[14009,12291],"product_tag":[],"class_list":{"0":"post-770075","1":"product","2":"type-product","3":"status-publish","5":"product_cat-biyografi-otobiyografi-edebiyat","6":"product_cat-edebiyat","7":"pa_cilt-ciltsiz","8":"pa_tur-kitap","9":"pa_yayinevi-parodi-yayinlari","10":"pa_yazar-ahmet-koyuncu","12":"first","13":"instock","14":"sale","15":"shipping-taxable","16":"purchasable","17":"product-type-simple"},"_links":{"self":[{"href":"https:\/\/roveyayinevi.com.tr\/index.php\/wp-json\/wp\/v2\/product\/770075","targetHints":{"allow":["GET"]}}],"collection":[{"href":"https:\/\/roveyayinevi.com.tr\/index.php\/wp-json\/wp\/v2\/product"}],"about":[{"href":"https:\/\/roveyayinevi.com.tr\/index.php\/wp-json\/wp\/v2\/types\/product"}],"wp:attachment":[{"href":"https:\/\/roveyayinevi.com.tr\/index.php\/wp-json\/wp\/v2\/media?parent=770075"}],"wp:term":[{"taxonomy":"product_brand","embeddable":true,"href":"https:\/\/roveyayinevi.com.tr\/index.php\/wp-json\/wp\/v2\/product_brand?post=770075"},{"taxonomy":"product_cat","embeddable":true,"href":"https:\/\/roveyayinevi.com.tr\/index.php\/wp-json\/wp\/v2\/product_cat?post=770075"},{"taxonomy":"product_tag","embeddable":true,"href":"https:\/\/roveyayinevi.com.tr\/index.php\/wp-json\/wp\/v2\/product_tag?post=770075"}],"curies":[{"name":"wp","href":"https:\/\/api.w.org\/{rel}","templated":true}]}}