{"id":770074,"date":"2025-08-28T14:17:07","date_gmt":"2025-08-28T11:17:07","guid":{"rendered":"https:\/\/roveyayinevi.com.tr\/index.php\/urun\/kerem-sahanin-yildizlari\/"},"modified":"2026-04-15T03:36:31","modified_gmt":"2026-04-15T00:36:31","slug":"kerem-sahanin-yildizlari","status":"publish","type":"product","link":"https:\/\/roveyayinevi.com.tr\/index.php\/urun\/kerem-sahanin-yildizlari\/","title":{"rendered":"Kerem; Sahan\u0131n Y\u0131ld\u0131zlar\u0131"},"content":{"rendered":"<p>Kerem Akt\u00fcrko\u011flu\u2019nun futbol ser\u00fcveni, topa ilk dokunu\u015fuyla ba\u015flar ve en b\u00fcy\u00fck hayali g\u00f6z\u00fcnde canlan\u0131r: Sevdi\u011fi tak\u0131m\u0131n bir y\u0131ld\u0131z\u0131 olmak ve onu zafere ta\u015f\u0131mak.Bu d\u00fc\u015f onun gen\u00e7 y\u00fcre\u011finde daha da kuvvetlenir; art\u0131k her antrenman, her ma\u00e7 bu r\u00fcyay\u0131 ger\u00e7e\u011fe d\u00f6n\u00fc\u015ft\u00fcrme yolunda at\u0131lm\u0131\u015f birer ad\u0131md\u0131r. Azmi, her ge\u00e7en g\u00fcn onu hedefine biraz daha yakla\u015ft\u0131r\u0131r ve nihayet Galatasaray formas\u0131n\u0131 gururla s\u0131rt\u0131na ge\u00e7irir. Bu ise onun i\u00e7in yaln\u0131zca bir ba\u015flang\u0131\u00e7t\u0131r. Sahada her dokunu\u015fuyla, her hareketiyle tak\u0131m\u0131na de\u011fer katar ve r\u00fcyalar\u0131n\u0131 s\u00fcsleyen \u015fampiyonluk kupas\u0131n\u0131 kaptan olarak kald\u0131rman\u0131n mutlulu\u011funu ya\u015far.Kerem\u2019in yolculu\u011fu azimle, karde\u015flikle ve inan\u00e7la dolu. Hayallerin pe\u015finden ko\u015fman\u0131n ve zorluklar\u0131n \u00fcstesinden gelmenin ilham verici bir \u00f6rne\u011fi o. Bu sadece Kerem\u2019in de\u011fil, hayal kuran herkesin hik\u00e2yesi.<\/p>\n","protected":false},"excerpt":{"rendered":"<p>Kerem Akt\u00fcrko\u011flu\u2019nun futbol ser\u00fcveni, topa ilk dokunu\u015fuyla ba\u015flar ve en b\u00fcy\u00fck hayali g\u00f6z\u00fcnde canlan\u0131r: Sevdi\u011fi tak\u0131m\u0131n bir y\u0131ld\u0131z\u0131 olmak ve onu zafere ta\u015f\u0131mak.Bu d\u00fc\u015f onun gen\u00e7<span class=\"excerpt-hellip\"> [\u2026]<\/span><\/p>\n","protected":false},"featured_media":0,"template":"","meta":{"_monsterinsights_skip_tracking":false,"_monsterinsights_sitenote_active":false,"_monsterinsights_sitenote_note":"","_monsterinsights_sitenote_category":0},"product_brand":[],"product_cat":[14009,12291],"product_tag":[],"class_list":{"0":"post-770074","1":"product","2":"type-product","3":"status-publish","5":"product_cat-biyografi-otobiyografi-edebiyat","6":"product_cat-edebiyat","7":"pa_cilt-ciltsiz","8":"pa_tur-kitap","9":"pa_yayinevi-parodi-yayinlari","10":"pa_yazar-ahmet-koyuncu","12":"first","13":"instock","14":"sale","15":"shipping-taxable","16":"purchasable","17":"product-type-simple"},"_links":{"self":[{"href":"https:\/\/roveyayinevi.com.tr\/index.php\/wp-json\/wp\/v2\/product\/770074","targetHints":{"allow":["GET"]}}],"collection":[{"href":"https:\/\/roveyayinevi.com.tr\/index.php\/wp-json\/wp\/v2\/product"}],"about":[{"href":"https:\/\/roveyayinevi.com.tr\/index.php\/wp-json\/wp\/v2\/types\/product"}],"wp:attachment":[{"href":"https:\/\/roveyayinevi.com.tr\/index.php\/wp-json\/wp\/v2\/media?parent=770074"}],"wp:term":[{"taxonomy":"product_brand","embeddable":true,"href":"https:\/\/roveyayinevi.com.tr\/index.php\/wp-json\/wp\/v2\/product_brand?post=770074"},{"taxonomy":"product_cat","embeddable":true,"href":"https:\/\/roveyayinevi.com.tr\/index.php\/wp-json\/wp\/v2\/product_cat?post=770074"},{"taxonomy":"product_tag","embeddable":true,"href":"https:\/\/roveyayinevi.com.tr\/index.php\/wp-json\/wp\/v2\/product_tag?post=770074"}],"curies":[{"name":"wp","href":"https:\/\/api.w.org\/{rel}","templated":true}]}}