{"id":770073,"date":"2025-08-28T14:17:05","date_gmt":"2025-08-28T11:17:05","guid":{"rendered":"https:\/\/roveyayinevi.com.tr\/index.php\/urun\/de-bruyne-sahanin-yildizlari\/"},"modified":"2026-04-15T03:36:31","modified_gmt":"2026-04-15T00:36:31","slug":"de-bruyne-sahanin-yildizlari","status":"publish","type":"product","link":"https:\/\/roveyayinevi.com.tr\/index.php\/urun\/de-bruyne-sahanin-yildizlari\/","title":{"rendered":"De Bruyne Sahan\u0131n Y\u0131ld\u0131zlar\u0131"},"content":{"rendered":"<p>2023 y\u0131l\u0131 g\u00fcncel bilgileri ve istatistikleriyle!Ye\u015fil sahalar\u0131n sihirbaz\u0131 Kevin De Bruyne, futbola Bel\u00e7ika\u2019n\u0131n k\u00fc\u00e7\u00fck bir kasabas\u0131nda ba\u015flad\u0131. Gen\u00e7 ya\u015flarda ailesinden ayr\u0131 ya\u015famay\u0131 g\u00f6ze alarak futbola adanm\u0131\u015f bir hayat\u0131 se\u00e7ti. Zorluklarla dolu bu yolda sadece yeteneklerine de\u011fil, tak\u0131m arkada\u015flar\u0131na ve antren\u00f6rlerine de g\u00fcvenerek ilerledi. Her ba\u015far\u0131s\u0131zl\u0131kta y\u0131lmadan aya\u011fa kalkt\u0131, her zaferde m\u00fctevaz\u0131l\u0131\u011f\u0131n\u0131 korudu.Topa dokunu\u015fu bir ressam\u0131n f\u0131r\u00e7as\u0131 gibi zarif ve keskin olan y\u0131ld\u0131z, sahada bir \u015f\u00f6valye edas\u0131yla rakiplerini ge\u00e7erek golleriyle destanlar yazd\u0131. Manchester City\u2019nin armas\u0131n\u0131 ta\u015f\u0131rken t\u00fcm d\u00fcnya onun o b\u00fcy\u00fck co\u015fkusuna ve azmine \u015fahit oldu. Surat\u0131 k\u0131zard\u0131\u011f\u0131nda futboldaki en yenilmez olgulardan birine d\u00f6n\u00fc\u015fen De Bruyne\u2019nin zirveye y\u00fckseli\u015fi, hayallerinin pe\u015finden gitmek isteyen her okura ilham olacakt\u0131r.<\/p>\n","protected":false},"excerpt":{"rendered":"<p>2023 y\u0131l\u0131 g\u00fcncel bilgileri ve istatistikleriyle!Ye\u015fil sahalar\u0131n sihirbaz\u0131 Kevin De Bruyne, futbola Bel\u00e7ika\u2019n\u0131n k\u00fc\u00e7\u00fck bir kasabas\u0131nda ba\u015flad\u0131. Gen\u00e7 ya\u015flarda ailesinden ayr\u0131 ya\u015famay\u0131 g\u00f6ze alarak futbola adanm\u0131\u015f<span class=\"excerpt-hellip\"> [\u2026]<\/span><\/p>\n","protected":false},"featured_media":0,"template":"","meta":{"_monsterinsights_skip_tracking":false,"_monsterinsights_sitenote_active":false,"_monsterinsights_sitenote_note":"","_monsterinsights_sitenote_category":0},"product_brand":[],"product_cat":[14009,12291],"product_tag":[],"class_list":{"0":"post-770073","1":"product","2":"type-product","3":"status-publish","5":"product_cat-biyografi-otobiyografi-edebiyat","6":"product_cat-edebiyat","7":"pa_cilt-ciltsiz","8":"pa_tur-kitap","9":"pa_yayinevi-parodi-yayinlari","10":"pa_yazar-ayhan-sensoy","12":"first","13":"instock","14":"sale","15":"shipping-taxable","16":"purchasable","17":"product-type-simple"},"_links":{"self":[{"href":"https:\/\/roveyayinevi.com.tr\/index.php\/wp-json\/wp\/v2\/product\/770073","targetHints":{"allow":["GET"]}}],"collection":[{"href":"https:\/\/roveyayinevi.com.tr\/index.php\/wp-json\/wp\/v2\/product"}],"about":[{"href":"https:\/\/roveyayinevi.com.tr\/index.php\/wp-json\/wp\/v2\/types\/product"}],"wp:attachment":[{"href":"https:\/\/roveyayinevi.com.tr\/index.php\/wp-json\/wp\/v2\/media?parent=770073"}],"wp:term":[{"taxonomy":"product_brand","embeddable":true,"href":"https:\/\/roveyayinevi.com.tr\/index.php\/wp-json\/wp\/v2\/product_brand?post=770073"},{"taxonomy":"product_cat","embeddable":true,"href":"https:\/\/roveyayinevi.com.tr\/index.php\/wp-json\/wp\/v2\/product_cat?post=770073"},{"taxonomy":"product_tag","embeddable":true,"href":"https:\/\/roveyayinevi.com.tr\/index.php\/wp-json\/wp\/v2\/product_tag?post=770073"}],"curies":[{"name":"wp","href":"https:\/\/api.w.org\/{rel}","templated":true}]}}