{"id":770066,"date":"2025-08-28T14:16:49","date_gmt":"2025-08-28T11:16:49","guid":{"rendered":"https:\/\/roveyayinevi.com.tr\/index.php\/urun\/merlin-7-doomraganin-intikami\/"},"modified":"2026-04-15T03:36:30","modified_gmt":"2026-04-15T00:36:30","slug":"merlin-7-doomraganin-intikami","status":"publish","type":"product","link":"https:\/\/roveyayinevi.com.tr\/index.php\/urun\/merlin-7-doomraganin-intikami\/","title":{"rendered":"Merlin 7 \u2013 Doomraga\u2019n\u0131n \u0130ntikam\u0131"},"content":{"rendered":"<p>Karanl\u0131ktan da kara g\u00fcnler kap\u0131da! Ulu Avalon Diyar\u0131\u2019n\u0131n ba\u015f\u0131 hi\u00e7 olmad\u0131\u011f\u0131 kadar dertte. Anla\u015fmazl\u0131klar, kavgalar, sava\u015flar ve salg\u0131nlar art arda patlak verirken eli kolu ba\u011flanan Basilgarrad ne yapaca\u011f\u0131n\u0131 \u015fa\u015f\u0131rm\u0131\u015f durumda. Ate\u015f ejderhalar\u0131 bitmek bilmeyen sald\u0131r\u0131lar yap\u0131yor, kim oldu\u011fu belirsiz d\u00fc\u015fmanlar elflere sald\u0131r\u0131yor, Avalon\u2019daki t\u00fcm \u0131rklar birbirlerine ard\u0131 ard\u0131na sava\u015flar ilan ediyor. O da yetmezmi\u015f gibi y\u00fcce b\u00fcy\u00fcc\u00fc Merlin, Avalon\u2019u ve muhaf\u0131z\u0131n\u0131 ard\u0131nda hi\u00e7bir iz b\u0131rakmaks\u0131z\u0131n kendi kaderine terk edip gitti. Bunlara neyin sebep oldu\u011funu, deh\u015fet verici hadiselerin as\u0131l nedenini \u00f6\u011frenememek her zamankinden daha b\u00fcy\u00fck bir tehlikeye gebe. T\u00fcm ya\u015fam sona ermek, Avalon par\u00e7alara ayr\u0131lmak \u00fczere! Tabii, birileri bu cinnete bir dur demedi\u011fi s\u00fcrece.<\/p>\n","protected":false},"excerpt":{"rendered":"<p>Karanl\u0131ktan da kara g\u00fcnler kap\u0131da! Ulu Avalon Diyar\u0131\u2019n\u0131n ba\u015f\u0131 hi\u00e7 olmad\u0131\u011f\u0131 kadar dertte. Anla\u015fmazl\u0131klar, kavgalar, sava\u015flar ve salg\u0131nlar art arda patlak verirken eli kolu ba\u011flanan Basilgarrad<span class=\"excerpt-hellip\"> [\u2026]<\/span><\/p>\n","protected":false},"featured_media":0,"template":"","meta":{"_monsterinsights_skip_tracking":false,"_monsterinsights_sitenote_active":false,"_monsterinsights_sitenote_note":"","_monsterinsights_sitenote_category":0},"product_brand":[],"product_cat":[12291,14777],"product_tag":[],"class_list":{"0":"post-770066","1":"product","2":"type-product","3":"status-publish","5":"product_cat-edebiyat","6":"product_cat-fantastik","7":"pa_cilt-ciltsiz","8":"pa_tur-kitap","9":"pa_yayinevi-parodi-yayinlari","10":"pa_yazar-t-a-barron","12":"first","13":"instock","14":"sale","15":"shipping-taxable","16":"purchasable","17":"product-type-simple"},"_links":{"self":[{"href":"https:\/\/roveyayinevi.com.tr\/index.php\/wp-json\/wp\/v2\/product\/770066","targetHints":{"allow":["GET"]}}],"collection":[{"href":"https:\/\/roveyayinevi.com.tr\/index.php\/wp-json\/wp\/v2\/product"}],"about":[{"href":"https:\/\/roveyayinevi.com.tr\/index.php\/wp-json\/wp\/v2\/types\/product"}],"wp:attachment":[{"href":"https:\/\/roveyayinevi.com.tr\/index.php\/wp-json\/wp\/v2\/media?parent=770066"}],"wp:term":[{"taxonomy":"product_brand","embeddable":true,"href":"https:\/\/roveyayinevi.com.tr\/index.php\/wp-json\/wp\/v2\/product_brand?post=770066"},{"taxonomy":"product_cat","embeddable":true,"href":"https:\/\/roveyayinevi.com.tr\/index.php\/wp-json\/wp\/v2\/product_cat?post=770066"},{"taxonomy":"product_tag","embeddable":true,"href":"https:\/\/roveyayinevi.com.tr\/index.php\/wp-json\/wp\/v2\/product_tag?post=770066"}],"curies":[{"name":"wp","href":"https:\/\/api.w.org\/{rel}","templated":true}]}}