{"id":770064,"date":"2025-08-28T14:16:45","date_gmt":"2025-08-28T11:16:45","guid":{"rendered":"https:\/\/roveyayinevi.com.tr\/index.php\/urun\/kivilcimla-alev-arasinda-isilti-serisi-2-kitap\/"},"modified":"2026-04-15T03:36:30","modified_gmt":"2026-04-15T00:36:30","slug":"kivilcimla-alev-arasinda-isilti-serisi-2-kitap","status":"publish","type":"product","link":"https:\/\/roveyayinevi.com.tr\/index.php\/urun\/kivilcimla-alev-arasinda-isilti-serisi-2-kitap\/","title":{"rendered":"K\u0131v\u0131lc\u0131mla Alev Aras\u0131nda (I\u015f\u0131lt\u0131 Serisi &#8211; 2.Kitap)"},"content":{"rendered":"<p>SEVG\u0130L\u0130 B\u00dcY\u00dcKANNEM FREDDIE B\u0130R DEFASINDA BANA, D\u00dcNYADAK\u0130 T\u00dcM KORKUYU VE DEH\u015eET\u0130 \u015eEYTAN\u2019IN YARATTI\u011eINI S\u00d6YLEM\u0130\u015eT\u0130.FAKAT \u015eEYTAN\u2019IN KEND\u0130S\u0130 DE B\u0130R KERES\u0130NDE KULA\u011eIMA, B\u0130Z\u0130 KORKUTAN B\u0130R\u0130N\u0130, A\u011eLATAN B\u0130R\u0130NDEN \u00c7OK DAHA KOLAY AFFEDEB\u0130LECE\u011e\u0130M\u0130Z\u0130 FISILDAMI\u015eTI.VE RIVER BANA HER \u0130K\u0130S\u0130N\u0130 DE YA\u015eATMI\u015eTI.O g\u00fcnden sonraki aylar\u0131m\u0131 bekleyerek ge\u00e7irdim. Yava\u015f yava\u015f \u00e7\u00fcr\u00fcyen malik\u00e2nemizin geni\u015f verandas\u0131nda, u\u00e7urumun dibindeki k\u00fc\u00e7\u00fck gizli plaj\u0131m\u0131zda, o hain misafir evinde\u2026  \u00dcstelik sab\u0131rs\u0131zlanmaya ba\u015flam\u0131\u015ft\u0131m. Ge\u00e7en yaz, a\u015fk\u0131 ve deh\u015feti ayn\u0131 anda tatm\u0131\u015ft\u0131m ve bu duygu dama\u011f\u0131mda ho\u015f bir tat b\u0131rakm\u0131\u015ft\u0131. \u015eimdiyse bir yere gitmek istiyordum. Herhangi bir yere\u2026 Bir \u015feyler olsun istiyordum. Kemiklerime kadar korkudan titremek ve korkular\u0131mla y\u00fczle\u015fmek istiyordum. Yaralanmak istiyordum.    Yara bere i\u00e7inde kalmak\u2026<\/p>\n","protected":false},"excerpt":{"rendered":"<p>SEVG\u0130L\u0130 B\u00dcY\u00dcKANNEM FREDDIE B\u0130R DEFASINDA BANA, D\u00dcNYADAK\u0130 T\u00dcM KORKUYU VE DEH\u015eET\u0130 \u015eEYTAN\u2019IN YARATTI\u011eINI S\u00d6YLEM\u0130\u015eT\u0130.FAKAT \u015eEYTAN\u2019IN KEND\u0130S\u0130 DE B\u0130R KERES\u0130NDE KULA\u011eIMA, B\u0130Z\u0130 KORKUTAN B\u0130R\u0130N\u0130, A\u011eLATAN B\u0130R\u0130NDEN \u00c7OK<span class=\"excerpt-hellip\"> [\u2026]<\/span><\/p>\n","protected":false},"featured_media":0,"template":"","meta":{"_monsterinsights_skip_tracking":false,"_monsterinsights_sitenote_active":false,"_monsterinsights_sitenote_note":"","_monsterinsights_sitenote_category":0},"product_brand":[],"product_cat":[12291,12711],"product_tag":[],"class_list":{"0":"post-770064","1":"product","2":"type-product","3":"status-publish","5":"product_cat-edebiyat","6":"product_cat-roman-oyku","7":"pa_cilt-ciltsiz","8":"pa_tur-kitap","9":"pa_yayinevi-parodi-yayinlari","10":"pa_yazar-april-genevieve-tucholke","12":"first","13":"instock","14":"sale","15":"shipping-taxable","16":"purchasable","17":"product-type-simple"},"_links":{"self":[{"href":"https:\/\/roveyayinevi.com.tr\/index.php\/wp-json\/wp\/v2\/product\/770064","targetHints":{"allow":["GET"]}}],"collection":[{"href":"https:\/\/roveyayinevi.com.tr\/index.php\/wp-json\/wp\/v2\/product"}],"about":[{"href":"https:\/\/roveyayinevi.com.tr\/index.php\/wp-json\/wp\/v2\/types\/product"}],"wp:attachment":[{"href":"https:\/\/roveyayinevi.com.tr\/index.php\/wp-json\/wp\/v2\/media?parent=770064"}],"wp:term":[{"taxonomy":"product_brand","embeddable":true,"href":"https:\/\/roveyayinevi.com.tr\/index.php\/wp-json\/wp\/v2\/product_brand?post=770064"},{"taxonomy":"product_cat","embeddable":true,"href":"https:\/\/roveyayinevi.com.tr\/index.php\/wp-json\/wp\/v2\/product_cat?post=770064"},{"taxonomy":"product_tag","embeddable":true,"href":"https:\/\/roveyayinevi.com.tr\/index.php\/wp-json\/wp\/v2\/product_tag?post=770064"}],"curies":[{"name":"wp","href":"https:\/\/api.w.org\/{rel}","templated":true}]}}