{"id":770060,"date":"2025-08-28T14:16:37","date_gmt":"2025-08-28T11:16:37","guid":{"rendered":"https:\/\/roveyayinevi.com.tr\/index.php\/urun\/birdenbire-3\/"},"modified":"2026-04-15T03:36:30","modified_gmt":"2026-04-15T00:36:30","slug":"birdenbire-3","status":"publish","type":"product","link":"https:\/\/roveyayinevi.com.tr\/index.php\/urun\/birdenbire-3\/","title":{"rendered":"Birdenbire"},"content":{"rendered":"<p>Sizin i\u00e7in, insan karde\u015flerim,Her \u015fey sizin i\u00e7in;Gece de sizin i\u00e7in, g\u00fcnd\u00fcz de;G\u00fcnd\u00fcz g\u00fcn \u0131\u015f\u0131\u011f\u0131, gece ay \u0131\u015f\u0131\u011f\u0131;Sizin i\u00e7in mezarlar, mezar ta\u015flar\u0131,Hapishaneler, kelep\u00e7eler, idam cezalar\u0131;Sizin i\u00e7in;Her \u015fey sizin i\u00e7in.Her \u015feyin insanlar i\u00e7in oldu\u011funa inan\u0131r. \u0130yinin de k\u00f6t\u00fcn\u00fcn de\u2026G\u00fczelin de \u00e7irkinin de\u2026 Mutluluk da insanlar i\u00e7indir mutsuzluk da\u2026Hayat aklarla, karalarla hayatt\u0131r \u00e7\u00fcnk\u00fc. Ve grilerle\u2026Bundand\u0131r ki Orhan Veli bazen bahtiyard\u0131r bazen bedbahtfakat illaki umutlu. \u00c7\u00fcnk\u00fc i\u015fi g\u00fcc\u00fc budur onun; herkes uykudayken g\u00f6ky\u00fcz\u00fcn\u00fc boyamak her sabah uyand\u0131klar\u0131nda masmavi g\u00f6r\u00fcp umutlans\u0131nlar diye\u2026G\u00f6\u011f\u00fc, vefat\u0131n\u0131n ard\u0131ndan bile her sabah maviye boyamay\u0131 s\u00fcrd\u00fcren b\u00fcy\u00fck \u015fair Orhan Veli\u2019nin \u015fiirlerinden bir se\u00e7ki&#8230;<\/p>\n","protected":false},"excerpt":{"rendered":"<p>Sizin i\u00e7in, insan karde\u015flerim,Her \u015fey sizin i\u00e7in;Gece de sizin i\u00e7in, g\u00fcnd\u00fcz de;G\u00fcnd\u00fcz g\u00fcn \u0131\u015f\u0131\u011f\u0131, gece ay \u0131\u015f\u0131\u011f\u0131;Sizin i\u00e7in mezarlar, mezar ta\u015flar\u0131,Hapishaneler, kelep\u00e7eler, idam cezalar\u0131;Sizin i\u00e7in;Her \u015fey<span class=\"excerpt-hellip\"> [\u2026]<\/span><\/p>\n","protected":false},"featured_media":0,"template":"","meta":{"_monsterinsights_skip_tracking":false,"_monsterinsights_sitenote_active":false,"_monsterinsights_sitenote_note":"","_monsterinsights_sitenote_category":0},"product_brand":[],"product_cat":[12291,12509],"product_tag":[],"class_list":{"0":"post-770060","1":"product","2":"type-product","3":"status-publish","5":"product_cat-edebiyat","6":"product_cat-siir","7":"pa_cilt-ciltsiz","8":"pa_tur-kitap","9":"pa_yayinevi-parodi-yayinlari","10":"pa_yazar-orhan-veli-kanik","12":"first","13":"instock","14":"sale","15":"shipping-taxable","16":"purchasable","17":"product-type-simple"},"_links":{"self":[{"href":"https:\/\/roveyayinevi.com.tr\/index.php\/wp-json\/wp\/v2\/product\/770060","targetHints":{"allow":["GET"]}}],"collection":[{"href":"https:\/\/roveyayinevi.com.tr\/index.php\/wp-json\/wp\/v2\/product"}],"about":[{"href":"https:\/\/roveyayinevi.com.tr\/index.php\/wp-json\/wp\/v2\/types\/product"}],"wp:attachment":[{"href":"https:\/\/roveyayinevi.com.tr\/index.php\/wp-json\/wp\/v2\/media?parent=770060"}],"wp:term":[{"taxonomy":"product_brand","embeddable":true,"href":"https:\/\/roveyayinevi.com.tr\/index.php\/wp-json\/wp\/v2\/product_brand?post=770060"},{"taxonomy":"product_cat","embeddable":true,"href":"https:\/\/roveyayinevi.com.tr\/index.php\/wp-json\/wp\/v2\/product_cat?post=770060"},{"taxonomy":"product_tag","embeddable":true,"href":"https:\/\/roveyayinevi.com.tr\/index.php\/wp-json\/wp\/v2\/product_tag?post=770060"}],"curies":[{"name":"wp","href":"https:\/\/api.w.org\/{rel}","templated":true}]}}