{"id":770059,"date":"2025-08-28T14:16:34","date_gmt":"2025-08-28T11:16:34","guid":{"rendered":"https:\/\/roveyayinevi.com.tr\/index.php\/urun\/garip-4\/"},"modified":"2026-04-15T03:36:30","modified_gmt":"2026-04-15T00:36:30","slug":"garip-4","status":"publish","type":"product","link":"https:\/\/roveyayinevi.com.tr\/index.php\/urun\/garip-4\/","title":{"rendered":"Garip"},"content":{"rendered":"<p>Bir yer var, biliyorum;Her \u015feyi s\u00f6ylemek m\u00fcmk\u00fcn;Epeyce yakla\u015fm\u0131\u015f\u0131m, duyuyorum;Anlatam\u0131yorum.Fakat anlat\u0131r. Her \u015feyi s\u00f6ylemenin m\u00fcmk\u00fcn oldu\u011fu o yeri bulur, yola viran olur ve sonunda oraya var\u0131r. Her nisan bir ya\u015f daha gen\u00e7, her bahar biraz daha \u00e2\u015f\u0131k bir adamd\u0131r o ve ne kadar sever insanlar\u0131, ya\u015famay\u0131, g\u00fczel havalar\u0131\u2026Anlat\u0131r, anlat\u0131r; \u00f6yle bir anlatmakt\u0131r ki onunki sonunda T\u00fcrk \u015fiirinin en g\u00fc\u00e7l\u00fc \u015fairlerinden biri olur.D\u00fcnyay\u0131 bamba\u015fka g\u00f6zlerle bakt\u0131\u011f\u0131 bir pencereden seyrettikleriyle anlatmay\u0131 ye\u011fleyen b\u00fcy\u00fck \u015fair Orhan Veli\u2019nin \u00f6l\u00fcms\u00fcz \u015fiirlerinden bir se\u00e7ki\u2026<\/p>\n","protected":false},"excerpt":{"rendered":"<p>Bir yer var, biliyorum;Her \u015feyi s\u00f6ylemek m\u00fcmk\u00fcn;Epeyce yakla\u015fm\u0131\u015f\u0131m, duyuyorum;Anlatam\u0131yorum.Fakat anlat\u0131r. Her \u015feyi s\u00f6ylemenin m\u00fcmk\u00fcn oldu\u011fu o yeri bulur, yola viran olur ve sonunda oraya var\u0131r. Her<span class=\"excerpt-hellip\"> [\u2026]<\/span><\/p>\n","protected":false},"featured_media":0,"template":"","meta":{"_monsterinsights_skip_tracking":false,"_monsterinsights_sitenote_active":false,"_monsterinsights_sitenote_note":"","_monsterinsights_sitenote_category":0},"product_brand":[],"product_cat":[12291,12509],"product_tag":[],"class_list":{"0":"post-770059","1":"product","2":"type-product","3":"status-publish","5":"product_cat-edebiyat","6":"product_cat-siir","7":"pa_cilt-ciltsiz","8":"pa_tur-kitap","9":"pa_yayinevi-parodi-yayinlari","10":"pa_yazar-orhan-veli-kanik","12":"first","13":"instock","14":"sale","15":"shipping-taxable","16":"purchasable","17":"product-type-simple"},"_links":{"self":[{"href":"https:\/\/roveyayinevi.com.tr\/index.php\/wp-json\/wp\/v2\/product\/770059","targetHints":{"allow":["GET"]}}],"collection":[{"href":"https:\/\/roveyayinevi.com.tr\/index.php\/wp-json\/wp\/v2\/product"}],"about":[{"href":"https:\/\/roveyayinevi.com.tr\/index.php\/wp-json\/wp\/v2\/types\/product"}],"wp:attachment":[{"href":"https:\/\/roveyayinevi.com.tr\/index.php\/wp-json\/wp\/v2\/media?parent=770059"}],"wp:term":[{"taxonomy":"product_brand","embeddable":true,"href":"https:\/\/roveyayinevi.com.tr\/index.php\/wp-json\/wp\/v2\/product_brand?post=770059"},{"taxonomy":"product_cat","embeddable":true,"href":"https:\/\/roveyayinevi.com.tr\/index.php\/wp-json\/wp\/v2\/product_cat?post=770059"},{"taxonomy":"product_tag","embeddable":true,"href":"https:\/\/roveyayinevi.com.tr\/index.php\/wp-json\/wp\/v2\/product_tag?post=770059"}],"curies":[{"name":"wp","href":"https:\/\/api.w.org\/{rel}","templated":true}]}}