{"id":770055,"date":"2025-08-28T14:16:25","date_gmt":"2025-08-28T11:16:25","guid":{"rendered":"https:\/\/roveyayinevi.com.tr\/index.php\/urun\/1984-32\/"},"modified":"2026-04-15T03:36:30","modified_gmt":"2026-04-15T00:36:30","slug":"1984-32","status":"publish","type":"product","link":"https:\/\/roveyayinevi.com.tr\/index.php\/urun\/1984-32\/","title":{"rendered":"1984"},"content":{"rendered":"<p>\u00c7\u0131kard\u0131\u011f\u0131n\u0131z her sesin dinlenece\u011fi, her hareketinizin g\u00f6zetlenece\u011fi varsay\u0131m\u0131yla ya\u015famal\u0131yd\u0131n\u0131z \u00e7\u00fcnk\u00fc sizi ne zaman izlediklerini asla bilemezdiniz. \u0130draki en geli\u015fkin olan\u0131n en \u00e7ok yan\u0131ld\u0131\u011f\u0131, en zekinin akl\u0131n\u0131 yitirmeye en yak\u0131n ki\u015fi oldu\u011fu, korkunun kar\u0131\u015fmad\u0131\u011f\u0131 tek bir duygu bulamayaca\u011f\u0131n\u0131z bir d\u00fcnyayd\u0131 buras\u0131.Sorgulamaman\u0131z, konu\u015fmaman\u0131z hatta d\u00fc\u015f\u00fcnmemeniz gereken bir yer. Saklanacak bir s\u0131rr\u0131n\u0131z varsa evvela kendinizden saklamal\u0131yd\u0131n\u0131z \u00e7\u00fcnk\u00fc en b\u00fcy\u00fck d\u00fc\u015fman\u0131n\u0131z kendi zihniniz, kendi sinir sisteminizdi. Ve en ba\u015fta o, can\u0131n\u0131za kastedebilirdi.Usta yazar George Orwell, 1984\u2019te k\u00e2bus gibi bir gelecek \u00e7izer  ve yalanlar\u0131n ger\u00e7eklere d\u00f6n\u00fc\u015ft\u00fc\u011f\u00fc bir d\u00fcnya yarat\u0131r. Birey olman\u0131n, d\u00fc\u015f\u00fcnmenin, \u00f6zg\u00fcrce konu\u015fabilmenin, h\u00fcr iradenin ne denli \u00f6nemli oldu\u011funu g\u00f6zler \u00f6n\u00fcne sererken bir yandan da insano\u011flunun geldi\u011fi noktay\u0131 ele\u015ftirir ve herkesi durup yar\u0131n\u0131n d\u00fcnyas\u0131n\u0131 d\u00fc\u015f\u00fcnmeleri gerekti\u011fi konusunda uyar\u0131r.<\/p>\n","protected":false},"excerpt":{"rendered":"<p>\u00c7\u0131kard\u0131\u011f\u0131n\u0131z her sesin dinlenece\u011fi, her hareketinizin g\u00f6zetlenece\u011fi varsay\u0131m\u0131yla ya\u015famal\u0131yd\u0131n\u0131z \u00e7\u00fcnk\u00fc sizi ne zaman izlediklerini asla bilemezdiniz. \u0130draki en geli\u015fkin olan\u0131n en \u00e7ok yan\u0131ld\u0131\u011f\u0131, en zekinin akl\u0131n\u0131<span class=\"excerpt-hellip\"> [\u2026]<\/span><\/p>\n","protected":false},"featured_media":0,"template":"","meta":{"_monsterinsights_skip_tracking":false,"_monsterinsights_sitenote_active":false,"_monsterinsights_sitenote_note":"","_monsterinsights_sitenote_category":0},"product_brand":[],"product_cat":[12291,12711],"product_tag":[],"class_list":{"0":"post-770055","1":"product","2":"type-product","3":"status-publish","5":"product_cat-edebiyat","6":"product_cat-roman-oyku","7":"pa_cilt-ciltsiz","8":"pa_tur-kitap","9":"pa_yayinevi-parodi-yayinlari","10":"pa_yazar-george-orwell","12":"first","13":"instock","14":"sale","15":"shipping-taxable","16":"purchasable","17":"product-type-simple"},"_links":{"self":[{"href":"https:\/\/roveyayinevi.com.tr\/index.php\/wp-json\/wp\/v2\/product\/770055","targetHints":{"allow":["GET"]}}],"collection":[{"href":"https:\/\/roveyayinevi.com.tr\/index.php\/wp-json\/wp\/v2\/product"}],"about":[{"href":"https:\/\/roveyayinevi.com.tr\/index.php\/wp-json\/wp\/v2\/types\/product"}],"wp:attachment":[{"href":"https:\/\/roveyayinevi.com.tr\/index.php\/wp-json\/wp\/v2\/media?parent=770055"}],"wp:term":[{"taxonomy":"product_brand","embeddable":true,"href":"https:\/\/roveyayinevi.com.tr\/index.php\/wp-json\/wp\/v2\/product_brand?post=770055"},{"taxonomy":"product_cat","embeddable":true,"href":"https:\/\/roveyayinevi.com.tr\/index.php\/wp-json\/wp\/v2\/product_cat?post=770055"},{"taxonomy":"product_tag","embeddable":true,"href":"https:\/\/roveyayinevi.com.tr\/index.php\/wp-json\/wp\/v2\/product_tag?post=770055"}],"curies":[{"name":"wp","href":"https:\/\/api.w.org\/{rel}","templated":true}]}}