{"id":770054,"date":"2025-08-28T14:16:22","date_gmt":"2025-08-28T11:16:22","guid":{"rendered":"https:\/\/roveyayinevi.com.tr\/index.php\/urun\/lewandowski-sahanin-yildizlari\/"},"modified":"2026-04-15T03:36:30","modified_gmt":"2026-04-15T00:36:30","slug":"lewandowski-sahanin-yildizlari","status":"publish","type":"product","link":"https:\/\/roveyayinevi.com.tr\/index.php\/urun\/lewandowski-sahanin-yildizlari\/","title":{"rendered":"Lewandowski &#8211; Sahan\u0131n Y\u0131ld\u0131zlar\u0131"},"content":{"rendered":"<p>2023 y\u0131l\u0131 g\u00fcncel bilgileriyle!Sporcu bir anne baban\u0131n o\u011flu olan Lewandowski\u2019nin kan\u0131na i\u015flemi\u015fti futbol a\u015fk\u0131. En b\u00fcy\u00fck hayali t\u0131pk\u0131 ailesi gibioynad\u0131\u011f\u0131 topun hakk\u0131n\u0131 verebilmek ve say\u0131s\u0131z ba\u015far\u0131lar kazanmakt\u0131. Ne var ki erken ba\u015flad\u0131\u011f\u0131 futbol hayat\u0131 daha onyedi ya\u015f\u0131nda ufak sars\u0131nt\u0131larla kar\u015f\u0131 kar\u015f\u0131ya kalm\u0131\u015ft\u0131.Ama o asla y\u0131lmad\u0131; d\u00fc\u015ft\u00fc\u011f\u00fc basamaklar\u0131 tekrardan \u00e7\u0131kmakla kalmay\u0131p ad\u0131n\u0131 d\u00fcnyan\u0131n en iyileri aras\u0131na bileyazd\u0131rmay\u0131 ba\u015fard\u0131. Gol atmak art\u0131k onun i\u00e7in i\u00e7g\u00fcd\u00fcsel bir hareket gibiydi. Top daha aya\u011f\u0131na gelmeden kaleninneresine vuraca\u011f\u0131n\u0131 biliyordu. Tek bir golle asla yetinmez; daima daha fazlas\u0131n\u0131 isterdi.Gitti\u011fi her tak\u0131m\u0131 bir \u00fcst seviyeye ta\u015f\u0131yan, att\u0131\u011f\u0131 gollerle taraftarlar\u0131 \u015faha kald\u0131ran, Polonya\u2019n\u0131n gururu Robert\u2019\u0131n,\u2018Gol Makinesi\u2019 Lewandowski\u2019ye d\u00f6n\u00fc\u015f\u00fcn\u00fcn hik\u00e2yesiyle futbolun vazge\u00e7ilmezli\u011fine tan\u0131k olacaks\u0131n\u0131z!<\/p>\n","protected":false},"excerpt":{"rendered":"<p>2023 y\u0131l\u0131 g\u00fcncel bilgileriyle!Sporcu bir anne baban\u0131n o\u011flu olan Lewandowski\u2019nin kan\u0131na i\u015flemi\u015fti futbol a\u015fk\u0131. En b\u00fcy\u00fck hayali t\u0131pk\u0131 ailesi gibioynad\u0131\u011f\u0131 topun hakk\u0131n\u0131 verebilmek ve say\u0131s\u0131z ba\u015far\u0131lar<span class=\"excerpt-hellip\"> [\u2026]<\/span><\/p>\n","protected":false},"featured_media":0,"template":"","meta":{"_monsterinsights_skip_tracking":false,"_monsterinsights_sitenote_active":false,"_monsterinsights_sitenote_note":"","_monsterinsights_sitenote_category":0},"product_brand":[],"product_cat":[14009,12291],"product_tag":[],"class_list":{"0":"post-770054","1":"product","2":"type-product","3":"status-publish","5":"product_cat-biyografi-otobiyografi-edebiyat","6":"product_cat-edebiyat","7":"pa_cilt-ciltsiz","8":"pa_tur-kitap","9":"pa_yayinevi-parodi-yayinlari","10":"pa_yazar-harry-coninx","12":"first","13":"instock","14":"sale","15":"shipping-taxable","16":"purchasable","17":"product-type-simple"},"_links":{"self":[{"href":"https:\/\/roveyayinevi.com.tr\/index.php\/wp-json\/wp\/v2\/product\/770054","targetHints":{"allow":["GET"]}}],"collection":[{"href":"https:\/\/roveyayinevi.com.tr\/index.php\/wp-json\/wp\/v2\/product"}],"about":[{"href":"https:\/\/roveyayinevi.com.tr\/index.php\/wp-json\/wp\/v2\/types\/product"}],"wp:attachment":[{"href":"https:\/\/roveyayinevi.com.tr\/index.php\/wp-json\/wp\/v2\/media?parent=770054"}],"wp:term":[{"taxonomy":"product_brand","embeddable":true,"href":"https:\/\/roveyayinevi.com.tr\/index.php\/wp-json\/wp\/v2\/product_brand?post=770054"},{"taxonomy":"product_cat","embeddable":true,"href":"https:\/\/roveyayinevi.com.tr\/index.php\/wp-json\/wp\/v2\/product_cat?post=770054"},{"taxonomy":"product_tag","embeddable":true,"href":"https:\/\/roveyayinevi.com.tr\/index.php\/wp-json\/wp\/v2\/product_tag?post=770054"}],"curies":[{"name":"wp","href":"https:\/\/api.w.org\/{rel}","templated":true}]}}