{"id":770053,"date":"2025-08-28T14:16:20","date_gmt":"2025-08-28T11:16:20","guid":{"rendered":"https:\/\/roveyayinevi.com.tr\/index.php\/urun\/akilli-ati\/"},"modified":"2026-04-15T03:36:30","modified_gmt":"2026-04-15T00:36:30","slug":"akilli-ati","status":"publish","type":"product","link":"https:\/\/roveyayinevi.com.tr\/index.php\/urun\/akilli-ati\/","title":{"rendered":"Ak\u0131ll\u0131 Ati"},"content":{"rendered":"<p>\u00c7ok \u00f6fkeli g\u00f6r\u00fcnen birinin asl\u0131nda \u00e7ok k\u0131r\u0131lm\u0131\u015f olabilece\u011fini hi\u00e7 d\u00fc\u015f\u00fcnd\u00fcn\u00fcz m\u00fc? Peki ya pelerinli bir s\u00fcper kahraman gelip i\u00e7imizdeki \u00fcz\u00fcnt\u00fcye \u015fefkatlice dokunsa nas\u0131l olurdu? Ak\u0131ll\u0131 Ati, bizi i\u00e7imizdeki duygular\u0131n ke\u015ffine dair bir yolculu\u011fa \u00e7\u0131kar\u0131yor. Uzman Klinik Psikolog Ay\u015fenur G\u00fcng\u00f6r ile Ya\u011fmur Artukma\u00e7&#8217;\u0131n \u015eema Terapi perspektifiyle ailelere, \u00e7ocuklara ve uzmanlara y\u00f6nelik bir kaynak kitap olarak haz\u0131rlad\u0131\u011f\u0131 Ak\u0131ll\u0131 Ati, \u00e7ocuklar\u0131n kendi i\u00e7lerinde ya\u015fad\u0131klar\u0131 \u00fcz\u00fcnt\u00fc, k\u0131zg\u0131nl\u0131k, mutluluk gibi duygular\u0131n\u0131 tan\u0131y\u0131p kontrol edebilmelerine yard\u0131mc\u0131 oluyor.  *Madalyon Psikiyatri Merkezince onaylanm\u0131\u015ft\u0131r.<\/p>\n","protected":false},"excerpt":{"rendered":"<p>\u00c7ok \u00f6fkeli g\u00f6r\u00fcnen birinin asl\u0131nda \u00e7ok k\u0131r\u0131lm\u0131\u015f olabilece\u011fini hi\u00e7 d\u00fc\u015f\u00fcnd\u00fcn\u00fcz m\u00fc? Peki ya pelerinli bir s\u00fcper kahraman gelip i\u00e7imizdeki \u00fcz\u00fcnt\u00fcye \u015fefkatlice dokunsa nas\u0131l olurdu? Ak\u0131ll\u0131 Ati,<span class=\"excerpt-hellip\"> [\u2026]<\/span><\/p>\n","protected":false},"featured_media":0,"template":"","meta":{"_monsterinsights_skip_tracking":false,"_monsterinsights_sitenote_active":false,"_monsterinsights_sitenote_note":"","_monsterinsights_sitenote_category":0},"product_brand":[],"product_cat":[12274,12284],"product_tag":[],"class_list":{"0":"post-770053","1":"product","2":"type-product","3":"status-publish","5":"product_cat-cocuk-ve-genclik-kitaplari","6":"product_cat-hikayeler","7":"pa_cilt-ciltsiz","8":"pa_tur-kitap","9":"pa_yayinevi-bilgi-yayinevi-cocuk","10":"pa_yazar-yagmur-artukmac-aysenur-gungor","12":"first","13":"instock","14":"sale","15":"shipping-taxable","16":"purchasable","17":"product-type-simple"},"_links":{"self":[{"href":"https:\/\/roveyayinevi.com.tr\/index.php\/wp-json\/wp\/v2\/product\/770053","targetHints":{"allow":["GET"]}}],"collection":[{"href":"https:\/\/roveyayinevi.com.tr\/index.php\/wp-json\/wp\/v2\/product"}],"about":[{"href":"https:\/\/roveyayinevi.com.tr\/index.php\/wp-json\/wp\/v2\/types\/product"}],"wp:attachment":[{"href":"https:\/\/roveyayinevi.com.tr\/index.php\/wp-json\/wp\/v2\/media?parent=770053"}],"wp:term":[{"taxonomy":"product_brand","embeddable":true,"href":"https:\/\/roveyayinevi.com.tr\/index.php\/wp-json\/wp\/v2\/product_brand?post=770053"},{"taxonomy":"product_cat","embeddable":true,"href":"https:\/\/roveyayinevi.com.tr\/index.php\/wp-json\/wp\/v2\/product_cat?post=770053"},{"taxonomy":"product_tag","embeddable":true,"href":"https:\/\/roveyayinevi.com.tr\/index.php\/wp-json\/wp\/v2\/product_tag?post=770053"}],"curies":[{"name":"wp","href":"https:\/\/api.w.org\/{rel}","templated":true}]}}