{"id":770050,"date":"2025-08-28T14:16:14","date_gmt":"2025-08-28T11:16:14","guid":{"rendered":"https:\/\/roveyayinevi.com.tr\/index.php\/urun\/fularsiz-felsefe\/"},"modified":"2026-04-15T03:36:30","modified_gmt":"2026-04-15T00:36:30","slug":"fularsiz-felsefe","status":"publish","type":"product","link":"https:\/\/roveyayinevi.com.tr\/index.php\/urun\/fularsiz-felsefe\/","title":{"rendered":"Fulars\u0131z Felsefe"},"content":{"rendered":"<p>K\u00f6t\u00fcl\u00fck dolu bir d\u00fcnyaya, fikriniz sorulmadan getirildi\u011finiz yetmiyormu\u015f gibi, ne \u00f6zg\u00fcrl\u00fc\u011f\u00fcn\u00fczden ne de ger\u00e7ekli\u011finizden emin olabiliyorsunuz. \u201cMerak etmeyin, yaln\u0131z de\u011filsiniz\u2026\u201d demek isterdim ama belki de sizden ba\u015fka herkes sahte. Varolu\u015fumuzun bu netameli \u00f6zetinde, nice zihni kurcalam\u0131\u015f d\u00f6rt \u00f6nemli mesele sakl\u0131: \u2022 Tarih \u00f6ncesinden beri s\u00fcregelen bunca k\u00f6t\u00fcl\u00fc\u011f\u00fcn ve ac\u0131n\u0131n bir anlam\u0131 var m\u0131? \u2022 Hi\u00e7birimiz burada olmay\u0131 se\u00e7mediysek, neden h\u00e2l\u00e2 \u00e7ocuk yapmay\u0131 se\u00e7iyoruz? \u2022 Kanunlara g\u00f6re i\u015fleyen bir evrende, ger\u00e7ek bir se\u00e7im yapmam\u0131z m\u00fcmk\u00fcn m\u00fc? \u2022 Peki kanunlar nereden geliyor, \u201cwhat is the Matrix ulan?\u201d   Bu sorular\u0131n her \u00e7a\u011fda taze kalmalar\u0131n\u0131n sebebi, bir yandan olabildi\u011fince ki\u015fiselken (hayat\u0131m ba\u015fka t\u00fcrl\u00fc olabilir miydi?) bir yandan da alabildi\u011fine geni\u015f \u00f6l\u00e7ekli olmalar\u0131 (\u00f6zg\u00fcrl\u00fc\u011f\u00fcn olmad\u0131\u011f\u0131 bir d\u00fcnyada adalet neye dayan\u0131r?). Mitolojiden n\u00f6rolojiye, edebiyattan kuantum fizi\u011fine kadar, herkes i\u00e7in uygun soru i\u015faretlerimiz mevcut. Tabii \u201cherkes\u201d derken kendim \u00e7al\u0131p kendim oynuyorum, yoksa siz de ger\u00e7ek de\u011filsiniz. <\/p>\n","protected":false},"excerpt":{"rendered":"<p>K\u00f6t\u00fcl\u00fck dolu bir d\u00fcnyaya, fikriniz sorulmadan getirildi\u011finiz yetmiyormu\u015f gibi, ne \u00f6zg\u00fcrl\u00fc\u011f\u00fcn\u00fczden ne de ger\u00e7ekli\u011finizden emin olabiliyorsunuz. \u201cMerak etmeyin, yaln\u0131z de\u011filsiniz\u2026\u201d demek isterdim ama belki de sizden<span class=\"excerpt-hellip\"> [\u2026]<\/span><\/p>\n","protected":false},"featured_media":0,"template":"","meta":{"_monsterinsights_skip_tracking":false,"_monsterinsights_sitenote_active":false,"_monsterinsights_sitenote_note":"","_monsterinsights_sitenote_category":0},"product_brand":[],"product_cat":[52477],"product_tag":[],"class_list":{"0":"post-770050","1":"product","2":"type-product","3":"status-publish","5":"product_cat-arastirma","6":"pa_cilt-ciltsiz","7":"pa_tur-kitap","8":"pa_yayinevi-epsilon-yayinlari","9":"pa_yazar-immanuel-tolstoyevski","11":"first","12":"instock","13":"sale","14":"shipping-taxable","15":"purchasable","16":"product-type-simple"},"_links":{"self":[{"href":"https:\/\/roveyayinevi.com.tr\/index.php\/wp-json\/wp\/v2\/product\/770050","targetHints":{"allow":["GET"]}}],"collection":[{"href":"https:\/\/roveyayinevi.com.tr\/index.php\/wp-json\/wp\/v2\/product"}],"about":[{"href":"https:\/\/roveyayinevi.com.tr\/index.php\/wp-json\/wp\/v2\/types\/product"}],"wp:attachment":[{"href":"https:\/\/roveyayinevi.com.tr\/index.php\/wp-json\/wp\/v2\/media?parent=770050"}],"wp:term":[{"taxonomy":"product_brand","embeddable":true,"href":"https:\/\/roveyayinevi.com.tr\/index.php\/wp-json\/wp\/v2\/product_brand?post=770050"},{"taxonomy":"product_cat","embeddable":true,"href":"https:\/\/roveyayinevi.com.tr\/index.php\/wp-json\/wp\/v2\/product_cat?post=770050"},{"taxonomy":"product_tag","embeddable":true,"href":"https:\/\/roveyayinevi.com.tr\/index.php\/wp-json\/wp\/v2\/product_tag?post=770050"}],"curies":[{"name":"wp","href":"https:\/\/api.w.org\/{rel}","templated":true}]}}