{"id":770049,"date":"2025-08-28T14:16:13","date_gmt":"2025-08-28T11:16:13","guid":{"rendered":"https:\/\/roveyayinevi.com.tr\/index.php\/urun\/milliyetcilikten-once-milletler\/"},"modified":"2026-04-15T03:36:30","modified_gmt":"2026-04-15T00:36:30","slug":"milliyetcilikten-once-milletler","status":"publish","type":"product","link":"https:\/\/roveyayinevi.com.tr\/index.php\/urun\/milliyetcilikten-once-milletler\/","title":{"rendered":"Milliyet\u00e7ilikten \u00d6nce Milletler"},"content":{"rendered":"<p>Etnik kimlik duygusunun ulus kavram\u0131n\u0131 yaratacak \u015fekilde nas\u0131l geli\u015fti\u011fine dair bir a\u00e7\u0131klama aray\u0131\u015f\u0131nda olan Armstrong, antik \u00e7a\u011flardan on dokuzuncu y\u00fczy\u0131la kadar \u0130slam ve H\u0131ristiyan k\u00fclt\u00fcrlerini analiz ediyor. Kurumlar\u0131n -\u015fehir, imparatorluk y\u00f6netimi, merkezile\u015fmenin b\u00fcrokratik zorunluluklar\u0131 ve dil b\u00f6l\u00fcnmeleri- etnisitenin geli\u015fimi \u00fczerindeki etkilerini ara\u015ft\u0131r\u0131yor. Siyaset bilimi odak noktas\u0131n\u0131, antropoloji ve sosyoloji kavramsal \u00e7er\u00e7eveyi, tarih ise kan\u0131tlar\u0131 sa\u011fl\u0131yor. Armstrong, uluslar\u0131n premodern k\u00f6kleri sorununu ele al\u0131yor. Bir ilkelci olmaktan \u00e7ok uzak sosyobiyolojik ya da psikolojik bir t\u00fcr\u00fcn izini s\u00fcren bu \u00e7al\u0131\u015fma, 1789 \u00f6ncesi \u201cmilliyet\u00e7li\u011fine\u201d dair tarihsel bir ara\u015ft\u0131rma niteli\u011fi ta\u015f\u0131yor. Uluslar\u0131n y\u00fckseli\u015finin hem dini hem de sek\u00fcler kaynaklara dayand\u0131r\u0131labilece\u011fini \u00f6ne s\u00fcrerken, siyasi a\u00e7\u0131dan, Armstrong\u2019a g\u00f6re hem Yunan polis&#8217;i hem de Roma patria&#8217;s\u0131 kimli\u011fin b\u00f6lgeselle\u015fmesi i\u00e7in bir \u015fablon sa\u011fl\u0131yor. Orta\u00e7a\u011f \u015fehirleri de etnik s\u0131n\u0131rlar\u0131n olu\u015fturulmas\u0131nda ve etnik mitlerin geli\u015ftirilmesinde rol oynam\u0131\u015ft\u0131r. Orta\u00e7a\u011f\u2019da, H\u0131ristiyan ve klasik esintili yerle\u015fik feodal d\u00fczenin y\u00fckseli\u015fi, fetih\u00e7i barbar k\u00f6kenin g\u00f6\u00e7ebe d\u00fcrt\u00fclerini yat\u0131\u015ft\u0131rm\u0131\u015ft\u0131r. Bu sava\u015f\u00e7\u0131 gruplar, belirli b\u00f6lgelerle atalar\u0131ndan kalma ba\u011flar geli\u015ftiren yerle\u015fik bir Avrupa soylulu\u011funa d\u00f6n\u00fc\u015ft\u00fc. Kentle\u015fme ve hanedanl\u0131\u011f\u0131n geni\u015flemesi, farkl\u0131 dil topluluklar\u0131n\u0131 temasa ge\u00e7irdi. B\u00f6lgeselle\u015fen k\u00fclt\u00fcr farkl\u0131l\u0131\u011f\u0131, Orta\u00e7a\u011f boyunca etnik gruplar\u0131n olu\u015fumunu destekledi. John A. Armstrong T\u00fcrkler, Araplar ve Avrupal\u0131lar aras\u0131nda \u00e7a\u011fda\u015fl\u0131k \u00f6ncesi dayan\u0131\u015fmalar\u0131n olu\u015fumunda ya\u015fam bi\u00e7imi, akrabal\u0131k, ba\u011f, din, dil ve toprak ile b\u00f6lgesel y\u00f6netim bi\u00e7imleri aras\u0131ndaki karma\u015f\u0131k ba\u011flara dair de\u011ferli bir \u00e7al\u0131\u015fma sunuyor. John A. Armstrong&#8217;un Milliyet\u00e7ilikten \u00d6nce Milletler kitab\u0131, hem milliyet\u00e7ilikten \u00f6nceki hem de milliyet\u00e7ilikten sonraki milletleri anlamak i\u00e7in \u00f6nemli bir k\u0131lavuz. <\/p>\n","protected":false},"excerpt":{"rendered":"<p>Etnik kimlik duygusunun ulus kavram\u0131n\u0131 yaratacak \u015fekilde nas\u0131l geli\u015fti\u011fine dair bir a\u00e7\u0131klama aray\u0131\u015f\u0131nda olan Armstrong, antik \u00e7a\u011flardan on dokuzuncu y\u00fczy\u0131la kadar \u0130slam ve H\u0131ristiyan k\u00fclt\u00fcrlerini analiz<span class=\"excerpt-hellip\"> [\u2026]<\/span><\/p>\n","protected":false},"featured_media":0,"template":"","meta":{"_monsterinsights_skip_tracking":false,"_monsterinsights_sitenote_active":false,"_monsterinsights_sitenote_note":"","_monsterinsights_sitenote_category":0},"product_brand":[],"product_cat":[12370,12304],"product_tag":[],"class_list":{"0":"post-770049","1":"product","2":"type-product","3":"status-publish","5":"product_cat-arastirma-inceleme","6":"product_cat-tarih","7":"pa_cilt-ciltsiz","8":"pa_tur-kitap","9":"pa_yayinevi-nika-yayinevi","10":"pa_yazar-john-alexander-armstrong","12":"first","13":"instock","14":"sale","15":"shipping-taxable","16":"purchasable","17":"product-type-simple"},"_links":{"self":[{"href":"https:\/\/roveyayinevi.com.tr\/index.php\/wp-json\/wp\/v2\/product\/770049","targetHints":{"allow":["GET"]}}],"collection":[{"href":"https:\/\/roveyayinevi.com.tr\/index.php\/wp-json\/wp\/v2\/product"}],"about":[{"href":"https:\/\/roveyayinevi.com.tr\/index.php\/wp-json\/wp\/v2\/types\/product"}],"wp:attachment":[{"href":"https:\/\/roveyayinevi.com.tr\/index.php\/wp-json\/wp\/v2\/media?parent=770049"}],"wp:term":[{"taxonomy":"product_brand","embeddable":true,"href":"https:\/\/roveyayinevi.com.tr\/index.php\/wp-json\/wp\/v2\/product_brand?post=770049"},{"taxonomy":"product_cat","embeddable":true,"href":"https:\/\/roveyayinevi.com.tr\/index.php\/wp-json\/wp\/v2\/product_cat?post=770049"},{"taxonomy":"product_tag","embeddable":true,"href":"https:\/\/roveyayinevi.com.tr\/index.php\/wp-json\/wp\/v2\/product_tag?post=770049"}],"curies":[{"name":"wp","href":"https:\/\/api.w.org\/{rel}","templated":true}]}}