{"id":770048,"date":"2025-08-28T14:16:11","date_gmt":"2025-08-28T11:16:11","guid":{"rendered":"https:\/\/roveyayinevi.com.tr\/index.php\/urun\/afrikadan-turkiyeye-goc-ve-goc-teorileri\/"},"modified":"2026-04-15T03:36:30","modified_gmt":"2026-04-15T00:36:30","slug":"afrikadan-turkiyeye-goc-ve-goc-teorileri","status":"publish","type":"product","link":"https:\/\/roveyayinevi.com.tr\/index.php\/urun\/afrikadan-turkiyeye-goc-ve-goc-teorileri\/","title":{"rendered":"Afrika\u2019dan T\u00fcrkiye\u2019ye G\u00f6\u00e7 ve G\u00f6\u00e7 Teorileri"},"content":{"rendered":"<p>T\u00fcrkiye\u2019nin son k\u0131rk y\u0131lda ald\u0131\u011f\u0131 uluslararas\u0131 g\u00f6\u00e7\u00fcn bir k\u0131sm\u0131 Sahra alt\u0131 Afrika\u2019dan kaynaklan\u0131yor. Afrika g\u00f6\u00e7\u00fcn\u00fcn de\u011fi\u015fik y\u00fczlerine \u0131\u015f\u0131k tutan on ara\u015ft\u0131rma bu kitapta, uluslararas\u0131 g\u00f6\u00e7 \u00e7al\u0131\u015fmalar\u0131n\u0131n kavramsal \u00e7er\u00e7evesini, teorik ve siyasal boyutlar\u0131n\u0131 de\u011ferlendiren bir giri\u015fle birlikte sunuluyor. \u0130ncelemeleri birbirine ba\u011flayan nitelikler, kat\u0131l\u0131mc\u0131 g\u00f6zlem ve y\u00fcz y\u00fcze ileti\u015fime dayanan ara\u015ft\u0131rma metotlar\u0131, ayr\u0131ca k\u00fcresel geli\u015fmelere ve ba\u011flant\u0131lara \u00f6zel duyarl\u0131k. Temsil edilen disiplinler, sosyoloji, antropoloji, psikoloji, medya ve k\u00fclt\u00fcr ara\u015ft\u0131rmalar\u0131, iktisat, dinler tarihi, hukuk. G\u00f6\u00e7men hayat\u0131n\u0131n daha \u00f6nce \u00fczerinde durulmam\u0131\u015f sosyal ve k\u00fclt\u00fcrel yanlar\u0131na, ya\u015fam tarz\u0131 ve ge\u00e7im kayna\u011f\u0131 \u00f6zelliklerine \u00f6nem verilmesi, T\u00fcrkiye\u2019deki on be\u015f y\u0131ll\u0131k Afrikal\u0131 g\u00f6\u00e7men varl\u0131\u011f\u0131n\u0131 belgeleyen ve yorumlayan g\u00f6rsel malzeme ve bir etnografik foto\u011fraf se\u00e7kisi, bu kitab\u0131 T\u00fcrkiye\u2019deki g\u00f6\u00e7 ara\u015ft\u0131rmalar\u0131nda benzersiz k\u0131l\u0131yor ve \u00f6nc\u00fc bir konuma yerle\u015ftiriyor. <\/p>\n","protected":false},"excerpt":{"rendered":"<p>T\u00fcrkiye\u2019nin son k\u0131rk y\u0131lda ald\u0131\u011f\u0131 uluslararas\u0131 g\u00f6\u00e7\u00fcn bir k\u0131sm\u0131 Sahra alt\u0131 Afrika\u2019dan kaynaklan\u0131yor. Afrika g\u00f6\u00e7\u00fcn\u00fcn de\u011fi\u015fik y\u00fczlerine \u0131\u015f\u0131k tutan on ara\u015ft\u0131rma bu kitapta, uluslararas\u0131 g\u00f6\u00e7 \u00e7al\u0131\u015fmalar\u0131n\u0131n<span class=\"excerpt-hellip\"> [\u2026]<\/span><\/p>\n","protected":false},"featured_media":0,"template":"","meta":{"_monsterinsights_skip_tracking":false,"_monsterinsights_sitenote_active":false,"_monsterinsights_sitenote_note":"","_monsterinsights_sitenote_category":0},"product_brand":[],"product_cat":[12835,12324],"product_tag":[],"class_list":{"0":"post-770048","1":"product","2":"type-product","3":"status-publish","5":"product_cat-genel-sosyoloji","6":"product_cat-sosyoloji","7":"pa_cilt-ciltsiz","8":"pa_tur-kitap","9":"pa_yayinevi-nika-yayinevi","10":"pa_yazar-mahir-saul","12":"first","13":"instock","14":"sale","15":"shipping-taxable","16":"purchasable","17":"product-type-simple"},"_links":{"self":[{"href":"https:\/\/roveyayinevi.com.tr\/index.php\/wp-json\/wp\/v2\/product\/770048","targetHints":{"allow":["GET"]}}],"collection":[{"href":"https:\/\/roveyayinevi.com.tr\/index.php\/wp-json\/wp\/v2\/product"}],"about":[{"href":"https:\/\/roveyayinevi.com.tr\/index.php\/wp-json\/wp\/v2\/types\/product"}],"wp:attachment":[{"href":"https:\/\/roveyayinevi.com.tr\/index.php\/wp-json\/wp\/v2\/media?parent=770048"}],"wp:term":[{"taxonomy":"product_brand","embeddable":true,"href":"https:\/\/roveyayinevi.com.tr\/index.php\/wp-json\/wp\/v2\/product_brand?post=770048"},{"taxonomy":"product_cat","embeddable":true,"href":"https:\/\/roveyayinevi.com.tr\/index.php\/wp-json\/wp\/v2\/product_cat?post=770048"},{"taxonomy":"product_tag","embeddable":true,"href":"https:\/\/roveyayinevi.com.tr\/index.php\/wp-json\/wp\/v2\/product_tag?post=770048"}],"curies":[{"name":"wp","href":"https:\/\/api.w.org\/{rel}","templated":true}]}}