{"id":770044,"date":"2025-08-28T14:16:03","date_gmt":"2025-08-28T11:16:03","guid":{"rendered":"https:\/\/roveyayinevi.com.tr\/index.php\/urun\/hatalarimizdan-ogrenmek\/"},"modified":"2026-04-15T03:36:30","modified_gmt":"2026-04-15T00:36:30","slug":"hatalarimizdan-ogrenmek","status":"publish","type":"product","link":"https:\/\/roveyayinevi.com.tr\/index.php\/urun\/hatalarimizdan-ogrenmek\/","title":{"rendered":"Hatalar\u0131m\u0131zdan \u00d6\u011frenmek"},"content":{"rendered":"<p>Hatalar\u0131n\u0131zdan \u00d6\u011frenmeye Haz\u0131r m\u0131s\u0131n\u0131z?  Hatalar\u0131m\u0131zdan \u00d6\u011frenmek: Psikanaliz ve Psikoterapide Dogman\u0131n \u00d6tesi    Psikanalizin en g\u00fc\u00e7l\u00fc yan\u0131, insan\u0131n kendisini ke\u015ffetme yolculu\u011fudur. Ancak bu yolculuk, sadece hasta i\u00e7in de\u011fil, terapist i\u00e7in de derin bir \u00f6\u011frenme s\u00fcrecidir. Patrick Casement, Hatalar\u0131m\u0131zdan \u00d6\u011frenmek ile psikoterapide yap\u0131lan hatalar\u0131 ve bu hatalar\u0131n nas\u0131l d\u00f6n\u00fc\u015ft\u00fcr\u00fcc\u00fc bir g\u00fcce sahip olabilece\u011fini ustal\u0131kla ele al\u0131yor.    B\u00fcy\u00fck bir usta olman\u0131n yolu, hatalar\u0131n\u0131zla y\u00fczle\u015fmekten ge\u00e7er.  Hatalar\u0131m\u0131zdan \u00d6\u011frenmek, terapistlerin sezgisel dinleme becerilerini geli\u015ftirmelerini, kendi \u00f6nyarg\u0131lar\u0131n\u0131n fark\u0131na varmalar\u0131n\u0131 ve dan\u0131\u015fanlar\u0131ndan \u00f6\u011frenmelerini sa\u011flayan e\u015fsiz bir rehber. Casement, ger\u00e7ek vaka \u00f6rnekleriyle terapi odas\u0131n\u0131n i\u00e7inde ya\u015fananlar\u0131 g\u00f6zler \u00f6n\u00fcne sererken, okuyucuyu da s\u00fcrecin bir par\u00e7as\u0131 haline getiriyor.  \u2022    Kendi hatalar\u0131n\u0131zdan \u00f6\u011frenerek daha iyi bir terapist olabilirsiniz.  \u2022    Sezgisel dinlemenin ve analitik fark\u0131ndal\u0131\u011f\u0131n g\u00fcc\u00fcn\u00fc ke\u015ffedebilirsiniz.  \u2022    Terap\u00f6tik ili\u015fkilerde yap\u0131lan yanl\u0131\u015flar\u0131 nas\u0131l f\u0131rsata \u00e7evirebilece\u011finizi g\u00f6rebilirsiniz.    Casement\u2019in yal\u0131n ama derinlikli anlat\u0131m\u0131, sadece terapistler i\u00e7in de\u011fil, psikolojiye ilgi duyan herkes i\u00e7in ufuk a\u00e7\u0131c\u0131 bir deneyim sunuyor. Hatalar\u0131m\u0131zdan \u00d6\u011frenmek, terapi prati\u011finizi bir \u00fcst seviyeye ta\u015f\u0131yacak ve dan\u0131\u015fanlar\u0131n\u0131za daha bilin\u00e7li bir \u015fekilde yakla\u015fman\u0131z\u0131 sa\u011flayacak bir ba\u015fyap\u0131t.    Hatalardan Ka\u00e7\u0131nmak m\u0131 Yoksa Onlardan \u00d6\u011frenmek mi?  Hatalar\u0131m\u0131zdan \u00d6\u011frenmek: Psikanaliz ve Psikoterapide Dogman\u0131n \u00d6tesiTerapi s\u00fcreci, hem dan\u0131\u015fan hem de terapist i\u00e7in s\u00fcrekli bir \u00f6\u011frenme yolculu\u011fudur. Peki ya hatalar? Onlar sadece ba\u015far\u0131s\u0131zl\u0131k m\u0131, yoksa geli\u015fimin en g\u00fc\u00e7l\u00fc kaynaklar\u0131ndan biri mi?  Patrick Casement\u2019in Hatalar\u0131m\u0131zdan \u00d6\u011frenmek kitab\u0131, terap\u00f6tik hatalar\u0131n nas\u0131l d\u00f6n\u00fc\u015ft\u00fcr\u00fcc\u00fc bir f\u0131rsata \u00e7evrilebilece\u011fini anlatan \u00e7arp\u0131c\u0131 bir rehber. Ger\u00e7ek vaka \u00f6rnekleriyle terapi odas\u0131n\u0131n kap\u0131s\u0131n\u0131 aralayan Casement, psikoterapide yap\u0131lan yanl\u0131\u015flar\u0131 cesurca ele al\u0131yor ve bu hatalardan nas\u0131l derin i\u00e7g\u00f6r\u00fcler elde edilebilece\u011fini g\u00f6steriyor.    Kimler Okumal\u0131? \u2022    Psikanalitik psikoterapistler ve dan\u0131\u015fmanlar  \u2022    Klinik psikologlar ve ruh sa\u011fl\u0131\u011f\u0131 uzmanlar\u0131  \u2022    Psikoterapi e\u011fitimi alan \u00f6\u011frenciler \u2022    Psikanaliz ve terapi s\u00fcre\u00e7lerine ilgi duyan herkes    Bu Kitab\u0131 Okuyunca Ne Kazanacaks\u0131n\u0131z?    \u2022    Daha iyi bir terapist olman\u0131n yollar\u0131n\u0131 ke\u015ffedeceksiniz.  \u2022    Sezgisel dinlemenin g\u00fcc\u00fcn\u00fc anlayarak terapi s\u00fcrecinizi derinle\u015ftireceksiniz.  \u2022    Hatalardan korkmak yerine onlar\u0131 b\u00fcy\u00fcme f\u0131rsat\u0131na d\u00f6n\u00fc\u015ft\u00fcreceksiniz.  \u2022    Dan\u0131\u015fanlar\u0131n\u0131zla daha etkili bir ba\u011f kurmay\u0131 \u00f6\u011freneceksiniz.    Terapide hata ka\u00e7\u0131n\u0131lmazd\u0131r. Peki, siz onlardan \u00f6\u011frenmeye haz\u0131r m\u0131s\u0131n\u0131z?  Casement, terapi s\u00fcrecinin idealize edilmemesi gerekti\u011fini, her terapistin hata yapabilece\u011fini ve bu hatalar\u0131n asl\u0131nda geli\u015fim i\u00e7in en de\u011ferli rehberler oldu\u011funu hat\u0131rlat\u0131yor. Hatalar\u0131m\u0131zdan \u00d6\u011frenmek, mesleki fark\u0131ndal\u0131\u011f\u0131n\u0131z\u0131 art\u0131racak ve terapi prati\u011finize yeni bir bak\u0131\u015f a\u00e7\u0131s\u0131 kazand\u0131racak bir kitap. <\/p>\n","protected":false},"excerpt":{"rendered":"<p>Hatalar\u0131n\u0131zdan \u00d6\u011frenmeye Haz\u0131r m\u0131s\u0131n\u0131z? Hatalar\u0131m\u0131zdan \u00d6\u011frenmek: Psikanaliz ve Psikoterapide Dogman\u0131n \u00d6tesi Psikanalizin en g\u00fc\u00e7l\u00fc yan\u0131, insan\u0131n kendisini ke\u015ffetme yolculu\u011fudur. Ancak bu yolculuk, sadece hasta i\u00e7in de\u011fil,<span class=\"excerpt-hellip\"> [\u2026]<\/span><\/p>\n","protected":false},"featured_media":0,"template":"","meta":{"_monsterinsights_skip_tracking":false,"_monsterinsights_sitenote_active":false,"_monsterinsights_sitenote_note":"","_monsterinsights_sitenote_category":0},"product_brand":[],"product_cat":[12357],"product_tag":[],"class_list":{"0":"post-770044","1":"product","2":"type-product","3":"status-publish","5":"product_cat-psikoloji","6":"pa_cilt-ciltsiz","7":"pa_tur-kitap","8":"pa_yayinevi-okuyan-us-yayin","9":"pa_yazar-patrick-j-casement","11":"first","12":"instock","13":"sale","14":"shipping-taxable","15":"purchasable","16":"product-type-simple"},"_links":{"self":[{"href":"https:\/\/roveyayinevi.com.tr\/index.php\/wp-json\/wp\/v2\/product\/770044","targetHints":{"allow":["GET"]}}],"collection":[{"href":"https:\/\/roveyayinevi.com.tr\/index.php\/wp-json\/wp\/v2\/product"}],"about":[{"href":"https:\/\/roveyayinevi.com.tr\/index.php\/wp-json\/wp\/v2\/types\/product"}],"wp:attachment":[{"href":"https:\/\/roveyayinevi.com.tr\/index.php\/wp-json\/wp\/v2\/media?parent=770044"}],"wp:term":[{"taxonomy":"product_brand","embeddable":true,"href":"https:\/\/roveyayinevi.com.tr\/index.php\/wp-json\/wp\/v2\/product_brand?post=770044"},{"taxonomy":"product_cat","embeddable":true,"href":"https:\/\/roveyayinevi.com.tr\/index.php\/wp-json\/wp\/v2\/product_cat?post=770044"},{"taxonomy":"product_tag","embeddable":true,"href":"https:\/\/roveyayinevi.com.tr\/index.php\/wp-json\/wp\/v2\/product_tag?post=770044"}],"curies":[{"name":"wp","href":"https:\/\/api.w.org\/{rel}","templated":true}]}}