{"id":770043,"date":"2025-08-28T14:16:02","date_gmt":"2025-08-28T11:16:02","guid":{"rendered":"https:\/\/roveyayinevi.com.tr\/index.php\/urun\/iyi-toplum-yoktur-2\/"},"modified":"2026-04-15T03:36:30","modified_gmt":"2026-04-15T00:36:30","slug":"iyi-toplum-yoktur-2","status":"publish","type":"product","link":"https:\/\/roveyayinevi.com.tr\/index.php\/urun\/iyi-toplum-yoktur-2\/","title":{"rendered":"\u0130yi Toplum Yoktur"},"content":{"rendered":"<p>Bunlar Benim Arzular\u0131m m\u0131, Yoksa Toplumun Arzular\u0131 m\u0131?  \u0130yi Toplum Yoktur    Birey olarak var olmaya \u00e7al\u0131\u015f\u0131rken i\u00e7selle\u015ftirdi\u011fimiz \u201cdo\u011fru\u201dlar asl\u0131nda kimin do\u011frular\u0131?   Nihan Kaya, \u0130yi Toplum Yoktur\u2019da, bireyin topluma uyum sa\u011flamas\u0131 ad\u0131na nas\u0131l \u015fekillendirildi\u011fini, \u00e7ocuklukta ba\u015flayan bu bast\u0131r\u0131lma s\u00fcrecinin yeti\u015fkinlikte nas\u0131l devam etti\u011fini ve kendini ger\u00e7ekle\u015ftirmeye \u00e7al\u0131\u015fan insan\u0131n \u00f6n\u00fcne \u00f6r\u00fclen g\u00f6r\u00fcnmez duvarlar\u0131 cesurca sorguluyor.    \u0130yili\u011fin ve Uyumun Bedeli: Bast\u0131r\u0131lm\u0131\u015f Benlik  Toplumun \u201ciyi\u201d dedi\u011fi \u015feyler, asl\u0131nda bireyin do\u011fas\u0131n\u0131 nas\u0131l yok ediyor? K\u00fc\u00e7\u00fck ya\u015flardan itibaren \u00f6\u011fretilen normlar, neyin do\u011fru, neyin yanl\u0131\u015f oldu\u011fu konusundaki kat\u0131 kurallar, insan\u0131 kendine yabanc\u0131la\u015ft\u0131r\u0131yor mu? Nihan Kaya, bu sorular\u0131n pe\u015fine d\u00fc\u015ferken, aile, e\u011fitim ve sosyal hayat\u0131n \u00fczerimizdeki etkilerini psikoloji ve edebiyat\u0131n kesi\u015fiminde derinlemesine inceliyor.  \u0130nsan\u0131n kendi do\u011fas\u0131na ihanet etmeden, ger\u00e7ekten \u201ckendisi\u201d olarak var olabilmesi m\u00fcmk\u00fcn m\u00fc? Kaya, toplumun \u00e7izdi\u011fi s\u0131n\u0131rlar\u0131n d\u0131\u015f\u0131na \u00e7\u0131kmak isteyenlerin ya\u015fad\u0131\u011f\u0131 i\u00e7sel \u00e7at\u0131\u015fmalara ayna tutuyor.    Bu Kitap Seni Kendinle Y\u00fczle\u015ftirecek  Kendi hayat\u0131n\u0131 ger\u00e7ekten sen mi ya\u015f\u0131yorsun yoksa sana \u00f6\u011fretilen hayat\u0131 m\u0131 s\u00fcrd\u00fcr\u00fcyorsun? Bu kitap, i\u00e7inde ya\u015fad\u0131\u011f\u0131n toplumu, aileni, e\u011fitim sistemini, gelenekleri ve hatta kendi d\u00fc\u015f\u00fcncelerini yeniden sorgulatacak.  Nihan Kaya, toplumsal normlar\u0131n \u201colmas\u0131 gereken\u201d de\u011fil, sadece bir dayatma oldu\u011funu g\u00f6sterirken, seni kendinle y\u00fczle\u015fmeye ve \u00f6zg\u00fcn benli\u011fini yeniden ke\u015ffetmeye davet ediyor. Okurken i\u00e7 d\u00fcnyana bir yolculuk yapacak, toplumun senin \u00fczerinde kurdu\u011fu bask\u0131y\u0131 fark edecek ve belki de ilk kez kendini ger\u00e7ekten anlamaya ba\u015flayacaks\u0131n.    Ger\u00e7ekten Kim Olmak \u0130sterdin?  E\u011fer bug\u00fcne kadar \u201ctoplumun iyili\u011fi i\u00e7in\u201d susmaya, uyum sa\u011flamaya, kendini bast\u0131rmaya zorland\u0131\u011f\u0131n\u0131 hissettiysen, \u0130yi Toplum Yoktur tam da ihtiyac\u0131n olan kitap olabilir.  Okuduktan sonra hayata eskisi gibi bakamayacaks\u0131n. \u00c7\u00fcnk\u00fc bazen bir kitap, insana kendi i\u00e7indeki sesi duyuracak kadar g\u00fc\u00e7l\u00fc olabilir.  \u015eimdi, kendine \u015fu soruyu sorma zaman\u0131: Ger\u00e7ekten kim olmak isterdin?<\/p>\n","protected":false},"excerpt":{"rendered":"<p>Bunlar Benim Arzular\u0131m m\u0131, Yoksa Toplumun Arzular\u0131 m\u0131? \u0130yi Toplum Yoktur Birey olarak var olmaya \u00e7al\u0131\u015f\u0131rken i\u00e7selle\u015ftirdi\u011fimiz \u201cdo\u011fru\u201dlar asl\u0131nda kimin do\u011frular\u0131? Nihan Kaya, \u0130yi Toplum Yoktur\u2019da,<span class=\"excerpt-hellip\"> [\u2026]<\/span><\/p>\n","protected":false},"featured_media":0,"template":"","meta":{"_monsterinsights_skip_tracking":false,"_monsterinsights_sitenote_active":false,"_monsterinsights_sitenote_note":"","_monsterinsights_sitenote_category":0},"product_brand":[],"product_cat":[12357],"product_tag":[],"class_list":{"0":"post-770043","1":"product","2":"type-product","3":"status-publish","5":"product_cat-psikoloji","6":"pa_cilt-ciltsiz","7":"pa_tur-kitap","8":"pa_yayinevi-okuyan-us-yayin","9":"pa_yazar-nihan-kaya","11":"first","12":"instock","13":"sale","14":"shipping-taxable","15":"purchasable","16":"product-type-simple"},"_links":{"self":[{"href":"https:\/\/roveyayinevi.com.tr\/index.php\/wp-json\/wp\/v2\/product\/770043","targetHints":{"allow":["GET"]}}],"collection":[{"href":"https:\/\/roveyayinevi.com.tr\/index.php\/wp-json\/wp\/v2\/product"}],"about":[{"href":"https:\/\/roveyayinevi.com.tr\/index.php\/wp-json\/wp\/v2\/types\/product"}],"wp:attachment":[{"href":"https:\/\/roveyayinevi.com.tr\/index.php\/wp-json\/wp\/v2\/media?parent=770043"}],"wp:term":[{"taxonomy":"product_brand","embeddable":true,"href":"https:\/\/roveyayinevi.com.tr\/index.php\/wp-json\/wp\/v2\/product_brand?post=770043"},{"taxonomy":"product_cat","embeddable":true,"href":"https:\/\/roveyayinevi.com.tr\/index.php\/wp-json\/wp\/v2\/product_cat?post=770043"},{"taxonomy":"product_tag","embeddable":true,"href":"https:\/\/roveyayinevi.com.tr\/index.php\/wp-json\/wp\/v2\/product_tag?post=770043"}],"curies":[{"name":"wp","href":"https:\/\/api.w.org\/{rel}","templated":true}]}}