{"id":770041,"date":"2025-08-28T14:15:58","date_gmt":"2025-08-28T11:15:58","guid":{"rendered":"https:\/\/roveyayinevi.com.tr\/index.php\/urun\/ben-kendim-ve-digerleri\/"},"modified":"2026-04-15T03:36:30","modified_gmt":"2026-04-15T00:36:30","slug":"ben-kendim-ve-digerleri","status":"publish","type":"product","link":"https:\/\/roveyayinevi.com.tr\/index.php\/urun\/ben-kendim-ve-digerleri\/","title":{"rendered":"Ben Kendim ve Di\u011ferleri"},"content":{"rendered":"<p>Bug\u00fcne kadar \u201cben\u201d dedi\u011finiz \u015feyin ard\u0131nda saklanan ger\u00e7ek \u201csiz\u201di ke\u015ffetmeye cesaretiniz var m\u0131?Hepimiz, ba\u015f\u0131 ve sonu belli, i\u00e7inde \u00e7e\u015fitli roller \u00fcstlenmeye \u00e7al\u0131\u015ft\u0131\u011f\u0131m\u0131z hayat denen bir oyunun i\u00e7indeyiz. Bu \u201coyunda\u201d, b\u00fcy\u00fck travmalar hari\u00e7, a\u015fa\u011f\u0131 yukar\u0131 benzer s\u00fcre\u00e7lerden ge\u00e7iyoruz.Ben, Kendim ve Di\u011ferleri\u2019nin her b\u00f6l\u00fcm\u00fcnde, t\u0131pk\u0131 hayatta oldu\u011fu gibi, \u00f6nce sorgulay\u0131p kayboldu\u011funuz bir alana ad\u0131m at\u0131yor, ard\u0131ndan okuduklar\u0131n\u0131z ve \u00f6nerilen uygulamalarla kendinize yeni bir kap\u0131 aral\u0131yorsunuz. Sanki bir bina in\u015fa eder gibi her b\u00f6l\u00fcm, bir \u00f6ncekinden beslenerek sizi bir sonrakine haz\u0131rl\u0131yor ve sonunda kendi potansiyeline ula\u015fm\u0131\u015f bir insan\u0131n nas\u0131l biri oldu\u011funu anlaman\u0131za olanak tan\u0131yor.Bu kitap, sizi zihin ekran\u0131n\u0131zda olu\u015fturdu\u011funuz \u201cben\u201d ve \u201cdi\u011ferleri\u201d evreninin yap\u0131s\u0131n\u0131 anlamaya, kendi benlik par\u00e7alar\u0131n\u0131z\u0131, rollerinizi ke\u015ffetmeye ve bu ke\u015ffi \u00e7evrenizle uyum i\u00e7inde ya\u015famaya d\u00f6n\u00fc\u015ft\u00fcrmeye davet ediyor. Prof. Dr. Atilla Soykan; psikoloji, felsefe ve psikoterapi okullar\u0131n\u0131n \u00fcretti\u011fi bilgileri sadele\u015ftirip aktar\u0131rken ya\u015fam\u0131n her an\u0131nda kar\u015f\u0131la\u015ft\u0131\u011f\u0131m\u0131z \u201cben\u201d ve \u201c\u00f6teki\u201d aras\u0131ndaki ili\u015fkiyi de \u015fa\u015f\u0131rt\u0131c\u0131 ve d\u00fc\u015f\u00fcnd\u00fcr\u00fcc\u00fc bir \u015fekilde g\u00f6zler \u00f6n\u00fcne seriyor.\u201cBen kimim?\u201d sorusuyla ba\u015flayan bu psikolojik esneklik yolculu\u011fu, sizi bireysel fark\u0131ndal\u0131\u011fa ve daha derin bir benlik bilincine ula\u015ft\u0131racak bir ara\u00e7 olma potansiyeli ta\u015f\u0131yor..<\/p>\n","protected":false},"excerpt":{"rendered":"<p>Bug\u00fcne kadar \u201cben\u201d dedi\u011finiz \u015feyin ard\u0131nda saklanan ger\u00e7ek \u201csiz\u201di ke\u015ffetmeye cesaretiniz var m\u0131?Hepimiz, ba\u015f\u0131 ve sonu belli, i\u00e7inde \u00e7e\u015fitli roller \u00fcstlenmeye \u00e7al\u0131\u015ft\u0131\u011f\u0131m\u0131z hayat denen bir oyunun<span class=\"excerpt-hellip\"> [\u2026]<\/span><\/p>\n","protected":false},"featured_media":0,"template":"","meta":{"_monsterinsights_skip_tracking":false,"_monsterinsights_sitenote_active":false,"_monsterinsights_sitenote_note":"","_monsterinsights_sitenote_category":0},"product_brand":[],"product_cat":[12357],"product_tag":[],"class_list":{"0":"post-770041","1":"product","2":"type-product","3":"status-publish","5":"product_cat-psikoloji","6":"pa_cilt-ciltsiz","7":"pa_tur-kitap","8":"pa_yayinevi-nemesis-kitap","9":"pa_yazar-atilla-soykan","11":"first","12":"instock","13":"sale","14":"shipping-taxable","15":"purchasable","16":"product-type-simple"},"_links":{"self":[{"href":"https:\/\/roveyayinevi.com.tr\/index.php\/wp-json\/wp\/v2\/product\/770041","targetHints":{"allow":["GET"]}}],"collection":[{"href":"https:\/\/roveyayinevi.com.tr\/index.php\/wp-json\/wp\/v2\/product"}],"about":[{"href":"https:\/\/roveyayinevi.com.tr\/index.php\/wp-json\/wp\/v2\/types\/product"}],"wp:attachment":[{"href":"https:\/\/roveyayinevi.com.tr\/index.php\/wp-json\/wp\/v2\/media?parent=770041"}],"wp:term":[{"taxonomy":"product_brand","embeddable":true,"href":"https:\/\/roveyayinevi.com.tr\/index.php\/wp-json\/wp\/v2\/product_brand?post=770041"},{"taxonomy":"product_cat","embeddable":true,"href":"https:\/\/roveyayinevi.com.tr\/index.php\/wp-json\/wp\/v2\/product_cat?post=770041"},{"taxonomy":"product_tag","embeddable":true,"href":"https:\/\/roveyayinevi.com.tr\/index.php\/wp-json\/wp\/v2\/product_tag?post=770041"}],"curies":[{"name":"wp","href":"https:\/\/api.w.org\/{rel}","templated":true}]}}