{"id":770039,"date":"2025-08-28T14:15:54","date_gmt":"2025-08-28T11:15:54","guid":{"rendered":"https:\/\/roveyayinevi.com.tr\/index.php\/urun\/ilk-kelimelerim-siyah-beyaz-kitaplar-zitliklar\/"},"modified":"2026-04-15T03:36:30","modified_gmt":"2026-04-15T00:36:30","slug":"ilk-kelimelerim-siyah-beyaz-kitaplar-zitliklar","status":"publish","type":"product","link":"https:\/\/roveyayinevi.com.tr\/index.php\/urun\/ilk-kelimelerim-siyah-beyaz-kitaplar-zitliklar\/","title":{"rendered":"\u0130lk Kelimelerim Siyah Beyaz Kitaplar Z\u0131tl\u0131klar"},"content":{"rendered":"<p>\u0130lk Kelimelerim Siyah Beyaz KitaplarZ\u0131tl\u0131klarMinikler i\u00e7in y\u00fcksek kontrastl\u0131 kitaplar.Bebe\u011finizin ilk kelimelerini \u00f6\u011frenirken z\u0131tl\u0131klar\u0131 ke\u015ffetmesine yard\u0131mc\u0131 olun!&#8221;\u0130lk Kelimelerim Siyah Beyaz Kitaplar&#8221; serisi, kontrast renklerin g\u00fcc\u00fcn\u00fc kullanarak g\u00f6rsel alg\u0131y\u0131 destekliyor.&#8221;Z\u0131tl\u0131klar&#8221;, bebeklerin d\u00fcnyay\u0131 anlamalar\u0131na yard\u0131mc\u0131 olacak temel kar\u015f\u0131t kavramlar\u0131 e\u011flenceli ve anla\u015f\u0131l\u0131r g\u00f6rsellerle sunuyor.    Z\u0131tl\u0131klar\u0131:-    Gece -G\u00fcnd\u00fcz-    H\u0131zl\u0131 \u2013 Yava\u015f-    B\u00fcy\u00fck \u2013 K\u00fc\u00e7\u00fck-    \u0130\u00e7eri \u2013 D\u0131\u015far\u0131-    Uzun \u2013 K\u0131sa<\/p>\n","protected":false},"excerpt":{"rendered":"<p>\u0130lk Kelimelerim Siyah Beyaz KitaplarZ\u0131tl\u0131klarMinikler i\u00e7in y\u00fcksek kontrastl\u0131 kitaplar.Bebe\u011finizin ilk kelimelerini \u00f6\u011frenirken z\u0131tl\u0131klar\u0131 ke\u015ffetmesine yard\u0131mc\u0131 olun!&#8221;\u0130lk Kelimelerim Siyah Beyaz Kitaplar&#8221; serisi, kontrast renklerin g\u00fcc\u00fcn\u00fc kullanarak g\u00f6rsel<span class=\"excerpt-hellip\"> [\u2026]<\/span><\/p>\n","protected":false},"featured_media":0,"template":"","meta":{"_monsterinsights_skip_tracking":false,"_monsterinsights_sitenote_active":false,"_monsterinsights_sitenote_note":"","_monsterinsights_sitenote_category":0},"product_brand":[],"product_cat":[12274,12518],"product_tag":[],"class_list":{"0":"post-770039","1":"product","2":"type-product","3":"status-publish","5":"product_cat-cocuk-ve-genclik-kitaplari","6":"product_cat-okul-oncesi-kitaplar","7":"pa_cilt-ciltsiz","8":"pa_tur-kitap","9":"pa_yayinevi-ucan-fil-yayinlari","10":"pa_yazar-kolektif","12":"first","13":"instock","14":"sale","15":"shipping-taxable","16":"purchasable","17":"product-type-simple"},"_links":{"self":[{"href":"https:\/\/roveyayinevi.com.tr\/index.php\/wp-json\/wp\/v2\/product\/770039","targetHints":{"allow":["GET"]}}],"collection":[{"href":"https:\/\/roveyayinevi.com.tr\/index.php\/wp-json\/wp\/v2\/product"}],"about":[{"href":"https:\/\/roveyayinevi.com.tr\/index.php\/wp-json\/wp\/v2\/types\/product"}],"wp:attachment":[{"href":"https:\/\/roveyayinevi.com.tr\/index.php\/wp-json\/wp\/v2\/media?parent=770039"}],"wp:term":[{"taxonomy":"product_brand","embeddable":true,"href":"https:\/\/roveyayinevi.com.tr\/index.php\/wp-json\/wp\/v2\/product_brand?post=770039"},{"taxonomy":"product_cat","embeddable":true,"href":"https:\/\/roveyayinevi.com.tr\/index.php\/wp-json\/wp\/v2\/product_cat?post=770039"},{"taxonomy":"product_tag","embeddable":true,"href":"https:\/\/roveyayinevi.com.tr\/index.php\/wp-json\/wp\/v2\/product_tag?post=770039"}],"curies":[{"name":"wp","href":"https:\/\/api.w.org\/{rel}","templated":true}]}}