{"id":770038,"date":"2025-08-28T14:15:52","date_gmt":"2025-08-28T11:15:52","guid":{"rendered":"https:\/\/roveyayinevi.com.tr\/index.php\/urun\/ilk-kelimelerim-renkler\/"},"modified":"2026-04-15T03:36:30","modified_gmt":"2026-04-15T00:36:30","slug":"ilk-kelimelerim-renkler","status":"publish","type":"product","link":"https:\/\/roveyayinevi.com.tr\/index.php\/urun\/ilk-kelimelerim-renkler\/","title":{"rendered":"\u0130lk Kelimelerim Renkler"},"content":{"rendered":"<p>Minikler i\u00e7in y\u00fcksek kontrastl\u0131 kitaplar.&#8221;\u0130lk Kelimelerim Siyah Beyaz Kitaplar&#8221; serisi, bebeklerin g\u00f6rsel alg\u0131s\u0131n\u0131 destekleyen kontrast renklerle tasarland\u0131. &#8220;Renkler&#8221; kitab\u0131, siyah-beyaz arka planlar\u0131n \u00fczerine eklenen canl\u0131 renklerle bebeklerin d\u00fcnyay\u0131 ke\u015ffetmesine yard\u0131mc\u0131 oluyor.Bilimsel ara\u015ft\u0131rmalar, bebeklerin do\u011fumdan itibaren y\u00fcksek kontrastl\u0131 g\u00f6rselleri daha iyi alg\u0131lad\u0131\u011f\u0131n\u0131 g\u00f6steriyor. Bu kitap, kontrast renkler sayesinde bebeklerin dikkatini \u00e7ekerken, ilk renkleri \u00f6\u011frenmelerini kolayla\u015ft\u0131r\u0131yor.    Renkler:-    K\u0131rm\u0131z\u0131 Bukelemun &#8211;    Turuncu Kaplan-    Sar\u0131 \u015eapka-    Ye\u015fil Kakt\u00fcs-    Mavi Fil-    Mor Robot-    Pembe Kelebek-    G\u00f6kku\u015fa\u011f\u0131<\/p>\n","protected":false},"excerpt":{"rendered":"<p>Minikler i\u00e7in y\u00fcksek kontrastl\u0131 kitaplar.&#8221;\u0130lk Kelimelerim Siyah Beyaz Kitaplar&#8221; serisi, bebeklerin g\u00f6rsel alg\u0131s\u0131n\u0131 destekleyen kontrast renklerle tasarland\u0131. &#8220;Renkler&#8221; kitab\u0131, siyah-beyaz arka planlar\u0131n \u00fczerine eklenen canl\u0131 renklerle<span class=\"excerpt-hellip\"> [\u2026]<\/span><\/p>\n","protected":false},"featured_media":0,"template":"","meta":{"_monsterinsights_skip_tracking":false,"_monsterinsights_sitenote_active":false,"_monsterinsights_sitenote_note":"","_monsterinsights_sitenote_category":0},"product_brand":[],"product_cat":[12274,15842],"product_tag":[],"class_list":{"0":"post-770038","1":"product","2":"type-product","3":"status-publish","5":"product_cat-cocuk-ve-genclik-kitaplari","6":"product_cat-egitici-kitaplar","7":"pa_cilt-ciltsiz","8":"pa_tur-kitap","9":"pa_yayinevi-ucan-fil-yayinlari","10":"pa_yazar-kolektif","12":"first","13":"instock","14":"sale","15":"shipping-taxable","16":"purchasable","17":"product-type-simple"},"_links":{"self":[{"href":"https:\/\/roveyayinevi.com.tr\/index.php\/wp-json\/wp\/v2\/product\/770038","targetHints":{"allow":["GET"]}}],"collection":[{"href":"https:\/\/roveyayinevi.com.tr\/index.php\/wp-json\/wp\/v2\/product"}],"about":[{"href":"https:\/\/roveyayinevi.com.tr\/index.php\/wp-json\/wp\/v2\/types\/product"}],"wp:attachment":[{"href":"https:\/\/roveyayinevi.com.tr\/index.php\/wp-json\/wp\/v2\/media?parent=770038"}],"wp:term":[{"taxonomy":"product_brand","embeddable":true,"href":"https:\/\/roveyayinevi.com.tr\/index.php\/wp-json\/wp\/v2\/product_brand?post=770038"},{"taxonomy":"product_cat","embeddable":true,"href":"https:\/\/roveyayinevi.com.tr\/index.php\/wp-json\/wp\/v2\/product_cat?post=770038"},{"taxonomy":"product_tag","embeddable":true,"href":"https:\/\/roveyayinevi.com.tr\/index.php\/wp-json\/wp\/v2\/product_tag?post=770038"}],"curies":[{"name":"wp","href":"https:\/\/api.w.org\/{rel}","templated":true}]}}