{"id":770035,"date":"2025-08-28T14:15:44","date_gmt":"2025-08-28T11:15:44","guid":{"rendered":"https:\/\/roveyayinevi.com.tr\/index.php\/urun\/astronotun-marsin-ve-uzak-yildizlarin-yasaminda-bir-gun\/"},"modified":"2026-04-15T03:36:30","modified_gmt":"2026-04-15T00:36:30","slug":"astronotun-marsin-ve-uzak-yildizlarin-yasaminda-bir-gun","status":"publish","type":"product","link":"https:\/\/roveyayinevi.com.tr\/index.php\/urun\/astronotun-marsin-ve-uzak-yildizlarin-yasaminda-bir-gun\/","title":{"rendered":"Astronotun, Mars\u2019\u0131n ve Uzak Y\u0131ld\u0131zlar\u0131n Ya\u015fam\u0131nda Bir G\u00fcn"},"content":{"rendered":"<p>Mars&#8217;\u0131n patates \u015feklindeki UYDULARININ, B\u00dcY\u00dcK PATLAMANIN ve bir ASTRO-FAREN\u0130N ortak noktas\u0131 nedir?Her biri B\u0130R G\u00dcN\u00dcN\u00dcN nas\u0131l ge\u00e7ti\u011fini bu kitaba anlatt\u0131.Ya\u015fam\u0131nda Bir G\u00fcn serisinin arkas\u0131ndaki muhte\u015fem beyinler bu kez bizleri D\u00fcnya&#8217;n\u0131n \u00f6tesinde kahkaha ve hayret garantili bir yolculu\u011fa \u00e7\u0131kar\u0131yor.Uzayda bir yolculu\u011fa haz\u0131r m\u0131s\u0131n? Ay&#8217;\u0131n g\u00f6remedi\u011fimiz arka y\u00fcz\u00fc, \u00fcnl\u00fc uzay maymunu, r\u00fctbesini kaybeden c\u00fcce gezegen Pl\u00fcton&#8230; hepsi bir g\u00fcnlerinin nas\u0131l ge\u00e7ti\u011fini bu kitapta anlatt\u0131. Sadece onlar m\u0131?! Uzay at\u0131klar\u0131ndan yaln\u0131z teleskoba; astronot midesinden kuyruklu y\u0131ld\u0131z avc\u0131s\u0131na; J\u00fcpiter&#8217;in y\u00fczeyindeki dev f\u0131rt\u0131nalardan, Uran\u00fcs&#8217;\u00fcn silik halkalar\u0131na kadar uzayda s\u00fcr\u00fcklenen say\u0131s\u0131z cisim, alet ve canl\u0131 dile gelip bir g\u00fcnlerini bizimle payla\u015f\u0131yor. \u00c7izgi roman ile \u00e7izgi bilim s\u00fcper g\u00fc\u00e7lerini birle\u015ftirdi, ortaya t\u00fcm k\u00e2inat\u0131n en e\u011flenceli uzay kitab\u0131 \u00e7\u0131kt\u0131. O kadar e\u011flenceli ki, uzay hakk\u0131nda bunca \u015feyi ne ara \u00f6\u011frendi\u011fini anlayamayacaks\u0131n. <\/p>\n","protected":false},"excerpt":{"rendered":"<p>Mars&#8217;\u0131n patates \u015feklindeki UYDULARININ, B\u00dcY\u00dcK PATLAMANIN ve bir ASTRO-FAREN\u0130N ortak noktas\u0131 nedir?Her biri B\u0130R G\u00dcN\u00dcN\u00dcN nas\u0131l ge\u00e7ti\u011fini bu kitaba anlatt\u0131.Ya\u015fam\u0131nda Bir G\u00fcn serisinin arkas\u0131ndaki muhte\u015fem beyinler<span class=\"excerpt-hellip\"> [\u2026]<\/span><\/p>\n","protected":false},"featured_media":0,"template":"","meta":{"_monsterinsights_skip_tracking":false,"_monsterinsights_sitenote_active":false,"_monsterinsights_sitenote_note":"","_monsterinsights_sitenote_category":0},"product_brand":[],"product_cat":[13829,12274],"product_tag":[],"class_list":{"0":"post-770035","1":"product","2":"type-product","3":"status-publish","5":"product_cat-bilimsel-kitaplar","6":"product_cat-cocuk-ve-genclik-kitaplari","7":"pa_cilt-ciltsiz","8":"pa_tur-kitap","9":"pa_yayinevi-domingo-yayinevi","10":"pa_yazar-mike-barfield-jess-bradley","12":"first","13":"instock","14":"sale","15":"shipping-taxable","16":"purchasable","17":"product-type-simple"},"_links":{"self":[{"href":"https:\/\/roveyayinevi.com.tr\/index.php\/wp-json\/wp\/v2\/product\/770035","targetHints":{"allow":["GET"]}}],"collection":[{"href":"https:\/\/roveyayinevi.com.tr\/index.php\/wp-json\/wp\/v2\/product"}],"about":[{"href":"https:\/\/roveyayinevi.com.tr\/index.php\/wp-json\/wp\/v2\/types\/product"}],"wp:attachment":[{"href":"https:\/\/roveyayinevi.com.tr\/index.php\/wp-json\/wp\/v2\/media?parent=770035"}],"wp:term":[{"taxonomy":"product_brand","embeddable":true,"href":"https:\/\/roveyayinevi.com.tr\/index.php\/wp-json\/wp\/v2\/product_brand?post=770035"},{"taxonomy":"product_cat","embeddable":true,"href":"https:\/\/roveyayinevi.com.tr\/index.php\/wp-json\/wp\/v2\/product_cat?post=770035"},{"taxonomy":"product_tag","embeddable":true,"href":"https:\/\/roveyayinevi.com.tr\/index.php\/wp-json\/wp\/v2\/product_tag?post=770035"}],"curies":[{"name":"wp","href":"https:\/\/api.w.org\/{rel}","templated":true}]}}