{"id":770034,"date":"2025-08-28T14:15:41","date_gmt":"2025-08-28T11:15:41","guid":{"rendered":"https:\/\/roveyayinevi.com.tr\/index.php\/urun\/olumcul-karga\/"},"modified":"2025-11-21T11:32:51","modified_gmt":"2025-11-21T08:32:51","slug":"olumcul-karga","status":"publish","type":"product","link":"https:\/\/roveyayinevi.com.tr\/index.php\/urun\/olumcul-karga\/","title":{"rendered":"\u00d6l\u00fcmc\u00fcl Karga"},"content":{"rendered":"<p>G\u00f6kyu\u0308zu\u0308 Manzaran\u0131n u\u0308zerinde mavi. Mavi ve sonra manzara, kentsel peyzaj.   kargalar ru\u0308zg\u00e2rda soru i\u015faretleri gibi sal\u0131n\u0131yorlar   A\u011fa\u00e7lar sab\u0131rla bekliyor bir yan bak\u0131\u015f yeter, kendilerini ufuk \u00e7izgisinde bulmalar\u0131na. Dallar\u0131n yast\u0131\u011f\u0131nda su\u0308ru\u0308klenirken bulutlar.   Metaforlar \u015fehri   benim gu\u0308nu\u0308m: ba\u015f\u0131bo\u015f dola\u015fmak ya da bir pencereden \u00f6ylesine bakmak. Som gu\u0308mu\u0308\u015f \u00e7at\u0131lar u\u0308zerinde h\u00e2l\u00e2 \u00f6tede bir cennet. <\/p>\n","protected":false},"excerpt":{"rendered":"<p>G\u00f6kyu\u0308zu\u0308 Manzaran\u0131n u\u0308zerinde mavi. Mavi ve sonra manzara, kentsel peyzaj. kargalar ru\u0308zg\u00e2rda soru i\u015faretleri gibi sal\u0131n\u0131yorlar A\u011fa\u00e7lar sab\u0131rla bekliyor bir yan bak\u0131\u015f yeter, kendilerini ufuk \u00e7izgisinde<span class=\"excerpt-hellip\"> [\u2026]<\/span><\/p>\n","protected":false},"featured_media":0,"template":"","meta":{"_monsterinsights_skip_tracking":false,"_monsterinsights_sitenote_active":false,"_monsterinsights_sitenote_note":"","_monsterinsights_sitenote_category":0},"product_brand":[],"product_cat":[12291,12509],"product_tag":[],"class_list":{"0":"post-770034","1":"product","2":"type-product","3":"status-publish","5":"product_cat-edebiyat","6":"product_cat-siir","7":"pa_cilt-ciltsiz","8":"pa_tur-kitap","9":"pa_yayinevi-yitik-ulke-yayinlari","10":"pa_yazar-matthias-goritz","12":"first","13":"instock","14":"sale","15":"shipping-taxable","16":"purchasable","17":"product-type-simple"},"_links":{"self":[{"href":"https:\/\/roveyayinevi.com.tr\/index.php\/wp-json\/wp\/v2\/product\/770034","targetHints":{"allow":["GET"]}}],"collection":[{"href":"https:\/\/roveyayinevi.com.tr\/index.php\/wp-json\/wp\/v2\/product"}],"about":[{"href":"https:\/\/roveyayinevi.com.tr\/index.php\/wp-json\/wp\/v2\/types\/product"}],"wp:attachment":[{"href":"https:\/\/roveyayinevi.com.tr\/index.php\/wp-json\/wp\/v2\/media?parent=770034"}],"wp:term":[{"taxonomy":"product_brand","embeddable":true,"href":"https:\/\/roveyayinevi.com.tr\/index.php\/wp-json\/wp\/v2\/product_brand?post=770034"},{"taxonomy":"product_cat","embeddable":true,"href":"https:\/\/roveyayinevi.com.tr\/index.php\/wp-json\/wp\/v2\/product_cat?post=770034"},{"taxonomy":"product_tag","embeddable":true,"href":"https:\/\/roveyayinevi.com.tr\/index.php\/wp-json\/wp\/v2\/product_tag?post=770034"}],"curies":[{"name":"wp","href":"https:\/\/api.w.org\/{rel}","templated":true}]}}