{"id":770033,"date":"2025-08-28T14:15:38","date_gmt":"2025-08-28T11:15:38","guid":{"rendered":"https:\/\/roveyayinevi.com.tr\/index.php\/urun\/doktor-moreaunun-adasi-3\/"},"modified":"2026-04-15T03:36:30","modified_gmt":"2026-04-15T00:36:30","slug":"doktor-moreaunun-adasi-3","status":"publish","type":"product","link":"https:\/\/roveyayinevi.com.tr\/index.php\/urun\/doktor-moreaunun-adasi-3\/","title":{"rendered":"Doktor Moreau\u2019nun Adas\u0131"},"content":{"rendered":"<p>Bizi rahats\u0131z eden \u015fey birinin ac\u0131 \u00e7ekmesi midir yoksa ac\u0131s\u0131n\u0131n ses bulmas\u0131 m\u0131? Ya da bu ses sinirlerimizi alt\u00fcst etti\u011fi vakit i\u00e7imizi kaplayan merhamet duygusu mu? As\u0131l sorun bir yerlerde k\u0131yametler kopmas\u0131 m\u0131d\u0131r yoksa kopan k\u0131yametlerin ucunun bize dokunmas\u0131 m\u0131?Atlatt\u0131\u011f\u0131 gemi kazas\u0131n\u0131n ard\u0131ndan \u0131ss\u0131z bir adaya d\u00fc\u015fen Edward Prendick, daha ilk dakikadan itibaren kar\u015f\u0131la\u015ft\u0131\u011f\u0131 tuhafl\u0131klarla ve gizemlerle dolu bu adada hayatta kalma m\u00fccadelesi verir. Korkuyla ve panikle ge\u00e7en aylar boyunca can\u0131n\u0131 korumaya \u00e7al\u0131\u015f\u0131rken bir yandan da insanl\u0131\u011f\u0131 \u015fa\u015fk\u0131na d\u00f6nd\u00fcrecek birtak\u0131m s\u0131rlarla ba\u015fa \u00e7\u0131kmak zorunda kal\u0131r.Bilim kurgunun ustalar\u0131ndan H.G. Wells\u2019in etik, ilim, ac\u0131 ve insanl\u0131k gibi bir\u00e7ok konuya de\u011findi\u011fi bu t\u00fcyler \u00fcrperten hik\u00e2yesi, kontrol alt\u0131nda tutulmayan g\u00fcc\u00fcn g\u00fc\u00e7 say\u0131lmayaca\u011f\u0131n\u0131 g\u00f6sterirken ayn\u0131 zamanda bilimin k\u00f6t\u00fc niyetli ellerde nelere yol a\u00e7abilece\u011fini de g\u00f6zler \u00f6n\u00fcne seriyor.<\/p>\n","protected":false},"excerpt":{"rendered":"<p>Bizi rahats\u0131z eden \u015fey birinin ac\u0131 \u00e7ekmesi midir yoksa ac\u0131s\u0131n\u0131n ses bulmas\u0131 m\u0131? Ya da bu ses sinirlerimizi alt\u00fcst etti\u011fi vakit i\u00e7imizi kaplayan merhamet duygusu mu?<span class=\"excerpt-hellip\"> [\u2026]<\/span><\/p>\n","protected":false},"featured_media":0,"template":"","meta":{"_monsterinsights_skip_tracking":false,"_monsterinsights_sitenote_active":false,"_monsterinsights_sitenote_note":"","_monsterinsights_sitenote_category":0},"product_brand":[],"product_cat":[12291,13872],"product_tag":[],"class_list":{"0":"post-770033","1":"product","2":"type-product","3":"status-publish","5":"product_cat-edebiyat","6":"product_cat-klasikler","7":"pa_cilt-ciltsiz","8":"pa_tur-kitap","9":"pa_yayinevi-parodi-yayinlari","10":"pa_yazar-herbert-george-wells","12":"first","13":"instock","14":"sale","15":"shipping-taxable","16":"purchasable","17":"product-type-simple"},"_links":{"self":[{"href":"https:\/\/roveyayinevi.com.tr\/index.php\/wp-json\/wp\/v2\/product\/770033","targetHints":{"allow":["GET"]}}],"collection":[{"href":"https:\/\/roveyayinevi.com.tr\/index.php\/wp-json\/wp\/v2\/product"}],"about":[{"href":"https:\/\/roveyayinevi.com.tr\/index.php\/wp-json\/wp\/v2\/types\/product"}],"wp:attachment":[{"href":"https:\/\/roveyayinevi.com.tr\/index.php\/wp-json\/wp\/v2\/media?parent=770033"}],"wp:term":[{"taxonomy":"product_brand","embeddable":true,"href":"https:\/\/roveyayinevi.com.tr\/index.php\/wp-json\/wp\/v2\/product_brand?post=770033"},{"taxonomy":"product_cat","embeddable":true,"href":"https:\/\/roveyayinevi.com.tr\/index.php\/wp-json\/wp\/v2\/product_cat?post=770033"},{"taxonomy":"product_tag","embeddable":true,"href":"https:\/\/roveyayinevi.com.tr\/index.php\/wp-json\/wp\/v2\/product_tag?post=770033"}],"curies":[{"name":"wp","href":"https:\/\/api.w.org\/{rel}","templated":true}]}}