{"id":770032,"date":"2025-08-28T14:15:35","date_gmt":"2025-08-28T11:15:35","guid":{"rendered":"https:\/\/roveyayinevi.com.tr\/index.php\/urun\/dr-jekyll-ve-bay-hyde-2\/"},"modified":"2026-04-15T03:36:29","modified_gmt":"2026-04-15T00:36:29","slug":"dr-jekyll-ve-bay-hyde-2","status":"publish","type":"product","link":"https:\/\/roveyayinevi.com.tr\/index.php\/urun\/dr-jekyll-ve-bay-hyde-2\/","title":{"rendered":"Dr. Jekyll ve Bay Hyde"},"content":{"rendered":"<p>Ya k\u00f6t\u00fc diye bir \u015fey asl\u0131nda yoksa?Ya k\u00f6t\u00fcl\u00fck dilekleri, tutkular\u0131 ve do\u011fru olanlar aras\u0131nda tercih yapmak zorunda kalan birinin hezeyanlar\u0131ndan ibaretse?Bir insan ya k\u00f6t\u00fcl\u00fc\u011f\u00fc hayal ettiyse ve sava\u015ft\u0131\u011f\u0131 tek \u015fey kendisiyse?\u0130yilik de k\u00f6t\u00fcl\u00fck de tek bir ki\u015fiden meydana geliyorsa do\u011fruluk pusulas\u0131 nereyi g\u00f6sterece\u011fini \u015fa\u015f\u0131r\u0131r.Gayet sayg\u0131n ve ahlakl\u0131 bir insan olarak bilinen Doktor Jekyll\u2019\u0131n gidece\u011fi y\u00f6n\u00fc \u015fa\u015f\u0131rmas\u0131 da i\u015fte bu y\u00fczdendir.Onu as\u0131l korkutan ruhundaki iyiyle k\u00f6t\u00fcn\u00fcn \u00e7at\u0131\u015fmas\u0131nda kimin kazanaca\u011f\u0131n\u0131 kestirememesi, arzular\u0131 ve eylemleri \u00fczerindeki kontrol\u00fcn\u00fc yitirmi\u015f olmas\u0131d\u0131r. Bir \u00e7\u0131kar yol arar fakat i\u00e7indekiakla karan\u0131n sava\u015f\u0131 o kadar \u015fiddetli bir h\u00e2l al\u0131r ki kendi benli\u011finde  bir misafir olarak ya\u015famaya ba\u015flar ve kim oldu\u011funu unutur.Usta yazar Robert Louis Stevenson iyilik, k\u00f6t\u00fcl\u00fck, ahlak,  insanl\u0131k gibi bir\u00e7ok konuya de\u011findi\u011fi bu s\u0131ra d\u0131\u015f\u0131 hik\u00e2yesinde  okuru hem bu kavramlar\u0131 d\u00fc\u015f\u00fcnmeye hem de insano\u011flunun kendisiyle verdi\u011fi m\u00fccadeleyi anlamaya davet ediyor.<\/p>\n","protected":false},"excerpt":{"rendered":"<p>Ya k\u00f6t\u00fc diye bir \u015fey asl\u0131nda yoksa?Ya k\u00f6t\u00fcl\u00fck dilekleri, tutkular\u0131 ve do\u011fru olanlar aras\u0131nda tercih yapmak zorunda kalan birinin hezeyanlar\u0131ndan ibaretse?Bir insan ya k\u00f6t\u00fcl\u00fc\u011f\u00fc hayal ettiyse<span class=\"excerpt-hellip\"> [\u2026]<\/span><\/p>\n","protected":false},"featured_media":0,"template":"","meta":{"_monsterinsights_skip_tracking":false,"_monsterinsights_sitenote_active":false,"_monsterinsights_sitenote_note":"","_monsterinsights_sitenote_category":0},"product_brand":[],"product_cat":[12291,13872],"product_tag":[],"class_list":{"0":"post-770032","1":"product","2":"type-product","3":"status-publish","5":"product_cat-edebiyat","6":"product_cat-klasikler","7":"pa_cilt-ciltsiz","8":"pa_tur-kitap","9":"pa_yayinevi-parodi-yayinlari","10":"pa_yazar-robert-louis-stevenson","12":"first","13":"instock","14":"sale","15":"shipping-taxable","16":"purchasable","17":"product-type-simple"},"_links":{"self":[{"href":"https:\/\/roveyayinevi.com.tr\/index.php\/wp-json\/wp\/v2\/product\/770032","targetHints":{"allow":["GET"]}}],"collection":[{"href":"https:\/\/roveyayinevi.com.tr\/index.php\/wp-json\/wp\/v2\/product"}],"about":[{"href":"https:\/\/roveyayinevi.com.tr\/index.php\/wp-json\/wp\/v2\/types\/product"}],"wp:attachment":[{"href":"https:\/\/roveyayinevi.com.tr\/index.php\/wp-json\/wp\/v2\/media?parent=770032"}],"wp:term":[{"taxonomy":"product_brand","embeddable":true,"href":"https:\/\/roveyayinevi.com.tr\/index.php\/wp-json\/wp\/v2\/product_brand?post=770032"},{"taxonomy":"product_cat","embeddable":true,"href":"https:\/\/roveyayinevi.com.tr\/index.php\/wp-json\/wp\/v2\/product_cat?post=770032"},{"taxonomy":"product_tag","embeddable":true,"href":"https:\/\/roveyayinevi.com.tr\/index.php\/wp-json\/wp\/v2\/product_tag?post=770032"}],"curies":[{"name":"wp","href":"https:\/\/api.w.org\/{rel}","templated":true}]}}