{"id":770031,"date":"2025-08-28T14:15:33","date_gmt":"2025-08-28T11:15:33","guid":{"rendered":"https:\/\/roveyayinevi.com.tr\/index.php\/urun\/ronaldo-sahanin-yildizlari\/"},"modified":"2026-04-15T03:36:29","modified_gmt":"2026-04-15T00:36:29","slug":"ronaldo-sahanin-yildizlari","status":"publish","type":"product","link":"https:\/\/roveyayinevi.com.tr\/index.php\/urun\/ronaldo-sahanin-yildizlari\/","title":{"rendered":"Ronaldo &#8211; Sahan\u0131n Y\u0131ld\u0131zlar\u0131"},"content":{"rendered":"<p>2023 y\u0131l\u0131 g\u00fcncel bilgileriyle!Sokak aralar\u0131nda oynanan ma\u00e7lardan d\u00fcnya devlerinin sahalar\u0131na uzanan bir ba\u015far\u0131 \u00f6yk\u00fcs\u00fc onunkisi. K\u00fc\u00e7\u00fckCristiano\u2019nun en b\u00fcy\u00fck tutkusu futboldu. Topu olmad\u0131\u011f\u0131 i\u00e7in pet \u015fi\u015felerle oynad\u0131\u011f\u0131 bir futbol krall\u0131\u011f\u0131 bile kurmu\u015ftukendine. Ve kendi d\u00fcnyas\u0131nda oldu\u011fu gibi d\u00fcnya futbolunun da kral\u0131 olmay\u0131 ta o zaman kafas\u0131na koymu\u015ftu.Zirveye giden yolda ba\u015far\u0131 basamaklar\u0131n\u0131 teker teker t\u0131rmanan Cristiano, kar\u015f\u0131la\u015ft\u0131\u011f\u0131 t\u00fcm imk\u00e2ns\u0131zl\u0131klara ra\u011fmenkararl\u0131l\u0131\u011f\u0131n\u0131n, sa\u011flam iradesinin ve s\u0131k\u0131 \u00e7al\u0131\u015fmas\u0131n\u0131n meyvesini al\u0131rken nas\u0131l bir efsaneye d\u00f6n\u00fc\u015ft\u00fc\u011f\u00fcn\u00fc de t\u00fcmd\u00fcnyaya g\u00f6sterecekti. O art\u0131k milyonlar\u0131n idol\u00fc \u2018Ronaldo\u2019 olmu\u015ftu.Futbol kurallar\u0131na meydan okuyan, say\u0131s\u0131z \u015fampiyonlu\u011fa ve gol krall\u0131\u011f\u0131na ismini yazd\u0131ran \u2018CR7\u2019 efsanesinin ya\u015fam\u00f6yk\u00fcs\u00fcnde azmin, ba\u015far\u0131n\u0131n ve y\u00fckseli\u015fin dur durak bilmez yolculu\u011funu bulacaks\u0131n\u0131z.<\/p>\n","protected":false},"excerpt":{"rendered":"<p>2023 y\u0131l\u0131 g\u00fcncel bilgileriyle!Sokak aralar\u0131nda oynanan ma\u00e7lardan d\u00fcnya devlerinin sahalar\u0131na uzanan bir ba\u015far\u0131 \u00f6yk\u00fcs\u00fc onunkisi. K\u00fc\u00e7\u00fckCristiano\u2019nun en b\u00fcy\u00fck tutkusu futboldu. Topu olmad\u0131\u011f\u0131 i\u00e7in pet \u015fi\u015felerle oynad\u0131\u011f\u0131<span class=\"excerpt-hellip\"> [\u2026]<\/span><\/p>\n","protected":false},"featured_media":0,"template":"","meta":{"_monsterinsights_skip_tracking":false,"_monsterinsights_sitenote_active":false,"_monsterinsights_sitenote_note":"","_monsterinsights_sitenote_category":0},"product_brand":[],"product_cat":[14009,12291],"product_tag":[],"class_list":{"0":"post-770031","1":"product","2":"type-product","3":"status-publish","5":"product_cat-biyografi-otobiyografi-edebiyat","6":"product_cat-edebiyat","7":"pa_cilt-ciltsiz","8":"pa_tur-kitap","9":"pa_yayinevi-parodi-yayinlari","10":"pa_yazar-harry-coninx","12":"first","13":"instock","14":"sale","15":"shipping-taxable","16":"purchasable","17":"product-type-simple"},"_links":{"self":[{"href":"https:\/\/roveyayinevi.com.tr\/index.php\/wp-json\/wp\/v2\/product\/770031","targetHints":{"allow":["GET"]}}],"collection":[{"href":"https:\/\/roveyayinevi.com.tr\/index.php\/wp-json\/wp\/v2\/product"}],"about":[{"href":"https:\/\/roveyayinevi.com.tr\/index.php\/wp-json\/wp\/v2\/types\/product"}],"wp:attachment":[{"href":"https:\/\/roveyayinevi.com.tr\/index.php\/wp-json\/wp\/v2\/media?parent=770031"}],"wp:term":[{"taxonomy":"product_brand","embeddable":true,"href":"https:\/\/roveyayinevi.com.tr\/index.php\/wp-json\/wp\/v2\/product_brand?post=770031"},{"taxonomy":"product_cat","embeddable":true,"href":"https:\/\/roveyayinevi.com.tr\/index.php\/wp-json\/wp\/v2\/product_cat?post=770031"},{"taxonomy":"product_tag","embeddable":true,"href":"https:\/\/roveyayinevi.com.tr\/index.php\/wp-json\/wp\/v2\/product_tag?post=770031"}],"curies":[{"name":"wp","href":"https:\/\/api.w.org\/{rel}","templated":true}]}}