{"id":770030,"date":"2025-08-28T14:15:30","date_gmt":"2025-08-28T11:15:30","guid":{"rendered":"https:\/\/roveyayinevi.com.tr\/index.php\/urun\/kurtlara-selam-soyle\/"},"modified":"2026-04-15T03:36:29","modified_gmt":"2026-04-15T00:36:29","slug":"kurtlara-selam-soyle","status":"publish","type":"product","link":"https:\/\/roveyayinevi.com.tr\/index.php\/urun\/kurtlara-selam-soyle\/","title":{"rendered":"Kurtlara Selam S\u00f6yle"},"content":{"rendered":"<p>Ya\u015fam\u0131m alt\u00fcst oldu\u011funda bir g\u00fcz vaktiydi. Bildi\u011fim t\u00fcm hayatlar\u0131 yak\u0131p y\u0131kan, herkesi mahveden bir sava\u015f tepemize k\u00e2bus gibi \u00e7\u00f6km\u00fc\u015ft\u00fc. D\u00f6rt yan\u0131m\u0131z yalanlarla ve kederle sar\u0131l\u0131yd\u0131. K\u00fc\u00e7\u00fcc\u00fck bir \u00e7ocuktum fakat baz\u0131 \u015feyler, ya\u015fam\u0131m\u0131n ne kadar uzun olursa olsun titrek bir alevden fazlas\u0131 say\u0131lamayaca\u011f\u0131n\u0131 g\u00f6rmemi sa\u011flam\u0131\u015ft\u0131.Ac\u0131 t\u0131pk\u0131 okyanus gibiydi. Her yerden s\u0131z\u0131yor, her \u015feyi ele ge\u00e7iriyor, hi\u00e7bir s\u0131n\u0131r tan\u0131m\u0131yordu. Onu durdurman\u0131n imk\u00e2n\u0131 yoktu. Ama zaten baz\u0131 zamanlar y\u00fczmeyi \u00f6\u011frenip kurtulmadan \u00f6nce dibe batmak gerekirdi. Ben de \u00f6yle yapt\u0131m. Y\u00fczmeyi \u00f6\u011frendim fakat \u00f6nce dibe batt\u0131m.<\/p>\n","protected":false},"excerpt":{"rendered":"<p>Ya\u015fam\u0131m alt\u00fcst oldu\u011funda bir g\u00fcz vaktiydi. Bildi\u011fim t\u00fcm hayatlar\u0131 yak\u0131p y\u0131kan, herkesi mahveden bir sava\u015f tepemize k\u00e2bus gibi \u00e7\u00f6km\u00fc\u015ft\u00fc. D\u00f6rt yan\u0131m\u0131z yalanlarla ve kederle sar\u0131l\u0131yd\u0131. K\u00fc\u00e7\u00fcc\u00fck<span class=\"excerpt-hellip\"> [\u2026]<\/span><\/p>\n","protected":false},"featured_media":0,"template":"","meta":{"_monsterinsights_skip_tracking":false,"_monsterinsights_sitenote_active":false,"_monsterinsights_sitenote_note":"","_monsterinsights_sitenote_category":0},"product_brand":[],"product_cat":[12291,12711],"product_tag":[],"class_list":{"0":"post-770030","1":"product","2":"type-product","3":"status-publish","5":"product_cat-edebiyat","6":"product_cat-roman-oyku","7":"pa_cilt-ciltsiz","8":"pa_tur-kitap","9":"pa_yayinevi-parodi-yayinlari","10":"pa_yazar-lauren-wolk","12":"first","13":"instock","14":"sale","15":"shipping-taxable","16":"purchasable","17":"product-type-simple"},"_links":{"self":[{"href":"https:\/\/roveyayinevi.com.tr\/index.php\/wp-json\/wp\/v2\/product\/770030","targetHints":{"allow":["GET"]}}],"collection":[{"href":"https:\/\/roveyayinevi.com.tr\/index.php\/wp-json\/wp\/v2\/product"}],"about":[{"href":"https:\/\/roveyayinevi.com.tr\/index.php\/wp-json\/wp\/v2\/types\/product"}],"wp:attachment":[{"href":"https:\/\/roveyayinevi.com.tr\/index.php\/wp-json\/wp\/v2\/media?parent=770030"}],"wp:term":[{"taxonomy":"product_brand","embeddable":true,"href":"https:\/\/roveyayinevi.com.tr\/index.php\/wp-json\/wp\/v2\/product_brand?post=770030"},{"taxonomy":"product_cat","embeddable":true,"href":"https:\/\/roveyayinevi.com.tr\/index.php\/wp-json\/wp\/v2\/product_cat?post=770030"},{"taxonomy":"product_tag","embeddable":true,"href":"https:\/\/roveyayinevi.com.tr\/index.php\/wp-json\/wp\/v2\/product_tag?post=770030"}],"curies":[{"name":"wp","href":"https:\/\/api.w.org\/{rel}","templated":true}]}}