{"id":770028,"date":"2025-08-28T14:15:20","date_gmt":"2025-08-28T11:15:20","guid":{"rendered":"https:\/\/roveyayinevi.com.tr\/index.php\/urun\/mecburiyet-9\/"},"modified":"2026-04-15T03:36:29","modified_gmt":"2026-04-15T00:36:29","slug":"mecburiyet-9","status":"publish","type":"product","link":"https:\/\/roveyayinevi.com.tr\/index.php\/urun\/mecburiyet-9\/","title":{"rendered":"Mecburiyet"},"content":{"rendered":"<p>Derler ki \u00f6l\u00fcm, sava\u015f\u0131n en yak\u0131n arkada\u015f\u0131d\u0131r. Birbirleri i\u00e7in yapmayacaklar\u0131 \u015fey yoktur fakat sava\u015f a\u00e7g\u00f6zl\u00fc olan taraft\u0131r ve hep daha \u00e7ok \u00f6l\u00fcm bekler.\u00dclkesindeki sava\u015ftan ka\u00e7maya ve \u00f6zg\u00fcrce ya\u015famaya \u00e7al\u0131\u015fan fakat bunu ba\u015farmakta zorlanan bir adam\u0131n hissetti\u011fi mecburiyet, hayat\u0131nda iyi olan ne varsa parampar\u00e7a eder. G\u00f6rev bilinci ve g\u00fc\u00e7s\u00fczl\u00fc\u011f\u00fc onu daha b\u00fcy\u00fck bir sava\u015fla ba\u015f ba\u015fa b\u0131rakt\u0131\u011f\u0131ndaysa bir karara varmak hi\u00e7 kolay olmaz.Usta yazar Stefan Zweig Mecburiyet\u2019te, \u201c\u0130nsanl\u0131\u011f\u0131n \u00f6tesinde hi\u00e7bir vatan\u0131m yok,\u201d der ve sava\u015f\u0131n bir insanl\u0131k su\u00e7u oldu\u011funu, k\u00f6t\u00fcl\u00fc\u011fe ses \u00e7\u0131karmayan herkesin de bu su\u00e7un orta\u011f\u0131 say\u0131laca\u011f\u0131n\u0131 s\u00f6yler. \u00d6l\u00fcm\u00fc, felaketi t\u00fcm ac\u0131 y\u00f6nleriyle ele al\u0131rken bir yandan da herkesi uyan\u0131\u015fa ve g\u00fc\u00e7l\u00fc ellere teslim etti\u011fi iradesini geri kazanmaya \u00e7a\u011f\u0131r\u0131r.<\/p>\n","protected":false},"excerpt":{"rendered":"<p>Derler ki \u00f6l\u00fcm, sava\u015f\u0131n en yak\u0131n arkada\u015f\u0131d\u0131r. Birbirleri i\u00e7in yapmayacaklar\u0131 \u015fey yoktur fakat sava\u015f a\u00e7g\u00f6zl\u00fc olan taraft\u0131r ve hep daha \u00e7ok \u00f6l\u00fcm bekler.\u00dclkesindeki sava\u015ftan ka\u00e7maya ve<span class=\"excerpt-hellip\"> [\u2026]<\/span><\/p>\n","protected":false},"featured_media":0,"template":"","meta":{"_monsterinsights_skip_tracking":false,"_monsterinsights_sitenote_active":false,"_monsterinsights_sitenote_note":"","_monsterinsights_sitenote_category":0},"product_brand":[],"product_cat":[12291,12711],"product_tag":[],"class_list":{"0":"post-770028","1":"product","2":"type-product","3":"status-publish","5":"product_cat-edebiyat","6":"product_cat-roman-oyku","7":"pa_cilt-ciltsiz","8":"pa_tur-kitap","9":"pa_yayinevi-parodi-yayinlari","10":"pa_yazar-stefan-zweig","12":"first","13":"instock","14":"sale","15":"shipping-taxable","16":"purchasable","17":"product-type-simple"},"_links":{"self":[{"href":"https:\/\/roveyayinevi.com.tr\/index.php\/wp-json\/wp\/v2\/product\/770028","targetHints":{"allow":["GET"]}}],"collection":[{"href":"https:\/\/roveyayinevi.com.tr\/index.php\/wp-json\/wp\/v2\/product"}],"about":[{"href":"https:\/\/roveyayinevi.com.tr\/index.php\/wp-json\/wp\/v2\/types\/product"}],"wp:attachment":[{"href":"https:\/\/roveyayinevi.com.tr\/index.php\/wp-json\/wp\/v2\/media?parent=770028"}],"wp:term":[{"taxonomy":"product_brand","embeddable":true,"href":"https:\/\/roveyayinevi.com.tr\/index.php\/wp-json\/wp\/v2\/product_brand?post=770028"},{"taxonomy":"product_cat","embeddable":true,"href":"https:\/\/roveyayinevi.com.tr\/index.php\/wp-json\/wp\/v2\/product_cat?post=770028"},{"taxonomy":"product_tag","embeddable":true,"href":"https:\/\/roveyayinevi.com.tr\/index.php\/wp-json\/wp\/v2\/product_tag?post=770028"}],"curies":[{"name":"wp","href":"https:\/\/api.w.org\/{rel}","templated":true}]}}