{"id":770026,"date":"2025-08-28T14:15:15","date_gmt":"2025-08-28T11:15:15","guid":{"rendered":"https:\/\/roveyayinevi.com.tr\/index.php\/urun\/zaman-makinesi-6\/"},"modified":"2026-04-15T03:36:29","modified_gmt":"2026-04-15T00:36:29","slug":"zaman-makinesi-6","status":"publish","type":"product","link":"https:\/\/roveyayinevi.com.tr\/index.php\/urun\/zaman-makinesi-6\/","title":{"rendered":"Zaman Makinesi"},"content":{"rendered":"<p>Victoria d\u00f6nemi Londra\u2019s\u0131nda ya\u015fayan bir bilim insan\u0131  ak\u0131l almaz bir icada imza atarak zamanda yolculu\u011fa \u00e7\u0131kar.  B\u00fct\u00fcn canl\u0131lar\u0131 harika bir gelece\u011fin bekledi\u011fini d\u00fc\u015f\u00fcnmektedir;  bu y\u00fczden insanl\u0131\u011f\u0131n t\u00fcm geli\u015fimini tamamlad\u0131\u011f\u0131n\u0131, herkesin huzur ve g\u00fcven i\u00e7inde ya\u015fad\u0131\u011f\u0131n\u0131 d\u00fc\u015fledi\u011fi \u00e7a\u011flara gitmek ister.Gelgelelim o devirleri ziyaret etti\u011fi vakit  \u015fahit oldu\u011fu \u015feyler hayal ettiklerinden \u00e7ok daha farkl\u0131d\u0131r.  G\u00f6rd\u00fc\u011f\u00fc umulmad\u0131k de\u011fi\u015fimler ve d\u00f6n\u00fc\u015f\u00fcmler Zaman Yolcusu\u2019nu \u015fa\u015fk\u0131na \u00e7evirmekle kalmaz ayn\u0131 zamanda  tehlikeli bir maceraya at\u0131lmas\u0131na da sebep olur.H.G. Wells bu eserinde Zaman Yolcusu ve maceralar\u0131 \u00fczerinden s\u0131n\u0131fsal farkl\u0131l\u0131klar, ya\u015fam ko\u015fullar\u0131 aras\u0131ndaki adaletsizlik, iktidar, kudret, \u00e7aresizlik gibi bir\u00e7ok olguyu okurun g\u00f6zleri \u00f6n\u00fcne sererek  herkesi, de\u011fi\u015fimin sonsuz deviniminde insano\u011flunun  yazg\u0131s\u0131n\u0131 okurken bir yandan da zihninin  s\u0131n\u0131rlar\u0131n\u0131 zorlamaya davet ediyor.<\/p>\n","protected":false},"excerpt":{"rendered":"<p>Victoria d\u00f6nemi Londra\u2019s\u0131nda ya\u015fayan bir bilim insan\u0131 ak\u0131l almaz bir icada imza atarak zamanda yolculu\u011fa \u00e7\u0131kar. B\u00fct\u00fcn canl\u0131lar\u0131 harika bir gelece\u011fin bekledi\u011fini d\u00fc\u015f\u00fcnmektedir; bu y\u00fczden insanl\u0131\u011f\u0131n<span class=\"excerpt-hellip\"> [\u2026]<\/span><\/p>\n","protected":false},"featured_media":0,"template":"","meta":{"_monsterinsights_skip_tracking":false,"_monsterinsights_sitenote_active":false,"_monsterinsights_sitenote_note":"","_monsterinsights_sitenote_category":0},"product_brand":[],"product_cat":[12540,12291],"product_tag":[],"class_list":{"0":"post-770026","1":"product","2":"type-product","3":"status-publish","5":"product_cat-bilim-kurgu","6":"product_cat-edebiyat","7":"pa_cilt-ciltsiz","8":"pa_tur-kitap","9":"pa_yayinevi-parodi-yayinlari","10":"pa_yazar-herbert-george-wells","12":"first","13":"instock","14":"sale","15":"shipping-taxable","16":"purchasable","17":"product-type-simple"},"_links":{"self":[{"href":"https:\/\/roveyayinevi.com.tr\/index.php\/wp-json\/wp\/v2\/product\/770026","targetHints":{"allow":["GET"]}}],"collection":[{"href":"https:\/\/roveyayinevi.com.tr\/index.php\/wp-json\/wp\/v2\/product"}],"about":[{"href":"https:\/\/roveyayinevi.com.tr\/index.php\/wp-json\/wp\/v2\/types\/product"}],"wp:attachment":[{"href":"https:\/\/roveyayinevi.com.tr\/index.php\/wp-json\/wp\/v2\/media?parent=770026"}],"wp:term":[{"taxonomy":"product_brand","embeddable":true,"href":"https:\/\/roveyayinevi.com.tr\/index.php\/wp-json\/wp\/v2\/product_brand?post=770026"},{"taxonomy":"product_cat","embeddable":true,"href":"https:\/\/roveyayinevi.com.tr\/index.php\/wp-json\/wp\/v2\/product_cat?post=770026"},{"taxonomy":"product_tag","embeddable":true,"href":"https:\/\/roveyayinevi.com.tr\/index.php\/wp-json\/wp\/v2\/product_tag?post=770026"}],"curies":[{"name":"wp","href":"https:\/\/api.w.org\/{rel}","templated":true}]}}