{"id":770025,"date":"2025-08-28T14:15:13","date_gmt":"2025-08-28T11:15:13","guid":{"rendered":"https:\/\/roveyayinevi.com.tr\/index.php\/urun\/sakli-hayatlar\/"},"modified":"2026-04-15T03:36:29","modified_gmt":"2026-04-15T00:36:29","slug":"sakli-hayatlar","status":"publish","type":"product","link":"https:\/\/roveyayinevi.com.tr\/index.php\/urun\/sakli-hayatlar\/","title":{"rendered":"Sakl\u0131 Hayatlar"},"content":{"rendered":"<p>E\u015finin onu yine aldatt\u0131\u011f\u0131n\u0131 \u00f6\u011frendi\u011finde Beth Hall\u2019\u00fcn d\u00fcnyas\u0131 ba\u015f\u0131na y\u0131k\u0131ld\u0131. Fakat bu defa kararl\u0131yd\u0131, affetmeyecekti. Biten evlili\u011finin y\u0131k\u0131nt\u0131lar\u0131 alt\u0131nda kalsa da, y\u00fcre\u011fi ezilse de, ac\u0131lara savrulsa da peri\u015fan h\u00e2lde bir ba\u015f\u0131na, y\u00fcr\u00fcd\u00fc kendi yoluna\u2026Sadakatsiz Adam Hall i\u00e7in ise hayat \u00e7ok daha ac\u0131mas\u0131zd\u0131. Usul usul dibe \u00e7ekti onu, s\u0131rlar\u0131n\u0131n ve yalanlar\u0131n\u0131n i\u00e7inde bo\u011fdu. Yapt\u0131klar\u0131n\u0131n pi\u015fmanl\u0131\u011f\u0131n\u0131 ya\u015farken kendini ge\u00e7mi\u015fin tehlikeli sular\u0131nda y\u00fczerken buldu. Kula\u00e7 att\u0131, \u00e7\u0131rp\u0131nd\u0131 fakat Beth\u2019in eli olmaks\u0131z\u0131n nas\u0131l kurtulaca\u011f\u0131n\u0131 bilmiyordu.Bin par\u00e7aya ayr\u0131lm\u0131\u015f bir hayat vard\u0131 ellerinde \u015fimdi, nereden birle\u015ftirirlerse birle\u015ftirsinler yaralar\u0131 hep belliydi. \u0130hanet insan\u0131 parampar\u00e7a ediyordu. Fakat sonsuza kadar b\u00f6yle kalmak da m\u00fcmk\u00fcn de\u011fildi. Art\u0131k iyile\u015fmenin vakti gelmi\u015fti.<\/p>\n","protected":false},"excerpt":{"rendered":"<p>E\u015finin onu yine aldatt\u0131\u011f\u0131n\u0131 \u00f6\u011frendi\u011finde Beth Hall\u2019\u00fcn d\u00fcnyas\u0131 ba\u015f\u0131na y\u0131k\u0131ld\u0131. Fakat bu defa kararl\u0131yd\u0131, affetmeyecekti. Biten evlili\u011finin y\u0131k\u0131nt\u0131lar\u0131 alt\u0131nda kalsa da, y\u00fcre\u011fi ezilse de, ac\u0131lara savrulsa<span class=\"excerpt-hellip\"> [\u2026]<\/span><\/p>\n","protected":false},"featured_media":0,"template":"","meta":{"_monsterinsights_skip_tracking":false,"_monsterinsights_sitenote_active":false,"_monsterinsights_sitenote_note":"","_monsterinsights_sitenote_category":0},"product_brand":[],"product_cat":[12803,12291],"product_tag":[],"class_list":{"0":"post-770025","1":"product","2":"type-product","3":"status-publish","5":"product_cat-aksiyon-macera","6":"product_cat-edebiyat","7":"pa_cilt-ciltsiz","8":"pa_tur-kitap","9":"pa_yayinevi-parodi-yayinlari","10":"pa_yazar-fionnuala-kearney","12":"first","13":"instock","14":"sale","15":"shipping-taxable","16":"purchasable","17":"product-type-simple"},"_links":{"self":[{"href":"https:\/\/roveyayinevi.com.tr\/index.php\/wp-json\/wp\/v2\/product\/770025","targetHints":{"allow":["GET"]}}],"collection":[{"href":"https:\/\/roveyayinevi.com.tr\/index.php\/wp-json\/wp\/v2\/product"}],"about":[{"href":"https:\/\/roveyayinevi.com.tr\/index.php\/wp-json\/wp\/v2\/types\/product"}],"wp:attachment":[{"href":"https:\/\/roveyayinevi.com.tr\/index.php\/wp-json\/wp\/v2\/media?parent=770025"}],"wp:term":[{"taxonomy":"product_brand","embeddable":true,"href":"https:\/\/roveyayinevi.com.tr\/index.php\/wp-json\/wp\/v2\/product_brand?post=770025"},{"taxonomy":"product_cat","embeddable":true,"href":"https:\/\/roveyayinevi.com.tr\/index.php\/wp-json\/wp\/v2\/product_cat?post=770025"},{"taxonomy":"product_tag","embeddable":true,"href":"https:\/\/roveyayinevi.com.tr\/index.php\/wp-json\/wp\/v2\/product_tag?post=770025"}],"curies":[{"name":"wp","href":"https:\/\/api.w.org\/{rel}","templated":true}]}}