{"id":770024,"date":"2025-08-28T14:15:10","date_gmt":"2025-08-28T11:15:10","guid":{"rendered":"https:\/\/roveyayinevi.com.tr\/index.php\/urun\/kor-baykus-7\/"},"modified":"2026-04-15T03:36:29","modified_gmt":"2026-04-15T00:36:29","slug":"kor-baykus-7","status":"publish","type":"product","link":"https:\/\/roveyayinevi.com.tr\/index.php\/urun\/kor-baykus-7\/","title":{"rendered":"K\u00f6r Bayku\u015f"},"content":{"rendered":"<p>Bir kalemdan ressam\u0131n\u0131n mektubudur bu sat\u0131rlar;  g\u00f6lgesiyle dertle\u015fmeye \u00e7abalar\u2026 Yaln\u0131zd\u0131r, yorgundur, herkesten ve her \u015feyden uzaktad\u0131r.  Sevdal\u0131d\u0131r ama kar\u0131s\u0131na m\u0131 kalemdanlar \u00fczerine \u00e7izdi\u011fi latife mi? Yoksa ikisi de ayn\u0131 ki\u015fi mi? Nefret eder ama kar\u0131s\u0131n\u0131n \u00e2\u015f\u0131klar\u0131ndan m\u0131 amcas\u0131ndan m\u0131? Ya da belki hepsi tek bir ki\u015fi\u2026Kim kimdir bilemez, ne ger\u00e7ektir ne hayaldir ak\u0131l s\u0131r erdiremez. Emin oldu\u011fu tek \u015fey i\u00e7ine d\u00fc\u015ft\u00fc\u011f\u00fc \u0131zd\u0131rap kuyusudur, oradan da bir t\u00fcrl\u00fc kurtulamaz.Esasl\u0131 sanat\u00e7\u0131lar da b\u00f6yledir i\u015fte, kendi ba\u011fr\u0131ndan yarat\u0131rlar \u015faheserlerini, der Sad\u0131k Hidayet K\u00f6r Bayku\u015f\u2019ta ve ger\u00e7ekten kendi ba\u011fr\u0131ndan yarat\u0131r bu eserini. Bunal\u0131mlar\u0131, \u00f6l\u00fcme duydu\u011fu merak\u0131 ve meyli, korkular\u0131, hayata ve insanlara bak\u0131\u015f\u0131 bir kalemdan ressam\u0131n\u0131n y\u00fcre\u011finden \u00e7\u0131k\u0131p gelir de bulur okuyucuyu. Yaln\u0131zca bir a\u015fk de\u011fildir anlat\u0131lan; hayat\u0131, \u00f6l\u00fcm\u00fc ve maneviyat\u0131 da sorgulat\u0131r usta sanat\u00e7\u0131 bu kitab\u0131nda.<\/p>\n","protected":false},"excerpt":{"rendered":"<p>Bir kalemdan ressam\u0131n\u0131n mektubudur bu sat\u0131rlar; g\u00f6lgesiyle dertle\u015fmeye \u00e7abalar\u2026 Yaln\u0131zd\u0131r, yorgundur, herkesten ve her \u015feyden uzaktad\u0131r. Sevdal\u0131d\u0131r ama kar\u0131s\u0131na m\u0131 kalemdanlar \u00fczerine \u00e7izdi\u011fi latife mi? Yoksa<span class=\"excerpt-hellip\"> [\u2026]<\/span><\/p>\n","protected":false},"featured_media":0,"template":"","meta":{"_monsterinsights_skip_tracking":false,"_monsterinsights_sitenote_active":false,"_monsterinsights_sitenote_note":"","_monsterinsights_sitenote_category":0},"product_brand":[],"product_cat":[12291,12711],"product_tag":[],"class_list":{"0":"post-770024","1":"product","2":"type-product","3":"status-publish","5":"product_cat-edebiyat","6":"product_cat-roman-oyku","7":"pa_cilt-ciltsiz","8":"pa_tur-kitap","9":"pa_yayinevi-parodi-yayinlari","10":"pa_yazar-sadik-hidayet","12":"first","13":"instock","14":"sale","15":"shipping-taxable","16":"purchasable","17":"product-type-simple"},"_links":{"self":[{"href":"https:\/\/roveyayinevi.com.tr\/index.php\/wp-json\/wp\/v2\/product\/770024","targetHints":{"allow":["GET"]}}],"collection":[{"href":"https:\/\/roveyayinevi.com.tr\/index.php\/wp-json\/wp\/v2\/product"}],"about":[{"href":"https:\/\/roveyayinevi.com.tr\/index.php\/wp-json\/wp\/v2\/types\/product"}],"wp:attachment":[{"href":"https:\/\/roveyayinevi.com.tr\/index.php\/wp-json\/wp\/v2\/media?parent=770024"}],"wp:term":[{"taxonomy":"product_brand","embeddable":true,"href":"https:\/\/roveyayinevi.com.tr\/index.php\/wp-json\/wp\/v2\/product_brand?post=770024"},{"taxonomy":"product_cat","embeddable":true,"href":"https:\/\/roveyayinevi.com.tr\/index.php\/wp-json\/wp\/v2\/product_cat?post=770024"},{"taxonomy":"product_tag","embeddable":true,"href":"https:\/\/roveyayinevi.com.tr\/index.php\/wp-json\/wp\/v2\/product_tag?post=770024"}],"curies":[{"name":"wp","href":"https:\/\/api.w.org\/{rel}","templated":true}]}}