{"id":770020,"date":"2025-08-28T14:15:03","date_gmt":"2025-08-28T11:15:03","guid":{"rendered":"https:\/\/roveyayinevi.com.tr\/index.php\/urun\/savas-sanati-16\/"},"modified":"2026-04-15T03:36:29","modified_gmt":"2026-04-15T00:36:29","slug":"savas-sanati-16","status":"publish","type":"product","link":"https:\/\/roveyayinevi.com.tr\/index.php\/urun\/savas-sanati-16\/","title":{"rendered":"Sava\u015f Sanat\u0131"},"content":{"rendered":"<p>M\u00d6 5. y\u00fczy\u0131lda \u00c7in\u2019de yaz\u0131lm\u0131\u015f olan Sava\u015f Sanat\u0131, sava\u015f stratejileri ve taktikleri konusunda temel eser olma g\u00f6revini \u00fcstlenmektedir. \u00c7ok eski d\u00f6nemlerden itibaren kullan\u0131lan birtak\u0131m sava\u015f y\u00f6ntemlerinin bir araya getirilerek yorumlanmas\u0131yla ortaya \u00e7\u0131kan on \u00fc\u00e7 b\u00f6l\u00fcml\u00fck bu kitap devlet y\u00f6netimi, bir komutan\u0131n olmazsa olmaz \u00f6zellikleri, ordunun nas\u0131l idare edilmesi gerekti\u011fi, sava\u015f\u0131n nas\u0131l planlanaca\u011f\u0131 ve d\u00fc\u015fmana kar\u015f\u0131 hangi yollarla \u00fcst\u00fcnl\u00fck sa\u011flanabilece\u011fi gibi konulardan bahseder.Hem i\u015f hem hukuk d\u00fcnyas\u0131nda kullan\u0131lmas\u0131n\u0131n yan\u0131 s\u0131ra g\u00fcnl\u00fck hayata da uyarlanabilecek bir\u00e7ok faydal\u0131 bilgiyi bar\u0131nd\u0131ran eser, y\u00fczy\u0131llar sonra g\u00fcn\u00fcm\u00fczde dahi de\u011ferinden hi\u00e7bir \u015fey kaybetmeyen ilkeleriyle gerek Bat\u0131 d\u00fcnyas\u0131na gerekse Do\u011fu d\u00fcnyas\u0131na \u00e7o\u011fu konuda h\u00e2l\u00e2 yol g\u00f6steriyor.<\/p>\n","protected":false},"excerpt":{"rendered":"<p>M\u00d6 5. y\u00fczy\u0131lda \u00c7in\u2019de yaz\u0131lm\u0131\u015f olan Sava\u015f Sanat\u0131, sava\u015f stratejileri ve taktikleri konusunda temel eser olma g\u00f6revini \u00fcstlenmektedir. \u00c7ok eski d\u00f6nemlerden itibaren kullan\u0131lan birtak\u0131m sava\u015f y\u00f6ntemlerinin<span class=\"excerpt-hellip\"> [\u2026]<\/span><\/p>\n","protected":false},"featured_media":0,"template":"","meta":{"_monsterinsights_skip_tracking":false,"_monsterinsights_sitenote_active":false,"_monsterinsights_sitenote_note":"","_monsterinsights_sitenote_category":0},"product_brand":[],"product_cat":[16038,12388],"product_tag":[],"class_list":{"0":"post-770020","1":"product","2":"type-product","3":"status-publish","5":"product_cat-arastirma-inceleme-referans-felsefe","6":"product_cat-felsefe","7":"pa_cilt-ciltsiz","8":"pa_tur-kitap","9":"pa_yayinevi-parodi-yayinlari","10":"pa_yazar-sun-tzu","12":"first","13":"instock","14":"sale","15":"shipping-taxable","16":"purchasable","17":"product-type-simple"},"_links":{"self":[{"href":"https:\/\/roveyayinevi.com.tr\/index.php\/wp-json\/wp\/v2\/product\/770020","targetHints":{"allow":["GET"]}}],"collection":[{"href":"https:\/\/roveyayinevi.com.tr\/index.php\/wp-json\/wp\/v2\/product"}],"about":[{"href":"https:\/\/roveyayinevi.com.tr\/index.php\/wp-json\/wp\/v2\/types\/product"}],"wp:attachment":[{"href":"https:\/\/roveyayinevi.com.tr\/index.php\/wp-json\/wp\/v2\/media?parent=770020"}],"wp:term":[{"taxonomy":"product_brand","embeddable":true,"href":"https:\/\/roveyayinevi.com.tr\/index.php\/wp-json\/wp\/v2\/product_brand?post=770020"},{"taxonomy":"product_cat","embeddable":true,"href":"https:\/\/roveyayinevi.com.tr\/index.php\/wp-json\/wp\/v2\/product_cat?post=770020"},{"taxonomy":"product_tag","embeddable":true,"href":"https:\/\/roveyayinevi.com.tr\/index.php\/wp-json\/wp\/v2\/product_tag?post=770020"}],"curies":[{"name":"wp","href":"https:\/\/api.w.org\/{rel}","templated":true}]}}