{"id":770019,"date":"2025-08-28T14:15:01","date_gmt":"2025-08-28T11:15:01","guid":{"rendered":"https:\/\/roveyayinevi.com.tr\/index.php\/urun\/sokratesin-savunmasi-16\/"},"modified":"2026-04-15T03:36:29","modified_gmt":"2026-04-15T00:36:29","slug":"sokratesin-savunmasi-16","status":"publish","type":"product","link":"https:\/\/roveyayinevi.com.tr\/index.php\/urun\/sokratesin-savunmasi-16\/","title":{"rendered":"Sokrates&#8217;in Savunmas\u0131"},"content":{"rendered":"<p>\u00dcnl\u00fc filozofun infaz\u0131n\u0131n ard\u0131ndan kaleme al\u0131nan Sokrates\u2019in Savunmas\u0131, tarihin en m\u00fchim savunmalar\u0131ndan biridir.Dinsizlik su\u00e7u i\u015fleyip insanlar\u0131n akl\u0131n\u0131 \u00e7eldi\u011fi ve \u00fcst\u00fcne vazife olmayan birtak\u0131m i\u015flerle ilgilendi\u011fi gerek\u00e7esiyle mahkemeye \u00e7\u0131kar\u0131l\u0131p \u00f6l\u00fcm cezas\u0131na \u00e7arpt\u0131r\u0131lan Sokrates, Atina\u2019n\u0131n en b\u00fcy\u00fck zaferlerine de ac\u0131 sonuna da tan\u0131kl\u0131k etmi\u015f bir yurtta\u015ft\u0131r.Amac\u0131 herkesi iyili\u011fe, g\u00fczelli\u011fe, erdem sahibi olmaya \u00e7a\u011f\u0131rmakt\u0131r. Yapt\u0131\u011f\u0131 tek \u015fey insanlarla konu\u015fup onlara do\u011fru oldu\u011funa inand\u0131\u011f\u0131 \u015feyleri g\u00f6stermektir. Ne bir \u00f6\u011fretmendir ne bir yazar ne de bir bilgin. Toplumun ar\u0131nd\u0131r\u0131lmas\u0131 i\u00e7in \u00e7abalarken g\u00fcnah ke\u00e7isi ilan edilen bir kurband\u0131r sadece. Mahkemeye \u00e7\u0131kar\u0131l\u0131r; do\u011fru bildiklerini savunarak, \u015eunu iyice bilin ki bir de\u011fil bin kere \u00f6lmem gerekse bile ben yolumu asla de\u011fi\u015ftirmeyece\u011fim, der ve can\u0131ndan olur.Sokrates\u2019in \u00f6\u011frencisi Platon\u2019un bizzat \u015fahit oldu\u011fu mahkeme s\u00fcrecini kaleme ald\u0131\u011f\u0131 savunma, tarihin en eski mahkeme kay\u0131tlar\u0131ndan biri olup okuyucuya yaln\u0131zca hocas\u0131n\u0131n felsefesiyle ilgili bilgi vermekle kalmaz, ayn\u0131 zamanda Antik Yunan de\u011ferlerine dair bir\u00e7ok konuya da \u0131\u015f\u0131k tutar.<\/p>\n","protected":false},"excerpt":{"rendered":"<p>\u00dcnl\u00fc filozofun infaz\u0131n\u0131n ard\u0131ndan kaleme al\u0131nan Sokrates\u2019in Savunmas\u0131, tarihin en m\u00fchim savunmalar\u0131ndan biridir.Dinsizlik su\u00e7u i\u015fleyip insanlar\u0131n akl\u0131n\u0131 \u00e7eldi\u011fi ve \u00fcst\u00fcne vazife olmayan birtak\u0131m i\u015flerle ilgilendi\u011fi gerek\u00e7esiyle<span class=\"excerpt-hellip\"> [\u2026]<\/span><\/p>\n","protected":false},"featured_media":0,"template":"","meta":{"_monsterinsights_skip_tracking":false,"_monsterinsights_sitenote_active":false,"_monsterinsights_sitenote_note":"","_monsterinsights_sitenote_category":0},"product_brand":[],"product_cat":[16038,12388],"product_tag":[],"class_list":{"0":"post-770019","1":"product","2":"type-product","3":"status-publish","5":"product_cat-arastirma-inceleme-referans-felsefe","6":"product_cat-felsefe","7":"pa_cilt-ciltsiz","8":"pa_tur-kitap","9":"pa_yayinevi-parodi-yayinlari","10":"pa_yazar-platon-eflatun","12":"first","13":"instock","14":"sale","15":"shipping-taxable","16":"purchasable","17":"product-type-simple"},"_links":{"self":[{"href":"https:\/\/roveyayinevi.com.tr\/index.php\/wp-json\/wp\/v2\/product\/770019","targetHints":{"allow":["GET"]}}],"collection":[{"href":"https:\/\/roveyayinevi.com.tr\/index.php\/wp-json\/wp\/v2\/product"}],"about":[{"href":"https:\/\/roveyayinevi.com.tr\/index.php\/wp-json\/wp\/v2\/types\/product"}],"wp:attachment":[{"href":"https:\/\/roveyayinevi.com.tr\/index.php\/wp-json\/wp\/v2\/media?parent=770019"}],"wp:term":[{"taxonomy":"product_brand","embeddable":true,"href":"https:\/\/roveyayinevi.com.tr\/index.php\/wp-json\/wp\/v2\/product_brand?post=770019"},{"taxonomy":"product_cat","embeddable":true,"href":"https:\/\/roveyayinevi.com.tr\/index.php\/wp-json\/wp\/v2\/product_cat?post=770019"},{"taxonomy":"product_tag","embeddable":true,"href":"https:\/\/roveyayinevi.com.tr\/index.php\/wp-json\/wp\/v2\/product_tag?post=770019"}],"curies":[{"name":"wp","href":"https:\/\/api.w.org\/{rel}","templated":true}]}}