{"id":770010,"date":"2025-08-28T14:14:41","date_gmt":"2025-08-28T11:14:41","guid":{"rendered":"https:\/\/roveyayinevi.com.tr\/index.php\/urun\/merlin-serisi-6-kitap-avalon-ejderhasi\/"},"modified":"2026-04-15T03:36:29","modified_gmt":"2026-04-15T00:36:29","slug":"merlin-serisi-6-kitap-avalon-ejderhasi","status":"publish","type":"product","link":"https:\/\/roveyayinevi.com.tr\/index.php\/urun\/merlin-serisi-6-kitap-avalon-ejderhasi\/","title":{"rendered":"Merlin Serisi 6. Kitap &#8211; Avalon Ejderhas\u0131"},"content":{"rendered":"<p>Uzun y\u0131llar \u00f6nce, yeni d\u00fcnyan\u0131n \u015fafa\u011f\u0131nda k\u00fc\u00e7\u00fck, tuhaf bir yarat\u0131k ortaya \u00e7\u0131kar. Yar\u0131 kertenkele yar\u0131 yarasa olan bu garip canl\u0131n\u0131n g\u00f6zleri de pullar\u0131 kadar ye\u015fil, b\u00fcy\u00fcleyici bir \u0131\u015f\u0131k par\u0131ldamaktad\u0131r. Ne oldu\u011funu ya da ne olaca\u011f\u0131n\u0131 bilmez ama gerekirse t\u00fcm d\u00fcnyay\u0131 ba\u015ftan sona gezip kendisi gibi birini bulmaya kararl\u0131d\u0131r.Avalon\u2019la birlikte do\u011fup b\u00fcy\u00fcyen ufak yarat\u0131k, ya\u015fad\u0131\u011f\u0131 diyara ve y\u00fcce b\u00fcy\u00fcc\u00fc Merlin\u2019e derin bir sevgi beslemektedir. \u0130\u015fte bu y\u00fczden \u00e7ok sevdi\u011fi Avalon\u2019un ve  Merlin\u2019in tehlikede oldu\u011funu fark edince daha kendi i\u00e7ine yapt\u0131\u011f\u0131 yolculu\u011fu tamamlayamadan Ulu Avalon A\u011fac\u0131\u2019n\u0131n diyarlar\u0131nda tehlikeli bir maceraya at\u0131l\u0131r. Ve sadece bu tehlikelerden sa\u011f \u00e7\u0131karsa herkesi kurtarma \u015fans\u0131na ula\u015facakt\u0131r.<\/p>\n","protected":false},"excerpt":{"rendered":"<p>Uzun y\u0131llar \u00f6nce, yeni d\u00fcnyan\u0131n \u015fafa\u011f\u0131nda k\u00fc\u00e7\u00fck, tuhaf bir yarat\u0131k ortaya \u00e7\u0131kar. Yar\u0131 kertenkele yar\u0131 yarasa olan bu garip canl\u0131n\u0131n g\u00f6zleri de pullar\u0131 kadar ye\u015fil, b\u00fcy\u00fcleyici<span class=\"excerpt-hellip\"> [\u2026]<\/span><\/p>\n","protected":false},"featured_media":0,"template":"","meta":{"_monsterinsights_skip_tracking":false,"_monsterinsights_sitenote_active":false,"_monsterinsights_sitenote_note":"","_monsterinsights_sitenote_category":0},"product_brand":[],"product_cat":[12291,14777],"product_tag":[],"class_list":{"0":"post-770010","1":"product","2":"type-product","3":"status-publish","5":"product_cat-edebiyat","6":"product_cat-fantastik","7":"pa_cilt-ciltsiz","8":"pa_tur-kitap","9":"pa_yayinevi-parodi-yayinlari","10":"pa_yazar-t-a-barron","12":"first","13":"instock","14":"sale","15":"shipping-taxable","16":"purchasable","17":"product-type-simple"},"_links":{"self":[{"href":"https:\/\/roveyayinevi.com.tr\/index.php\/wp-json\/wp\/v2\/product\/770010","targetHints":{"allow":["GET"]}}],"collection":[{"href":"https:\/\/roveyayinevi.com.tr\/index.php\/wp-json\/wp\/v2\/product"}],"about":[{"href":"https:\/\/roveyayinevi.com.tr\/index.php\/wp-json\/wp\/v2\/types\/product"}],"wp:attachment":[{"href":"https:\/\/roveyayinevi.com.tr\/index.php\/wp-json\/wp\/v2\/media?parent=770010"}],"wp:term":[{"taxonomy":"product_brand","embeddable":true,"href":"https:\/\/roveyayinevi.com.tr\/index.php\/wp-json\/wp\/v2\/product_brand?post=770010"},{"taxonomy":"product_cat","embeddable":true,"href":"https:\/\/roveyayinevi.com.tr\/index.php\/wp-json\/wp\/v2\/product_cat?post=770010"},{"taxonomy":"product_tag","embeddable":true,"href":"https:\/\/roveyayinevi.com.tr\/index.php\/wp-json\/wp\/v2\/product_tag?post=770010"}],"curies":[{"name":"wp","href":"https:\/\/api.w.org\/{rel}","templated":true}]}}