{"id":770009,"date":"2025-08-28T14:14:39","date_gmt":"2025-08-28T11:14:39","guid":{"rendered":"https:\/\/roveyayinevi.com.tr\/index.php\/urun\/karanlik-miras-karanlik-zihinler-serisi-4-kitap\/"},"modified":"2026-04-15T03:36:29","modified_gmt":"2026-04-15T00:36:29","slug":"karanlik-miras-karanlik-zihinler-serisi-4-kitap","status":"publish","type":"product","link":"https:\/\/roveyayinevi.com.tr\/index.php\/urun\/karanlik-miras-karanlik-zihinler-serisi-4-kitap\/","title":{"rendered":"Karanl\u0131k Miras (Karanl\u0131k Zihinler Serisi 4. Kitap)"},"content":{"rendered":"<p>Ya\u015famak istiyorsan \u00f6l\u00fcm\u00fc g\u00f6ze al!Ben Suzume KimuraAilem taraf\u0131ndan terk edildim. Beni \u00f6ld\u00fcrmeye \u00e7al\u0131\u015fan rehabilitasyon kamp\u0131ndan ka\u00e7t\u0131m. Avc\u0131lar\u0131, askerleri, kazalar\u0131, bask\u0131nlar\u0131, \u00f6l\u00fcm\u00fc&#8230; hepsini atlatt\u0131m.Defalarca susmay\u0131 se\u00e7tim ve nihayet bu sessizli\u011fin sonuna vard\u0131m. \u015eimdi m\u00fccadele zaman\u0131!Belki iyi de\u011filim ama yeterince g\u00fc\u00e7l\u00fcy\u00fcm.\u00c7\u00fcnk\u00fc biz karanl\u0131k miras\u0131 alanlar\u0131z ancak g\u00f6lgelerde nas\u0131l b\u00fcy\u00fcd\u00fc\u011f\u00fcm\u00fcz\u00fc ve kendi \u0131\u015f\u0131\u011f\u0131m\u0131z\u0131 yaratabildi\u011fimizi kimse bilmiyor.Fakat \u00f6\u011frenmelerine \u00e7ok az kald\u0131!<\/p>\n","protected":false},"excerpt":{"rendered":"<p>Ya\u015famak istiyorsan \u00f6l\u00fcm\u00fc g\u00f6ze al!Ben Suzume KimuraAilem taraf\u0131ndan terk edildim. Beni \u00f6ld\u00fcrmeye \u00e7al\u0131\u015fan rehabilitasyon kamp\u0131ndan ka\u00e7t\u0131m. Avc\u0131lar\u0131, askerleri, kazalar\u0131, bask\u0131nlar\u0131, \u00f6l\u00fcm\u00fc&#8230; hepsini atlatt\u0131m.Defalarca susmay\u0131 se\u00e7tim ve<span class=\"excerpt-hellip\"> [\u2026]<\/span><\/p>\n","protected":false},"featured_media":0,"template":"","meta":{"_monsterinsights_skip_tracking":false,"_monsterinsights_sitenote_active":false,"_monsterinsights_sitenote_note":"","_monsterinsights_sitenote_category":0},"product_brand":[],"product_cat":[12291,14777],"product_tag":[],"class_list":{"0":"post-770009","1":"product","2":"type-product","3":"status-publish","5":"product_cat-edebiyat","6":"product_cat-fantastik","7":"pa_cilt-ciltsiz","8":"pa_tur-kitap","9":"pa_yayinevi-parodi-yayinlari","10":"pa_yazar-alexandra-bracken","12":"first","13":"instock","14":"sale","15":"shipping-taxable","16":"purchasable","17":"product-type-simple"},"_links":{"self":[{"href":"https:\/\/roveyayinevi.com.tr\/index.php\/wp-json\/wp\/v2\/product\/770009","targetHints":{"allow":["GET"]}}],"collection":[{"href":"https:\/\/roveyayinevi.com.tr\/index.php\/wp-json\/wp\/v2\/product"}],"about":[{"href":"https:\/\/roveyayinevi.com.tr\/index.php\/wp-json\/wp\/v2\/types\/product"}],"wp:attachment":[{"href":"https:\/\/roveyayinevi.com.tr\/index.php\/wp-json\/wp\/v2\/media?parent=770009"}],"wp:term":[{"taxonomy":"product_brand","embeddable":true,"href":"https:\/\/roveyayinevi.com.tr\/index.php\/wp-json\/wp\/v2\/product_brand?post=770009"},{"taxonomy":"product_cat","embeddable":true,"href":"https:\/\/roveyayinevi.com.tr\/index.php\/wp-json\/wp\/v2\/product_cat?post=770009"},{"taxonomy":"product_tag","embeddable":true,"href":"https:\/\/roveyayinevi.com.tr\/index.php\/wp-json\/wp\/v2\/product_tag?post=770009"}],"curies":[{"name":"wp","href":"https:\/\/api.w.org\/{rel}","templated":true}]}}