{"id":770008,"date":"2025-08-28T14:14:36","date_gmt":"2025-08-28T11:14:36","guid":{"rendered":"https:\/\/roveyayinevi.com.tr\/index.php\/urun\/vazgecemedigim\/"},"modified":"2026-04-15T03:36:29","modified_gmt":"2026-04-15T00:36:29","slug":"vazgecemedigim","status":"publish","type":"product","link":"https:\/\/roveyayinevi.com.tr\/index.php\/urun\/vazgecemedigim\/","title":{"rendered":"Vazge\u00e7emedi\u011fim"},"content":{"rendered":"<p>Hanginiz bilir, benim kadar,Karpuzdan fener yapmas\u0131n\u0131;Sedefli han\u00e7erle, \u00fcst\u00fcne,\u201cG\u00fclcemal\u201d resmi \u00e7izmesini;Beyit d\u00fczmesini;Mektup yazmas\u0131n\u0131;Yatmas\u0131n\u0131,Kalkmas\u0131n\u0131;Bunca y\u0131l\u0131n Halime\u2019siniHanginiz bilir, benim kadar,Memnun etmesini?De\u011firmende a\u011fartmad\u0131k biz bu sakal\u0131!Kim bilir onun gibi \u015fiir yazmas\u0131n\u0131? Yazd\u0131klar\u0131yla y\u00fcreklere dokunmas\u0131n\u0131?Bir durdurmas\u0131n\u0131, durdurup da d\u00fc\u015f\u00fcnd\u00fcrmesini? Hayata onun gibi tutunmas\u0131n\u0131 kim bilir? \u201cDeli eder insan\u0131 bu d\u00fcnya,\u201d der.Geceler, y\u0131ld\u0131zlar, tepeden t\u0131rna\u011fa \u00e7i\u00e7ek a\u00e7m\u0131\u015f a\u011fa\u00e7lar\u2026Hepsini delicesine sever. Bunlar\u0131 insana onun gibi sevdirmesini kim bilir?O sevgiyi, o tutkuyu kim Orhan Veli gibi yazabilir?<\/p>\n","protected":false},"excerpt":{"rendered":"<p>Hanginiz bilir, benim kadar,Karpuzdan fener yapmas\u0131n\u0131;Sedefli han\u00e7erle, \u00fcst\u00fcne,\u201cG\u00fclcemal\u201d resmi \u00e7izmesini;Beyit d\u00fczmesini;Mektup yazmas\u0131n\u0131;Yatmas\u0131n\u0131,Kalkmas\u0131n\u0131;Bunca y\u0131l\u0131n Halime\u2019siniHanginiz bilir, benim kadar,Memnun etmesini?De\u011firmende a\u011fartmad\u0131k biz bu sakal\u0131!Kim bilir onun gibi \u015fiir<span class=\"excerpt-hellip\"> [\u2026]<\/span><\/p>\n","protected":false},"featured_media":0,"template":"","meta":{"_monsterinsights_skip_tracking":false,"_monsterinsights_sitenote_active":false,"_monsterinsights_sitenote_note":"","_monsterinsights_sitenote_category":0},"product_brand":[],"product_cat":[12291,12509],"product_tag":[],"class_list":{"0":"post-770008","1":"product","2":"type-product","3":"status-publish","5":"product_cat-edebiyat","6":"product_cat-siir","7":"pa_cilt-ciltsiz","8":"pa_tur-kitap","9":"pa_yayinevi-parodi-yayinlari","10":"pa_yazar-orhan-veli","12":"first","13":"instock","14":"sale","15":"shipping-taxable","16":"purchasable","17":"product-type-simple"},"_links":{"self":[{"href":"https:\/\/roveyayinevi.com.tr\/index.php\/wp-json\/wp\/v2\/product\/770008","targetHints":{"allow":["GET"]}}],"collection":[{"href":"https:\/\/roveyayinevi.com.tr\/index.php\/wp-json\/wp\/v2\/product"}],"about":[{"href":"https:\/\/roveyayinevi.com.tr\/index.php\/wp-json\/wp\/v2\/types\/product"}],"wp:attachment":[{"href":"https:\/\/roveyayinevi.com.tr\/index.php\/wp-json\/wp\/v2\/media?parent=770008"}],"wp:term":[{"taxonomy":"product_brand","embeddable":true,"href":"https:\/\/roveyayinevi.com.tr\/index.php\/wp-json\/wp\/v2\/product_brand?post=770008"},{"taxonomy":"product_cat","embeddable":true,"href":"https:\/\/roveyayinevi.com.tr\/index.php\/wp-json\/wp\/v2\/product_cat?post=770008"},{"taxonomy":"product_tag","embeddable":true,"href":"https:\/\/roveyayinevi.com.tr\/index.php\/wp-json\/wp\/v2\/product_tag?post=770008"}],"curies":[{"name":"wp","href":"https:\/\/api.w.org\/{rel}","templated":true}]}}