{"id":770007,"date":"2025-08-28T14:14:33","date_gmt":"2025-08-28T11:14:33","guid":{"rendered":"https:\/\/roveyayinevi.com.tr\/index.php\/urun\/ermisin-bahcesi-7\/"},"modified":"2026-04-15T03:36:29","modified_gmt":"2026-04-15T00:36:29","slug":"ermisin-bahcesi-7","status":"publish","type":"product","link":"https:\/\/roveyayinevi.com.tr\/index.php\/urun\/ermisin-bahcesi-7\/","title":{"rendered":"Ermi\u015fin Bah\u00e7esi"},"content":{"rendered":"<p>\u201cY\u0131llar\u0131n mevsimleri,de\u011fi\u015fen d\u00fc\u015f\u00fcncelerimizden ba\u015fka nedir ki?\u201dG\u00fczellik nedir ya da \u00e7irkinlik; neye denir \u00f6zlem diyeya da nas\u0131l olur hasretlik?Hayat nedir asl\u0131nda insanlar i\u00e7in ya da nas\u0131l ba\u015f edilir zamanla?Nas\u0131l kurtulmal\u0131 umutsuzluktan?Kime demeli zengin diye veyahut ne demeli ruhu a\u00e7 olana?Nas\u0131l bulu\u015fur insan y\u00fccelikleve kim i\u00e7indir cehennem?Halil Cibran, Ermi\u015fin Bah\u00e7esi\u2019ndevar olmaya dair ne varsa anlat\u0131r, yine El Mustafa arac\u0131l\u0131\u011f\u0131yla.Usta sanat\u00e7\u0131, Ermi\u015f\u2019in devam\u0131 niteli\u011finde olan bu kitab\u0131ndahem be\u015feriyetin en hassas noktalar\u0131ndan bahsederhem de mevcudiyetimizi kavrayabilmemiz i\u00e7inbir \u0131\u015f\u0131k daha tutar yolumuza.<\/p>\n","protected":false},"excerpt":{"rendered":"<p>\u201cY\u0131llar\u0131n mevsimleri,de\u011fi\u015fen d\u00fc\u015f\u00fcncelerimizden ba\u015fka nedir ki?\u201dG\u00fczellik nedir ya da \u00e7irkinlik; neye denir \u00f6zlem diyeya da nas\u0131l olur hasretlik?Hayat nedir asl\u0131nda insanlar i\u00e7in ya da nas\u0131l ba\u015f<span class=\"excerpt-hellip\"> [\u2026]<\/span><\/p>\n","protected":false},"featured_media":0,"template":"","meta":{"_monsterinsights_skip_tracking":false,"_monsterinsights_sitenote_active":false,"_monsterinsights_sitenote_note":"","_monsterinsights_sitenote_category":0},"product_brand":[],"product_cat":[12291,12711],"product_tag":[],"class_list":{"0":"post-770007","1":"product","2":"type-product","3":"status-publish","5":"product_cat-edebiyat","6":"product_cat-roman-oyku","7":"pa_cilt-ciltsiz","8":"pa_tur-kitap","9":"pa_yayinevi-parodi-yayinlari","10":"pa_yazar-halil-cibran","12":"first","13":"instock","14":"sale","15":"shipping-taxable","16":"purchasable","17":"product-type-simple"},"_links":{"self":[{"href":"https:\/\/roveyayinevi.com.tr\/index.php\/wp-json\/wp\/v2\/product\/770007","targetHints":{"allow":["GET"]}}],"collection":[{"href":"https:\/\/roveyayinevi.com.tr\/index.php\/wp-json\/wp\/v2\/product"}],"about":[{"href":"https:\/\/roveyayinevi.com.tr\/index.php\/wp-json\/wp\/v2\/types\/product"}],"wp:attachment":[{"href":"https:\/\/roveyayinevi.com.tr\/index.php\/wp-json\/wp\/v2\/media?parent=770007"}],"wp:term":[{"taxonomy":"product_brand","embeddable":true,"href":"https:\/\/roveyayinevi.com.tr\/index.php\/wp-json\/wp\/v2\/product_brand?post=770007"},{"taxonomy":"product_cat","embeddable":true,"href":"https:\/\/roveyayinevi.com.tr\/index.php\/wp-json\/wp\/v2\/product_cat?post=770007"},{"taxonomy":"product_tag","embeddable":true,"href":"https:\/\/roveyayinevi.com.tr\/index.php\/wp-json\/wp\/v2\/product_tag?post=770007"}],"curies":[{"name":"wp","href":"https:\/\/api.w.org\/{rel}","templated":true}]}}