{"id":770005,"date":"2025-08-28T14:14:28","date_gmt":"2025-08-28T11:14:28","guid":{"rendered":"https:\/\/roveyayinevi.com.tr\/index.php\/urun\/merlin-serisi-5-kitap-bilge-buyucunun-kanatlari\/"},"modified":"2026-04-15T03:36:29","modified_gmt":"2026-04-15T00:36:29","slug":"merlin-serisi-5-kitap-bilge-buyucunun-kanatlari","status":"publish","type":"product","link":"https:\/\/roveyayinevi.com.tr\/index.php\/urun\/merlin-serisi-5-kitap-bilge-buyucunun-kanatlari\/","title":{"rendered":"Merlin Serisi 5. Kitap &#8211; Bilge B\u00fcy\u00fcc\u00fcn\u00fcn Kanatlar\u0131"},"content":{"rendered":"<p>Her \u015fey sonsuza dek yok olmak \u00fczere!Fincayra ve \u00fczerinde ya\u015fayan herkesin kaderi tehlike alt\u0131nda.Rita Gawr ve ordusu \u00d6b\u00fcrd\u00fcnya\u2019dan geri d\u00f6n\u00fcyor!Merlin bu tehdit kar\u015f\u0131s\u0131nda imk\u00e2ns\u0131z olan\u0131 ba\u015far\u0131pt\u00fcm Fincayra\u2019y\u0131 birle\u015ftirmeli ve aniden ortaya \u00e7\u0131kanesrarengiz bir d\u00fc\u015fman\u0131n zarar vermeye ba\u015flad\u0131\u011f\u0131 Fincayral\u0131 \u00e7ocuklar\u0131 korumal\u0131. Bir se\u00e7im yapmak zorunda kalan gen\u00e7 b\u00fcy\u00fcc\u00fc herkesi kurtarabilecek mi?En uzun k\u0131\u015f gecesi ba\u015fl\u0131yor!\u201cMerlin hakk\u0131nda kimse Barron ile boy \u00f6l\u00e7\u00fc\u015femez.Bu kitab\u0131yla yedi diyara renk, derinlik ve sevgi katm\u0131\u015f.Hayranlar\u0131 bu kitaba bay\u0131lacak.\u201d\u2013 School Library Journal\u201cBarron, Merlin destan\u0131 hayranlar\u0131n\u0131 hayal k\u0131r\u0131kl\u0131\u011f\u0131na u\u011fratmayacak bir ba\u015fyap\u0131tla kar\u015f\u0131m\u0131zda.\u201d\u2013 Booklist.<\/p>\n","protected":false},"excerpt":{"rendered":"<p>Her \u015fey sonsuza dek yok olmak \u00fczere!Fincayra ve \u00fczerinde ya\u015fayan herkesin kaderi tehlike alt\u0131nda.Rita Gawr ve ordusu \u00d6b\u00fcrd\u00fcnya\u2019dan geri d\u00f6n\u00fcyor!Merlin bu tehdit kar\u015f\u0131s\u0131nda imk\u00e2ns\u0131z olan\u0131 ba\u015far\u0131pt\u00fcm<span class=\"excerpt-hellip\"> [\u2026]<\/span><\/p>\n","protected":false},"featured_media":0,"template":"","meta":{"_monsterinsights_skip_tracking":false,"_monsterinsights_sitenote_active":false,"_monsterinsights_sitenote_note":"","_monsterinsights_sitenote_category":0},"product_brand":[],"product_cat":[12291,14777],"product_tag":[],"class_list":{"0":"post-770005","1":"product","2":"type-product","3":"status-publish","5":"product_cat-edebiyat","6":"product_cat-fantastik","7":"pa_cilt-ciltsiz","8":"pa_tur-kitap","9":"pa_yayinevi-parodi-yayinlari","10":"pa_yazar-t-a-barron","12":"first","13":"instock","14":"sale","15":"shipping-taxable","16":"purchasable","17":"product-type-simple"},"_links":{"self":[{"href":"https:\/\/roveyayinevi.com.tr\/index.php\/wp-json\/wp\/v2\/product\/770005","targetHints":{"allow":["GET"]}}],"collection":[{"href":"https:\/\/roveyayinevi.com.tr\/index.php\/wp-json\/wp\/v2\/product"}],"about":[{"href":"https:\/\/roveyayinevi.com.tr\/index.php\/wp-json\/wp\/v2\/types\/product"}],"wp:attachment":[{"href":"https:\/\/roveyayinevi.com.tr\/index.php\/wp-json\/wp\/v2\/media?parent=770005"}],"wp:term":[{"taxonomy":"product_brand","embeddable":true,"href":"https:\/\/roveyayinevi.com.tr\/index.php\/wp-json\/wp\/v2\/product_brand?post=770005"},{"taxonomy":"product_cat","embeddable":true,"href":"https:\/\/roveyayinevi.com.tr\/index.php\/wp-json\/wp\/v2\/product_cat?post=770005"},{"taxonomy":"product_tag","embeddable":true,"href":"https:\/\/roveyayinevi.com.tr\/index.php\/wp-json\/wp\/v2\/product_tag?post=770005"}],"curies":[{"name":"wp","href":"https:\/\/api.w.org\/{rel}","templated":true}]}}