{"id":769999,"date":"2025-08-28T14:14:11","date_gmt":"2025-08-28T11:14:11","guid":{"rendered":"https:\/\/roveyayinevi.com.tr\/index.php\/urun\/degirmen-18\/"},"modified":"2026-04-15T03:36:28","modified_gmt":"2026-04-15T00:36:28","slug":"degirmen-18","status":"publish","type":"product","link":"https:\/\/roveyayinevi.com.tr\/index.php\/urun\/degirmen-18\/","title":{"rendered":"De\u011firmen"},"content":{"rendered":"<p>\u201cSen sevgiline ne verebilirsin sanki?Kalbini mi?Pek\u00e2l\u00e2, ikincisine? Gene mi o?\u00dc\u00e7\u00fcnc\u00fc ve d\u00f6rd\u00fcnc\u00fcye de mi o?..Atma be ada\u015f\u0131m, ka\u00e7 tane kalbin var senin?..Hem biliyor musun, bu aptalca bir laft\u0131r.Kalbin oldu\u011fu yerde duruyor ve sen onu filana veya falana veriyorsun&#8230;G\u00f6\u011fs\u00fcn\u00fc yararak o eti oradan \u00e7\u0131kar\u0131r ve sevgilinin \u00f6n\u00fcne atarsano zaman kalbini vermi\u015f olursun&#8230;\u201dAnlat\u0131lacak hikayelere d\u00f6n\u00fc\u015fmek isteyen \u015feyler hi\u00e7bir engel tan\u0131maz.Ve anlatacak hikayeleri olan insanlar s\u00f6zc\u00fckleri asla b\u0131rakmaz.Engel tan\u0131mayan yanlar\u0131m\u0131z\u0131 dinlemekle eskimeyecek birer senfoni,bak\u0131lmaya doyulmayacak birer tablo,anlatmakla t\u00fckenmeyecek birer hik\u00e2ye haline getirenSabahattin Ali\u2019nin g\u00fc\u00e7l\u00fc kaleminden \u00e7\u0131kan \u00f6yk\u00fclerinden bir se\u00e7ki\u2026<\/p>\n","protected":false},"excerpt":{"rendered":"<p>\u201cSen sevgiline ne verebilirsin sanki?Kalbini mi?Pek\u00e2l\u00e2, ikincisine? Gene mi o?\u00dc\u00e7\u00fcnc\u00fc ve d\u00f6rd\u00fcnc\u00fcye de mi o?..Atma be ada\u015f\u0131m, ka\u00e7 tane kalbin var senin?..Hem biliyor musun, bu aptalca<span class=\"excerpt-hellip\"> [\u2026]<\/span><\/p>\n","protected":false},"featured_media":0,"template":"","meta":{"_monsterinsights_skip_tracking":false,"_monsterinsights_sitenote_active":false,"_monsterinsights_sitenote_note":"","_monsterinsights_sitenote_category":0},"product_brand":[],"product_cat":[12291,12292],"product_tag":[],"class_list":{"0":"post-769999","1":"product","2":"type-product","3":"status-publish","5":"product_cat-edebiyat","6":"product_cat-turk-edebiyati","7":"pa_cilt-ciltsiz","8":"pa_tur-kitap","9":"pa_yayinevi-parodi-yayinlari","10":"pa_yazar-sabahattin-ali","12":"first","13":"instock","14":"sale","15":"shipping-taxable","16":"purchasable","17":"product-type-simple"},"_links":{"self":[{"href":"https:\/\/roveyayinevi.com.tr\/index.php\/wp-json\/wp\/v2\/product\/769999","targetHints":{"allow":["GET"]}}],"collection":[{"href":"https:\/\/roveyayinevi.com.tr\/index.php\/wp-json\/wp\/v2\/product"}],"about":[{"href":"https:\/\/roveyayinevi.com.tr\/index.php\/wp-json\/wp\/v2\/types\/product"}],"wp:attachment":[{"href":"https:\/\/roveyayinevi.com.tr\/index.php\/wp-json\/wp\/v2\/media?parent=769999"}],"wp:term":[{"taxonomy":"product_brand","embeddable":true,"href":"https:\/\/roveyayinevi.com.tr\/index.php\/wp-json\/wp\/v2\/product_brand?post=769999"},{"taxonomy":"product_cat","embeddable":true,"href":"https:\/\/roveyayinevi.com.tr\/index.php\/wp-json\/wp\/v2\/product_cat?post=769999"},{"taxonomy":"product_tag","embeddable":true,"href":"https:\/\/roveyayinevi.com.tr\/index.php\/wp-json\/wp\/v2\/product_tag?post=769999"}],"curies":[{"name":"wp","href":"https:\/\/api.w.org\/{rel}","templated":true}]}}