{"id":769998,"date":"2025-08-28T14:14:09","date_gmt":"2025-08-28T11:14:09","guid":{"rendered":"https:\/\/roveyayinevi.com.tr\/index.php\/urun\/merlin-9-ulu-avalon-agaci\/"},"modified":"2026-04-15T03:36:28","modified_gmt":"2026-04-15T00:36:28","slug":"merlin-9-ulu-avalon-agaci","status":"publish","type":"product","link":"https:\/\/roveyayinevi.com.tr\/index.php\/urun\/merlin-9-ulu-avalon-agaci\/","title":{"rendered":"Merlin 9 &#8211; Ulu Avalon A\u011fac\u0131"},"content":{"rendered":"<p>ANITA SILVEY TARAFINDAN \u201cGEN\u00c7-YET\u0130\u015eK\u0130N OKURLAR \u0130\u00c7\u0130N EN \u0130Y\u0130 500 K\u0130TAP\u201d ARASINDA G\u00d6STER\u0130LM\u0130\u015eT\u0130R. \u00d6d\u00fcller: Georgia Kitap \u00d6d\u00fcl\u00fc Colorado Kitap \u00d6d\u00fcl\u00fc South Carolina Kitap \u00d6d\u00fcl\u00fc Massachusetts Kitap \u00d6d\u00fcl\u00fc G\u00f6l\u00fcn Han\u0131m\u0131\u2019n\u0131n y\u0131llar evvel dile getirdi\u011fi Kara Kehanet ger\u00e7ekle\u015fir ve Avalon\u2019un y\u0131ld\u0131zlar\u0131 birbiri ard\u0131na s\u00f6nmeye ba\u015flar. Karanl\u0131k Y\u0131l ad\u0131 verilen bu y\u0131lda do\u011facak bir \u00e7ocuk, say\u0131s\u0131z canl\u0131n\u0131n payla\u015ft\u0131\u011f\u0131 yeg\u00e2ne d\u00fcnya Avalon\u2019un sonunu getirecektir. Bu diyar\u0131 kurtaracak ki\u015fiyse Merlin\u2019in ger\u00e7ek v\u00e2risinden ba\u015fkas\u0131 de\u011fildir. Ancak Kara Kehanet\u2019in \u00e7ocu\u011funu da Merlin\u2019in ger\u00e7ek v\u00e2risini de kimseler bilmez&#8230; Aradan ge\u00e7en on yedi y\u0131ldan sonra \u015fiddetli bir kurakl\u0131\u011f\u0131n pen\u00e7esine d\u00fc\u015fm\u00fc\u015ft\u00fcr Avalon; o da yetmezmi\u015f gibi B\u00fcy\u00fcc\u00fc Asas\u0131\u2019n\u0131n y\u0131ld\u0131zlar\u0131 da birer birer kaybolmaya ba\u015flam\u0131\u015ft\u0131r. Pek \u00e7oklar\u0131 bunun Kara Kehanet\u2019in \u00e7ocu\u011funun ya\u015fad\u0131\u011f\u0131n\u0131n ve g\u00fc\u00e7lendi\u011finin kan\u0131t\u0131 olarak g\u00f6r\u00fcr. Ve bunun da ancak tek bir anlam\u0131 vard\u0131r: Avalon\u2019un sonu gelmi\u015ftir.<\/p>\n","protected":false},"excerpt":{"rendered":"<p>ANITA SILVEY TARAFINDAN \u201cGEN\u00c7-YET\u0130\u015eK\u0130N OKURLAR \u0130\u00c7\u0130N EN \u0130Y\u0130 500 K\u0130TAP\u201d ARASINDA G\u00d6STER\u0130LM\u0130\u015eT\u0130R. \u00d6d\u00fcller: Georgia Kitap \u00d6d\u00fcl\u00fc Colorado Kitap \u00d6d\u00fcl\u00fc South Carolina Kitap \u00d6d\u00fcl\u00fc Massachusetts Kitap \u00d6d\u00fcl\u00fc<span class=\"excerpt-hellip\"> [\u2026]<\/span><\/p>\n","protected":false},"featured_media":0,"template":"","meta":{"_monsterinsights_skip_tracking":false,"_monsterinsights_sitenote_active":false,"_monsterinsights_sitenote_note":"","_monsterinsights_sitenote_category":0},"product_brand":[],"product_cat":[12291,14777],"product_tag":[],"class_list":{"0":"post-769998","1":"product","2":"type-product","3":"status-publish","5":"product_cat-edebiyat","6":"product_cat-fantastik","7":"pa_cilt-ciltsiz","8":"pa_tur-kitap","9":"pa_yayinevi-parodi-yayinlari","10":"pa_yazar-t-a-barron","12":"first","13":"instock","14":"sale","15":"shipping-taxable","16":"purchasable","17":"product-type-simple"},"_links":{"self":[{"href":"https:\/\/roveyayinevi.com.tr\/index.php\/wp-json\/wp\/v2\/product\/769998","targetHints":{"allow":["GET"]}}],"collection":[{"href":"https:\/\/roveyayinevi.com.tr\/index.php\/wp-json\/wp\/v2\/product"}],"about":[{"href":"https:\/\/roveyayinevi.com.tr\/index.php\/wp-json\/wp\/v2\/types\/product"}],"wp:attachment":[{"href":"https:\/\/roveyayinevi.com.tr\/index.php\/wp-json\/wp\/v2\/media?parent=769998"}],"wp:term":[{"taxonomy":"product_brand","embeddable":true,"href":"https:\/\/roveyayinevi.com.tr\/index.php\/wp-json\/wp\/v2\/product_brand?post=769998"},{"taxonomy":"product_cat","embeddable":true,"href":"https:\/\/roveyayinevi.com.tr\/index.php\/wp-json\/wp\/v2\/product_cat?post=769998"},{"taxonomy":"product_tag","embeddable":true,"href":"https:\/\/roveyayinevi.com.tr\/index.php\/wp-json\/wp\/v2\/product_tag?post=769998"}],"curies":[{"name":"wp","href":"https:\/\/api.w.org\/{rel}","templated":true}]}}