{"id":769997,"date":"2025-08-28T14:14:07","date_gmt":"2025-08-28T11:14:07","guid":{"rendered":"https:\/\/roveyayinevi.com.tr\/index.php\/urun\/arabalar-bes-kurusa\/"},"modified":"2026-04-15T03:36:28","modified_gmt":"2026-04-15T00:36:28","slug":"arabalar-bes-kurusa","status":"publish","type":"product","link":"https:\/\/roveyayinevi.com.tr\/index.php\/urun\/arabalar-bes-kurusa\/","title":{"rendered":"Arabalar Be\u015f Kuru\u015fa"},"content":{"rendered":"<p>\u201c\u0130nsanlara pek g\u00fc\u00e7 meram anlat\u0131yordu; yar\u0131m saat u\u011fra\u015farak bir kelime \u00e7\u0131karabiliyor, etraf\u0131ndakileri g\u00fcld\u00fcrmese bile s\u0131k\u0131yor, daha fazla da kendisi s\u0131k\u0131l\u0131yordu. Deniz ona olduk\u00e7a m\u00fckemmel bir arkada\u015ft\u0131. Ba\u015falt\u0131ndaki kirli yata\u011f\u0131nda, geminin burnuna \u00e7arpan dalgalar\u0131n u\u011fultusunu dinler, onlar\u0131 uykusunda bile duyard\u0131.Zaten s\u0131kmadan uzun uzun anlatmas\u0131n\u0131 bilen yeg\u00e2ne geveze, denizdir. \u00d6m\u00fcrlerinin d\u00f6rtte \u00fc\u00e7\u00fcn\u00fc denizde ge\u00e7iren ihtiyarlar\u0131n aras\u0131nda bile sular\u0131n sesini s\u0131k\u0131c\u0131, yeknesak bulan, bu sesten b\u0131kan birine tesad\u00fcf edilmemi\u015ftir.\u201d(\u2018Bir Gemici Hikayesi\u2019 adl\u0131 \u00f6yk\u00fcden)Kimi kelimeler i\u00e7inde hem hayat\u0131 ta\u015f\u0131r hem de onun sunamad\u0131klar\u0131n\u0131. Bu y\u00fczdendir ki bazen bir araya gelir vehayat\u0131n verdi\u011finden \u00e7ok daha fazlas\u0131n\u0131 ya\u015fat\u0131r insano\u011fluna. Baz\u0131 insanlar da hayat\u0131 kelimelerin i\u00e7inden ya\u015far; onlarla bakar, duyar ve kimsenin bilmedi\u011fi \u015feylerden bahsederler yine insanlara. Bize g\u00f6rd\u00fc\u011f\u00fcm\u00fczden fazlas\u0131n\u0131 anlatan ve hayat\u0131 kelimelerin i\u00e7inden ya\u015fayarak onlar\u0131 soluyan Sabahattin Ali\u2019nin kuvvetli kaleminden \u00e7\u0131kan \u00f6yk\u00fclerinden bir se\u00e7ki\u2026<\/p>\n","protected":false},"excerpt":{"rendered":"<p>\u201c\u0130nsanlara pek g\u00fc\u00e7 meram anlat\u0131yordu; yar\u0131m saat u\u011fra\u015farak bir kelime \u00e7\u0131karabiliyor, etraf\u0131ndakileri g\u00fcld\u00fcrmese bile s\u0131k\u0131yor, daha fazla da kendisi s\u0131k\u0131l\u0131yordu. Deniz ona olduk\u00e7a m\u00fckemmel bir arkada\u015ft\u0131.<span class=\"excerpt-hellip\"> [\u2026]<\/span><\/p>\n","protected":false},"featured_media":0,"template":"","meta":{"_monsterinsights_skip_tracking":false,"_monsterinsights_sitenote_active":false,"_monsterinsights_sitenote_note":"","_monsterinsights_sitenote_category":0},"product_brand":[],"product_cat":[12291,12292],"product_tag":[],"class_list":{"0":"post-769997","1":"product","2":"type-product","3":"status-publish","5":"product_cat-edebiyat","6":"product_cat-turk-edebiyati","7":"pa_cilt-ciltsiz","8":"pa_tur-kitap","9":"pa_yayinevi-parodi-yayinlari","10":"pa_yazar-sabahattin-ali","12":"first","13":"instock","14":"sale","15":"shipping-taxable","16":"purchasable","17":"product-type-simple"},"_links":{"self":[{"href":"https:\/\/roveyayinevi.com.tr\/index.php\/wp-json\/wp\/v2\/product\/769997","targetHints":{"allow":["GET"]}}],"collection":[{"href":"https:\/\/roveyayinevi.com.tr\/index.php\/wp-json\/wp\/v2\/product"}],"about":[{"href":"https:\/\/roveyayinevi.com.tr\/index.php\/wp-json\/wp\/v2\/types\/product"}],"wp:attachment":[{"href":"https:\/\/roveyayinevi.com.tr\/index.php\/wp-json\/wp\/v2\/media?parent=769997"}],"wp:term":[{"taxonomy":"product_brand","embeddable":true,"href":"https:\/\/roveyayinevi.com.tr\/index.php\/wp-json\/wp\/v2\/product_brand?post=769997"},{"taxonomy":"product_cat","embeddable":true,"href":"https:\/\/roveyayinevi.com.tr\/index.php\/wp-json\/wp\/v2\/product_cat?post=769997"},{"taxonomy":"product_tag","embeddable":true,"href":"https:\/\/roveyayinevi.com.tr\/index.php\/wp-json\/wp\/v2\/product_tag?post=769997"}],"curies":[{"name":"wp","href":"https:\/\/api.w.org\/{rel}","templated":true}]}}