{"id":769993,"date":"2025-08-28T14:13:54","date_gmt":"2025-08-28T11:13:54","guid":{"rendered":"https:\/\/roveyayinevi.com.tr\/index.php\/urun\/dava-16\/"},"modified":"2026-04-07T03:30:34","modified_gmt":"2026-04-07T00:30:34","slug":"dava-16","status":"publish","type":"product","link":"https:\/\/roveyayinevi.com.tr\/index.php\/urun\/dava-16\/","title":{"rendered":"Dava"},"content":{"rendered":"<p>Bir bankada \u015fef olarak \u00e7al\u0131\u015f\u0131p etliye s\u00fctl\u00fcye kar\u0131\u015fmadan ya\u015fayan Josef K., bir sabah uyand\u0131\u011f\u0131nda kendisini ne oldu\u011fu anla\u015f\u0131lamayan bir davan\u0131n san\u0131\u011f\u0131 olarak bulur. Bu andan itibaren de hayat\u0131 alt\u00fcst olur.A\u00e7\u0131lan davan\u0131n i\u00e7eri\u011fi, nerede ve kimler taraf\u0131ndan yarg\u0131lanaca\u011f\u0131, davan\u0131n nas\u0131l g\u00f6r\u00fclece\u011fi, kendisine y\u00f6neltilen su\u00e7laman\u0131n kayna\u011f\u0131, kan\u0131tlar\u0131n olup olmad\u0131\u011f\u0131 hem belirsizdir hem de biraz kurcalay\u0131nca anlams\u0131z bir sa\u00e7mal\u0131\u011fa d\u00f6n\u00fc\u015fmektedir.Josef K., tam anlam\u0131yla bir belan\u0131n ortas\u0131na d\u00fc\u015fm\u00fc\u015ft\u00fcr. Asl\u0131nda onun kendisini i\u00e7inde buldu\u011fu durum, modern insan\u0131n i\u00e7ine d\u00fc\u015ft\u00fc\u011f\u00fc belalar\u0131n bir simgesidir.Kafka, bu eserinde Josef K. ve onun davas\u0131 \u00fczerinden b\u00fcrokrasi, otorite, iktidar g\u00fcc\u00fc, birey \u00f6zg\u00fcrl\u00fc\u011f\u00fc, g\u00f6n\u00fcll\u00fc kulluk, \u00f6\u011frenilmi\u015f \u00e7aresizlik, r\u0131zan\u0131n \u00f6rg\u00fctlenmesi, me\u015fruiyet olu\u015fturma gibitoplumsal bilimler ve felsefenin belli ba\u015fl\u0131 kavramlar\u0131n\u0131 okurun zihnine boca ediyor.Okur, kendi me\u015frebine ve d\u00fc\u015f\u00fcnce sistemati\u011fine g\u00f6re kitab\u0131 okurken bu kavramlardan baz\u0131lar\u0131n\u0131 ister istemez irdelemeye ba\u015fl\u0131yor.Josef K. ile birlikte modern ya\u015fam\u0131n \u00fcretti\u011fi toplumsal heyulalar ve hurafeler  olarak de\u011fi\u015fik kurumlar ve d\u00fc\u015f\u00fcnceler konusunda amans\u0131z bir hesapla\u015fmaya giriyor, daha do\u011frusu girmek zorunda kal\u0131yor!<\/p>\n","protected":false},"excerpt":{"rendered":"<p>Bir bankada \u015fef olarak \u00e7al\u0131\u015f\u0131p etliye s\u00fctl\u00fcye kar\u0131\u015fmadan ya\u015fayan Josef K., bir sabah uyand\u0131\u011f\u0131nda kendisini ne oldu\u011fu anla\u015f\u0131lamayan bir davan\u0131n san\u0131\u011f\u0131 olarak bulur. Bu andan itibaren<span class=\"excerpt-hellip\"> [\u2026]<\/span><\/p>\n","protected":false},"featured_media":0,"template":"","meta":{"_monsterinsights_skip_tracking":false,"_monsterinsights_sitenote_active":false,"_monsterinsights_sitenote_note":"","_monsterinsights_sitenote_category":0},"product_brand":[],"product_cat":[12291,12711],"product_tag":[],"class_list":{"0":"post-769993","1":"product","2":"type-product","3":"status-publish","5":"product_cat-edebiyat","6":"product_cat-roman-oyku","7":"pa_cilt-ciltsiz","8":"pa_tur-kitap","9":"pa_yayinevi-parodi-yayinlari","10":"pa_yazar-franz-kafka","12":"first","13":"instock","14":"sale","15":"shipping-taxable","16":"purchasable","17":"product-type-simple"},"_links":{"self":[{"href":"https:\/\/roveyayinevi.com.tr\/index.php\/wp-json\/wp\/v2\/product\/769993","targetHints":{"allow":["GET"]}}],"collection":[{"href":"https:\/\/roveyayinevi.com.tr\/index.php\/wp-json\/wp\/v2\/product"}],"about":[{"href":"https:\/\/roveyayinevi.com.tr\/index.php\/wp-json\/wp\/v2\/types\/product"}],"wp:attachment":[{"href":"https:\/\/roveyayinevi.com.tr\/index.php\/wp-json\/wp\/v2\/media?parent=769993"}],"wp:term":[{"taxonomy":"product_brand","embeddable":true,"href":"https:\/\/roveyayinevi.com.tr\/index.php\/wp-json\/wp\/v2\/product_brand?post=769993"},{"taxonomy":"product_cat","embeddable":true,"href":"https:\/\/roveyayinevi.com.tr\/index.php\/wp-json\/wp\/v2\/product_cat?post=769993"},{"taxonomy":"product_tag","embeddable":true,"href":"https:\/\/roveyayinevi.com.tr\/index.php\/wp-json\/wp\/v2\/product_tag?post=769993"}],"curies":[{"name":"wp","href":"https:\/\/api.w.org\/{rel}","templated":true}]}}