{"id":769985,"date":"2025-08-28T14:13:34","date_gmt":"2025-08-28T11:13:34","guid":{"rendered":"https:\/\/roveyayinevi.com.tr\/index.php\/urun\/korku-18\/"},"modified":"2026-04-15T03:36:28","modified_gmt":"2026-04-15T00:36:28","slug":"korku-18","status":"publish","type":"product","link":"https:\/\/roveyayinevi.com.tr\/index.php\/urun\/korku-18\/","title":{"rendered":"Korku"},"content":{"rendered":"<p>Huzurlu bir yuva, iki g\u00fczel \u00e7ocuk ve sevecen bir e\u015ften ba\u015fka bir \u015feye ihtiya\u00e7 duymad\u0131\u011f\u0131n\u0131 onlar\u0131 ancak kaybetme tehlikesiyle kar\u015f\u0131 kar\u015f\u0131ya kal\u0131nca anlayan bir kad\u0131nd\u0131 Bayan Irene. Y\u0131llarca s\u00fcren evlili\u011finden ve burjuva ya\u015fant\u0131s\u0131ndan bunalarak yasak a\u015fk\u0131n tehlikeli sular\u0131na yelken a\u00e7m\u0131\u015f ve bir \u015fantajc\u0131n\u0131n \u00e7\u0131k\u0131p gelmesiyle d\u00fcnyas\u0131 ba\u015f\u0131na y\u0131k\u0131lm\u0131\u015ft\u0131.Ne olacakt\u0131 \u015fimdi? K\u0131ymetini yeni yeni anlad\u0131\u011f\u0131 t\u00fcm bu g\u00fczellikler bir insan\u0131n iki duda\u011f\u0131 aras\u0131nda m\u0131yd\u0131 art\u0131k? Bu sonsuza kadar b\u00f6yle s\u00fcr\u00fcp gidemezdi. Ya itiraf edecek cesareti kendinde bulacak ya da \u00f6lecekti. Do\u011fam\u0131zda bizleri tehlikelere at\u0131lmaya zorlayan bir \u015feyler var elbet ama bunlar bir bedel gerektirir mi? Mutluluk nedir, ahlak nedir, sadakat nerede ba\u015flar ve biter ?\u0130nsan karanl\u0131k tutkular\u0131n\u0131 m\u0131 takip etmelidir yoksa kendisine al\u00e7ak da olsa duvarlar m\u0131 \u00f6rmelidir? Stefan Zweig bu eserinde incelikli anlat\u0131m\u0131yla bizleri bamba\u015fka diyarlara g\u00f6t\u00fcr\u00fcyor. Fakat tabii ki kafam\u0131zda yine insano\u011fluna dair t\u00fcrl\u00fc d\u00fc\u015f\u00fcncelerle&#8230;<\/p>\n","protected":false},"excerpt":{"rendered":"<p>Huzurlu bir yuva, iki g\u00fczel \u00e7ocuk ve sevecen bir e\u015ften ba\u015fka bir \u015feye ihtiya\u00e7 duymad\u0131\u011f\u0131n\u0131 onlar\u0131 ancak kaybetme tehlikesiyle kar\u015f\u0131 kar\u015f\u0131ya kal\u0131nca anlayan bir kad\u0131nd\u0131 Bayan<span class=\"excerpt-hellip\"> [\u2026]<\/span><\/p>\n","protected":false},"featured_media":0,"template":"","meta":{"_monsterinsights_skip_tracking":false,"_monsterinsights_sitenote_active":false,"_monsterinsights_sitenote_note":"","_monsterinsights_sitenote_category":0},"product_brand":[],"product_cat":[12291,12711],"product_tag":[],"class_list":{"0":"post-769985","1":"product","2":"type-product","3":"status-publish","5":"product_cat-edebiyat","6":"product_cat-roman-oyku","7":"pa_cilt-ciltsiz","8":"pa_tur-kitap","9":"pa_yayinevi-parodi-yayinlari","10":"pa_yazar-stefan-zweig","12":"first","13":"instock","14":"sale","15":"shipping-taxable","16":"purchasable","17":"product-type-simple"},"_links":{"self":[{"href":"https:\/\/roveyayinevi.com.tr\/index.php\/wp-json\/wp\/v2\/product\/769985","targetHints":{"allow":["GET"]}}],"collection":[{"href":"https:\/\/roveyayinevi.com.tr\/index.php\/wp-json\/wp\/v2\/product"}],"about":[{"href":"https:\/\/roveyayinevi.com.tr\/index.php\/wp-json\/wp\/v2\/types\/product"}],"wp:attachment":[{"href":"https:\/\/roveyayinevi.com.tr\/index.php\/wp-json\/wp\/v2\/media?parent=769985"}],"wp:term":[{"taxonomy":"product_brand","embeddable":true,"href":"https:\/\/roveyayinevi.com.tr\/index.php\/wp-json\/wp\/v2\/product_brand?post=769985"},{"taxonomy":"product_cat","embeddable":true,"href":"https:\/\/roveyayinevi.com.tr\/index.php\/wp-json\/wp\/v2\/product_cat?post=769985"},{"taxonomy":"product_tag","embeddable":true,"href":"https:\/\/roveyayinevi.com.tr\/index.php\/wp-json\/wp\/v2\/product_tag?post=769985"}],"curies":[{"name":"wp","href":"https:\/\/api.w.org\/{rel}","templated":true}]}}