{"id":769984,"date":"2025-08-28T14:13:32","date_gmt":"2025-08-28T11:13:32","guid":{"rendered":"https:\/\/roveyayinevi.com.tr\/index.php\/urun\/mars-bize-ne-kadar-uzak\/"},"modified":"2026-04-15T03:36:28","modified_gmt":"2026-04-15T00:36:28","slug":"mars-bize-ne-kadar-uzak","status":"publish","type":"product","link":"https:\/\/roveyayinevi.com.tr\/index.php\/urun\/mars-bize-ne-kadar-uzak\/","title":{"rendered":"Mars Bize Ne Kadar Uzak?"},"content":{"rendered":"<p>Mars ne kadar uzak? D\u00fcnya ne kadar yak\u0131n? Her \u015feyin \u00f6tesinde bir umut var m\u0131? Sene 2063\u2026 Ya\u015fam\u0131n merkezi olan D\u00fcnya, insanlar y\u00fcz\u00fcnden ya\u015fanmaz bir hale gelmi\u015ftir. \u0130nsanlar Mars\u2019a g\u00f6\u00e7 ettiklerindeyse bir \u015feyler de\u011fi\u015fmeye ba\u015flam\u0131\u015ft\u0131r. \u0130ki dost, fare ile z\u00fcrafa, terk edilmi\u015f yery\u00fcz\u00fcnde bir ke\u015ffe \u00e7\u0131kar. \u0130nsanlar\u0131n yoklu\u011funda yerk\u00fcrenin yava\u015f yava\u015f iyile\u015fmeye ba\u015flad\u0131\u011f\u0131n\u0131 fark ederler. Do\u011faya ve insana dair hem ele\u015ftiri hem de umut dolu s\u0131cac\u0131k bir hik\u00e2ye\u2026 Tolga \u00d6ztorun\u2019un kalem ald\u0131\u011f\u0131 B\u00fc\u015fra \u00c7akmak\u2019\u0131n resimledi\u011fi bu kitap \u00e7ocuklara iklim krizini anlat\u0131yor. Okul \u00f6ncesi d\u00f6nem ile okul d\u00f6nemindeki \u00e7ocuklara hitap ediyor.<\/p>\n","protected":false},"excerpt":{"rendered":"<p>Mars ne kadar uzak? D\u00fcnya ne kadar yak\u0131n? Her \u015feyin \u00f6tesinde bir umut var m\u0131? Sene 2063\u2026 Ya\u015fam\u0131n merkezi olan D\u00fcnya, insanlar y\u00fcz\u00fcnden ya\u015fanmaz bir hale<span class=\"excerpt-hellip\"> [\u2026]<\/span><\/p>\n","protected":false},"featured_media":0,"template":"","meta":{"_monsterinsights_skip_tracking":false,"_monsterinsights_sitenote_active":false,"_monsterinsights_sitenote_note":"","_monsterinsights_sitenote_category":0},"product_brand":[],"product_cat":[12274,12518],"product_tag":[],"class_list":{"0":"post-769984","1":"product","2":"type-product","3":"status-publish","5":"product_cat-cocuk-ve-genclik-kitaplari","6":"product_cat-okul-oncesi-kitaplar","7":"pa_cilt-ciltsiz","8":"pa_tur-kitap","9":"pa_yayinevi-literatur-yayinevi","10":"pa_yazar-tolga-oztorun","12":"first","13":"instock","14":"sale","15":"shipping-taxable","16":"purchasable","17":"product-type-simple"},"_links":{"self":[{"href":"https:\/\/roveyayinevi.com.tr\/index.php\/wp-json\/wp\/v2\/product\/769984","targetHints":{"allow":["GET"]}}],"collection":[{"href":"https:\/\/roveyayinevi.com.tr\/index.php\/wp-json\/wp\/v2\/product"}],"about":[{"href":"https:\/\/roveyayinevi.com.tr\/index.php\/wp-json\/wp\/v2\/types\/product"}],"wp:attachment":[{"href":"https:\/\/roveyayinevi.com.tr\/index.php\/wp-json\/wp\/v2\/media?parent=769984"}],"wp:term":[{"taxonomy":"product_brand","embeddable":true,"href":"https:\/\/roveyayinevi.com.tr\/index.php\/wp-json\/wp\/v2\/product_brand?post=769984"},{"taxonomy":"product_cat","embeddable":true,"href":"https:\/\/roveyayinevi.com.tr\/index.php\/wp-json\/wp\/v2\/product_cat?post=769984"},{"taxonomy":"product_tag","embeddable":true,"href":"https:\/\/roveyayinevi.com.tr\/index.php\/wp-json\/wp\/v2\/product_tag?post=769984"}],"curies":[{"name":"wp","href":"https:\/\/api.w.org\/{rel}","templated":true}]}}