{"id":769983,"date":"2025-08-28T14:13:30","date_gmt":"2025-08-28T11:13:30","guid":{"rendered":"https:\/\/roveyayinevi.com.tr\/index.php\/urun\/gezgin-ciltli-yolcu-serisi-2-kitap\/"},"modified":"2026-04-15T03:36:28","modified_gmt":"2026-04-15T00:36:28","slug":"gezgin-ciltli-yolcu-serisi-2-kitap","status":"publish","type":"product","link":"https:\/\/roveyayinevi.com.tr\/index.php\/urun\/gezgin-ciltli-yolcu-serisi-2-kitap\/","title":{"rendered":"Gezgin (Ciltli) Yolcu Serisi 2. Kitap"},"content":{"rendered":"<p>Sonsuzluk i\u00e7in zaman\u0131 \u00f6ld\u00fcrebilir mi ?Etta ve Nicholas. Kadere y\u00f6n verenin tesad\u00fcfler de\u011fil se\u00e7imler oldu\u011fu bir d\u00fcnyada a\u015f\u0131k oldular. Birlikte de kalabilirlerdi, sonsuza dek ayr\u0131 da d\u00fc\u015febilirlerdi. Tarih ellerinde \u015fekillenmi\u015fti. Fakat sava\u015f\u0131n, y\u0131k\u0131m\u0131n ve kay\u0131plar\u0131n oldu\u011fu bir tarihti bu. Defalarca ba\u015ftan yaz\u0131lm\u0131\u015f, her seferinde biraz daha k\u00f6t\u00fcye giden bir tarih hem de. T\u00fcm d\u00fcnyan\u0131n kaderi zaman\u0131n \u00f6tesinde, u\u011fruna sava\u015flar verilen usturlab\u0131n yok edilmesine ba\u011fl\u0131\u2026 Herkes birbirinden sonsuza dek kopacak olsa bile\u2026\u0130nsanl\u0131\u011f\u0131n gelece\u011fi, yap\u0131lacak tek bir se\u00e7ime ba\u011fl\u0131ysa sadece do\u011fru olan\u0131 yap\u0131p her \u015feyi d\u00fczeltmek u\u011fruna sevdiklerinden kim vazge\u00e7ebilir?\u201cBracken\u2019\u0131n hayranl\u0131k uyand\u0131ran bir tarih bilgisi var. Yaz\u0131m\u0131 par\u0131ld\u0131yor. Heyecanl\u0131, olduk\u00e7a iyi anlat\u0131lm\u0131\u015f bir hikaye.\u201d- School Library Journal\u201cBracken, kitab\u0131 elinizden b\u0131rakman\u0131za izin vermiyor!\u201d- Kirkus Reviews\u201cBracken; kad\u0131nlar\u0131, ili\u015fkileri ve Nicholas\u2019\u0131 nas\u0131l anlataca\u011f\u0131n\u0131 \u00e7ok iyi biliyor. Antik Kartaca, \u0130mparatorluk Devri\u2019ndeki Rusya ve 1906 y\u0131l\u0131nda bir San Francisco\u2026 Etta\u2019y\u0131 yolculu\u011fu boyunca takip edenler kitab\u0131 son ana kadar elinden b\u0131rakamayacak.\u201d- Booklist\u201cYolcu serisi i\u00e7in muazzam bir son. S\u00fcr\u00fckleyici ve romantik\u2026\u201d- Victoria Aveyard<\/p>\n","protected":false},"excerpt":{"rendered":"<p>Sonsuzluk i\u00e7in zaman\u0131 \u00f6ld\u00fcrebilir mi ?Etta ve Nicholas. Kadere y\u00f6n verenin tesad\u00fcfler de\u011fil se\u00e7imler oldu\u011fu bir d\u00fcnyada a\u015f\u0131k oldular. Birlikte de kalabilirlerdi, sonsuza dek ayr\u0131 da<span class=\"excerpt-hellip\"> [\u2026]<\/span><\/p>\n","protected":false},"featured_media":0,"template":"","meta":{"_monsterinsights_skip_tracking":false,"_monsterinsights_sitenote_active":false,"_monsterinsights_sitenote_note":"","_monsterinsights_sitenote_category":0},"product_brand":[],"product_cat":[12540,12291],"product_tag":[],"class_list":{"0":"post-769983","1":"product","2":"type-product","3":"status-publish","5":"product_cat-bilim-kurgu","6":"product_cat-edebiyat","7":"pa_cilt-ciltli","8":"pa_tur-kitap","9":"pa_yayinevi-parodi-yayinlari","10":"pa_yazar-alexandra-bracken","12":"first","13":"instock","14":"sale","15":"shipping-taxable","16":"purchasable","17":"product-type-simple"},"_links":{"self":[{"href":"https:\/\/roveyayinevi.com.tr\/index.php\/wp-json\/wp\/v2\/product\/769983","targetHints":{"allow":["GET"]}}],"collection":[{"href":"https:\/\/roveyayinevi.com.tr\/index.php\/wp-json\/wp\/v2\/product"}],"about":[{"href":"https:\/\/roveyayinevi.com.tr\/index.php\/wp-json\/wp\/v2\/types\/product"}],"wp:attachment":[{"href":"https:\/\/roveyayinevi.com.tr\/index.php\/wp-json\/wp\/v2\/media?parent=769983"}],"wp:term":[{"taxonomy":"product_brand","embeddable":true,"href":"https:\/\/roveyayinevi.com.tr\/index.php\/wp-json\/wp\/v2\/product_brand?post=769983"},{"taxonomy":"product_cat","embeddable":true,"href":"https:\/\/roveyayinevi.com.tr\/index.php\/wp-json\/wp\/v2\/product_cat?post=769983"},{"taxonomy":"product_tag","embeddable":true,"href":"https:\/\/roveyayinevi.com.tr\/index.php\/wp-json\/wp\/v2\/product_tag?post=769983"}],"curies":[{"name":"wp","href":"https:\/\/api.w.org\/{rel}","templated":true}]}}