{"id":769979,"date":"2025-08-28T14:13:21","date_gmt":"2025-08-28T11:13:21","guid":{"rendered":"https:\/\/roveyayinevi.com.tr\/index.php\/urun\/insan-ne-ile-yasar-26\/"},"modified":"2026-04-15T03:36:28","modified_gmt":"2026-04-15T00:36:28","slug":"insan-ne-ile-yasar-26","status":"publish","type":"product","link":"https:\/\/roveyayinevi.com.tr\/index.php\/urun\/insan-ne-ile-yasar-26\/","title":{"rendered":"I\u0307nsan Ne I\u0307le Ya\u015far?"},"content":{"rendered":"<p>Her b\u00fcy\u00fck yazar gibi Tolstoy da insanl\u0131k meseleleri \u00fczerine kafa yorarak eserlerinde topluma \u0131\u015f\u0131k tutmaya \u00e7al\u0131\u015ft\u0131.Ancak g\u00fcnl\u00fck ya\u015fam\u0131nda mevcut egemenlerin g\u00f6lgesinde durarak suya sabuna dokunmadan ya\u015fayan yazarlardan asla olmad\u0131.Her zaman ezilen y\u0131\u011f\u0131nlar\u0131n sesi olman\u0131n \u00f6tesine ge\u00e7meye \u00e7al\u0131\u015ft\u0131, bu d\u00fcnyay\u0131 onlar i\u00e7in daha ya\u015fan\u0131l\u0131r bir h\u00e2legetirmenin yollar\u0131n\u0131 arad\u0131, de\u011fi\u015fik \u00e7\u00f6z\u00fcmler tasarlad\u0131 ve bunlar\u0131 cesaretle ortaya koydu.Tolstoy\u2019un bunca b\u00fcy\u00fck bir yazar olmas\u0131n\u0131n as\u0131l nedeni,onun yorulmak bilmeyen bir \u2018yol aray\u0131c\u0131s\u0131\u2019 olmas\u0131d\u0131r.\u00c7a\u011f\u0131n\u0131n b\u00fct\u00fcn ilerici d\u00fc\u015f\u00fcncelerinden etkilenerek \u00f6zg\u00fcn bir Hristiyan anar\u015fizmi savunuculu\u011fu yapmas\u0131 bu anlay\u0131\u015f\u0131n sonucudur.\u0130nsan Ne \u0130le Ya\u015far? kitab\u0131, Tolstoy\u2019un i\u015fte bu b\u00fcy\u00fck aray\u0131\u015f\u0131n\u0131n belli bir d\u00f6nemine \u0131\u015f\u0131k tutan, birbirinden ilgin\u00e7 ve \u00f6zl\u00fc dersler i\u00e7eren  bir \u00f6yk\u00fcler derlemesidir.Bu kitab\u0131 okurken y\u00fcre\u011fi kaleminden \u00e7ok daha b\u00fcy\u00fck bu e\u015fsiz yazar\u0131n duygu d\u00fcnyas\u0131na n\u00fcfuz edeceksiniz.<\/p>\n","protected":false},"excerpt":{"rendered":"<p>Her b\u00fcy\u00fck yazar gibi Tolstoy da insanl\u0131k meseleleri \u00fczerine kafa yorarak eserlerinde topluma \u0131\u015f\u0131k tutmaya \u00e7al\u0131\u015ft\u0131.Ancak g\u00fcnl\u00fck ya\u015fam\u0131nda mevcut egemenlerin g\u00f6lgesinde durarak suya sabuna dokunmadan ya\u015fayan<span class=\"excerpt-hellip\"> [\u2026]<\/span><\/p>\n","protected":false},"featured_media":0,"template":"","meta":{"_monsterinsights_skip_tracking":false,"_monsterinsights_sitenote_active":false,"_monsterinsights_sitenote_note":"","_monsterinsights_sitenote_category":0},"product_brand":[],"product_cat":[12291,12711],"product_tag":[],"class_list":{"0":"post-769979","1":"product","2":"type-product","3":"status-publish","5":"product_cat-edebiyat","6":"product_cat-roman-oyku","7":"pa_cilt-ciltsiz","8":"pa_tur-kitap","9":"pa_yayinevi-parodi-yayinlari","10":"pa_yazar-lev-nikolayevic-tolstoy","12":"first","13":"instock","14":"sale","15":"shipping-taxable","16":"purchasable","17":"product-type-simple"},"_links":{"self":[{"href":"https:\/\/roveyayinevi.com.tr\/index.php\/wp-json\/wp\/v2\/product\/769979","targetHints":{"allow":["GET"]}}],"collection":[{"href":"https:\/\/roveyayinevi.com.tr\/index.php\/wp-json\/wp\/v2\/product"}],"about":[{"href":"https:\/\/roveyayinevi.com.tr\/index.php\/wp-json\/wp\/v2\/types\/product"}],"wp:attachment":[{"href":"https:\/\/roveyayinevi.com.tr\/index.php\/wp-json\/wp\/v2\/media?parent=769979"}],"wp:term":[{"taxonomy":"product_brand","embeddable":true,"href":"https:\/\/roveyayinevi.com.tr\/index.php\/wp-json\/wp\/v2\/product_brand?post=769979"},{"taxonomy":"product_cat","embeddable":true,"href":"https:\/\/roveyayinevi.com.tr\/index.php\/wp-json\/wp\/v2\/product_cat?post=769979"},{"taxonomy":"product_tag","embeddable":true,"href":"https:\/\/roveyayinevi.com.tr\/index.php\/wp-json\/wp\/v2\/product_tag?post=769979"}],"curies":[{"name":"wp","href":"https:\/\/api.w.org\/{rel}","templated":true}]}}