{"id":769975,"date":"2025-08-28T14:13:14","date_gmt":"2025-08-28T11:13:14","guid":{"rendered":"https:\/\/roveyayinevi.com.tr\/index.php\/urun\/bebegimle-uyku\/"},"modified":"2026-04-15T03:36:28","modified_gmt":"2026-04-15T00:36:28","slug":"bebegimle-uyku","status":"publish","type":"product","link":"https:\/\/roveyayinevi.com.tr\/index.php\/urun\/bebegimle-uyku\/","title":{"rendered":"Bebe\u011fimle Uyku"},"content":{"rendered":"<p>\u201cBu sat\u0131rlar\u0131 okurken muhtemelen yorgunsun. Belki geceleri defalarca uyanan bir bebe\u011fin var, belki de her uyudu\u011funda, acaba ne kadar s\u00fcrecek diye endi\u015feleniyorsun. Uyku senin i\u00e7in art\u0131k bir ihtiya\u00e7tan \u00e7ok, hayalini kurdu\u011fun bir l\u00fcks gibi g\u00f6r\u00fcn\u00fcyor olabilir. Ama biliyor musun? Yaln\u0131z de\u011filsin\u2026 Bu s\u00fcre\u00e7 ge\u00e7ici. Sen bebe\u011finin uyku d\u00fczenini sa\u011fl\u0131kl\u0131 h\u00e2le getirmek i\u00e7in ad\u0131m att\u0131k\u00e7a, her \u015feyin daha iyiye gitti\u011fini g\u00f6receksin\u2026\u201d Uykusunu iyi alan bebek, uykusunu iyi alan ebeveyn anlam\u0131na gelir. Yenido\u011fan bebeklerin uyku ihtiya\u00e7lar\u0131n\u0131 kar\u015f\u0131lamak san\u0131ld\u0131\u011f\u0131 kadar zor de\u011fildir ama farkl\u0131 y\u00f6ntemleri bir arada kullanman\u0131z\u0131 gerektirir. Bebe\u011fimle Uyku, bebe\u011fin uykusuyla ba\u015flay\u0131p ebeveynin uyku kalitesine varan, sa\u011fl\u0131k alan\u0131ndaki g\u00fcncel ve bilimsel verileri insan psikolojisini de unutmadan; \u015fefkatli, uygulanabilir ve kapsaml\u0131 bir \u015fekilde anlat\u0131yor. 0-2 ya\u015f aras\u0131 bebeklerde uyku d\u00fczenini olu\u015fturmak, ba\u011f\u0131ms\u0131z uyku al\u0131\u015fkanl\u0131klar\u0131n\u0131 desteklemek ve reg\u00fclasyonu sa\u011flamak isteyen ebeveynler i\u00e7in kapsaml\u0131 bir uyku e\u011fitimi rehberi. \u201c\u015eimdi, uykunun ve huzurun kap\u0131lar\u0131n\u0131 aralamaya ba\u015flayal\u0131m.\u201d<\/p>\n","protected":false},"excerpt":{"rendered":"<p>\u201cBu sat\u0131rlar\u0131 okurken muhtemelen yorgunsun. Belki geceleri defalarca uyanan bir bebe\u011fin var, belki de her uyudu\u011funda, acaba ne kadar s\u00fcrecek diye endi\u015feleniyorsun. Uyku senin i\u00e7in art\u0131k<span class=\"excerpt-hellip\"> [\u2026]<\/span><\/p>\n","protected":false},"featured_media":0,"template":"","meta":{"_monsterinsights_skip_tracking":false,"_monsterinsights_sitenote_active":false,"_monsterinsights_sitenote_note":"","_monsterinsights_sitenote_category":0},"product_brand":[],"product_cat":[14902,13365],"product_tag":[],"class_list":{"0":"post-769975","1":"product","2":"type-product","3":"status-publish","5":"product_cat-annelik-ve-cocuk-bakimi","6":"product_cat-saglik","7":"pa_cilt-ciltsiz","8":"pa_tur-kitap","9":"pa_yayinevi-literatur-yayinevi","10":"pa_yazar-esra-ertugrul","12":"first","13":"instock","14":"sale","15":"shipping-taxable","16":"purchasable","17":"product-type-simple"},"_links":{"self":[{"href":"https:\/\/roveyayinevi.com.tr\/index.php\/wp-json\/wp\/v2\/product\/769975","targetHints":{"allow":["GET"]}}],"collection":[{"href":"https:\/\/roveyayinevi.com.tr\/index.php\/wp-json\/wp\/v2\/product"}],"about":[{"href":"https:\/\/roveyayinevi.com.tr\/index.php\/wp-json\/wp\/v2\/types\/product"}],"wp:attachment":[{"href":"https:\/\/roveyayinevi.com.tr\/index.php\/wp-json\/wp\/v2\/media?parent=769975"}],"wp:term":[{"taxonomy":"product_brand","embeddable":true,"href":"https:\/\/roveyayinevi.com.tr\/index.php\/wp-json\/wp\/v2\/product_brand?post=769975"},{"taxonomy":"product_cat","embeddable":true,"href":"https:\/\/roveyayinevi.com.tr\/index.php\/wp-json\/wp\/v2\/product_cat?post=769975"},{"taxonomy":"product_tag","embeddable":true,"href":"https:\/\/roveyayinevi.com.tr\/index.php\/wp-json\/wp\/v2\/product_tag?post=769975"}],"curies":[{"name":"wp","href":"https:\/\/api.w.org\/{rel}","templated":true}]}}