{"id":769970,"date":"2025-08-28T14:13:03","date_gmt":"2025-08-28T11:13:03","guid":{"rendered":"https:\/\/roveyayinevi.com.tr\/index.php\/urun\/reckless-ciltli\/"},"modified":"2026-04-15T03:36:28","modified_gmt":"2026-04-15T00:36:28","slug":"reckless-ciltli","status":"publish","type":"product","link":"https:\/\/roveyayinevi.com.tr\/index.php\/urun\/reckless-ciltli\/","title":{"rendered":"Reckless (Ciltli)"},"content":{"rendered":"<p>Paedyn ve Kai, tutku ile g\u00f6rev aras\u0131ndaki \u00e7etin m\u00fccadelelerine devam ediyor. Ate\u015fli gerilim ve ihanetle \u00f6r\u00fcl\u00fc bu epik romantik fantastik \u00fc\u00e7lemenin merakla beklenen ikinci kitab\u0131nda s\u0131n\u0131rlar\u0131n\u0131 zorluyorlar.   Ilya krall\u0131\u011f\u0131 karga\u015fa i\u00e7inde\u2026   Ar\u0131nma S\u0131navlar\u0131\u2019ndan sa\u011f \u00e7\u0131kan Paedyn Gray, Kral\u2019\u0131 \u00f6ld\u00fcr\u00fcp \u00fclkenin d\u00f6rt yan\u0131nda bir Direni\u015f ba\u015flatt\u0131. \u015eimdi kollar\u0131na ko\u015fmak istedi\u011fi tek ki\u015fiden ka\u00e7\u0131yor. Kai Azer, art\u0131k Ilya\u2019n\u0131n \u0130nfazc\u0131\u2019s\u0131 ve \u00fclkenin yeni kral\u0131na \u2013karde\u015fi Kitt\u2019e \u2013 sad\u0131k. Paedyn\u2019i bulup mahkemeye \u00e7\u0131karmaya yeminli. \u00d6l\u00fcmc\u00fcl Scorches \u00c7\u00f6l\u00fc\u2019nde ve d\u00fc\u015fman \u015fehir Dor\u2019un derinliklerinde, Kai pe\u015fine d\u00fc\u015fmek istemedi\u011fi tek ki\u015fiyi koval\u0131yor. Fakat Se\u00e7kinler\u2019in olmad\u0131\u011f\u0131 bu \u015fehirde av ile avc\u0131 aras\u0131ndaki dengeler bozuluyor. Vazife ile arzu aras\u0131ndaki sava\u015f ise \u00f6l\u00fcmc\u00fcl bir h\u00e2l al\u0131yor. <\/p>\n","protected":false},"excerpt":{"rendered":"<p>Paedyn ve Kai, tutku ile g\u00f6rev aras\u0131ndaki \u00e7etin m\u00fccadelelerine devam ediyor. Ate\u015fli gerilim ve ihanetle \u00f6r\u00fcl\u00fc bu epik romantik fantastik \u00fc\u00e7lemenin merakla beklenen ikinci kitab\u0131nda s\u0131n\u0131rlar\u0131n\u0131<span class=\"excerpt-hellip\"> [\u2026]<\/span><\/p>\n","protected":false},"featured_media":0,"template":"","meta":{"_monsterinsights_skip_tracking":false,"_monsterinsights_sitenote_active":false,"_monsterinsights_sitenote_note":"","_monsterinsights_sitenote_category":0},"product_brand":[],"product_cat":[12291,14777],"product_tag":[],"class_list":{"0":"post-769970","1":"product","2":"type-product","3":"status-publish","5":"product_cat-edebiyat","6":"product_cat-fantastik","7":"pa_cilt-ciltli","8":"pa_tur-kitap","9":"pa_yayinevi-beta-byou","10":"pa_yazar-lauren-roberts","12":"first","13":"instock","14":"sale","15":"shipping-taxable","16":"purchasable","17":"product-type-simple"},"_links":{"self":[{"href":"https:\/\/roveyayinevi.com.tr\/index.php\/wp-json\/wp\/v2\/product\/769970","targetHints":{"allow":["GET"]}}],"collection":[{"href":"https:\/\/roveyayinevi.com.tr\/index.php\/wp-json\/wp\/v2\/product"}],"about":[{"href":"https:\/\/roveyayinevi.com.tr\/index.php\/wp-json\/wp\/v2\/types\/product"}],"wp:attachment":[{"href":"https:\/\/roveyayinevi.com.tr\/index.php\/wp-json\/wp\/v2\/media?parent=769970"}],"wp:term":[{"taxonomy":"product_brand","embeddable":true,"href":"https:\/\/roveyayinevi.com.tr\/index.php\/wp-json\/wp\/v2\/product_brand?post=769970"},{"taxonomy":"product_cat","embeddable":true,"href":"https:\/\/roveyayinevi.com.tr\/index.php\/wp-json\/wp\/v2\/product_cat?post=769970"},{"taxonomy":"product_tag","embeddable":true,"href":"https:\/\/roveyayinevi.com.tr\/index.php\/wp-json\/wp\/v2\/product_tag?post=769970"}],"curies":[{"name":"wp","href":"https:\/\/api.w.org\/{rel}","templated":true}]}}