{"id":769962,"date":"2025-08-28T14:12:45","date_gmt":"2025-08-28T11:12:45","guid":{"rendered":"https:\/\/roveyayinevi.com.tr\/index.php\/urun\/arincon-2-zihin-aynasi\/"},"modified":"2026-04-15T03:36:27","modified_gmt":"2026-04-15T00:36:27","slug":"arincon-2-zihin-aynasi","status":"publish","type":"product","link":"https:\/\/roveyayinevi.com.tr\/index.php\/urun\/arincon-2-zihin-aynasi\/","title":{"rendered":"Arincon 2 &#8211; Zihin Aynas\u0131"},"content":{"rendered":"<p>D\u00fc\u015f\u00fcnceyi, bilimi ve maceray\u0131 harmanlayan soluksuz Arincon maceras\u0131 kald\u0131\u011f\u0131 yerden devam ediyor!   Arya ve \u0130ngo, ilk \u00e7\u0131kt\u0131klar\u0131 yolda Profes\u00f6r K\u0131z\u0131l&#8217;\u0131 kendi oyununda yenmeyi ba\u015farm\u0131\u015flard\u0131r. Fakat \u015fimdi kar\u015f\u0131lar\u0131nda yeni d\u00fc\u015fmanlar, babalar\u0131na ait gizemli bir yol ve onlara e\u015flik edecek m\u00fcttefikler vard\u0131r.   Bu sefer ellerindeki anahtar \u00e7ark bamba\u015fka yollar\u0131 aktifle\u015ftiriyor. Kendi evlerinde ke\u015ffettikleri yeni bir ge\u00e7it, birka\u00e7 defa kar\u015f\u0131lar\u0131na \u00e7\u0131kan ayna, onlar\u0131 yeni bir ger\u00e7eklikle tan\u0131\u015ft\u0131r\u0131yor.   Annelerinin de bu d\u00fc\u011f\u00fcm\u00fcn bir par\u00e7as\u0131 oldu\u011funu \u00f6\u011frendiklerinde, \u00e7\u00f6zmeleri gereken gizem daha karma\u015f\u0131k bir hale b\u00fcr\u00fcn\u00fcyor.   Ger\u00e7ekleri ke\u015ffetmek i\u00e7in cesaret gerekir. Peki, zihnin aynas\u0131nda g\u00f6r\u00fcnen her \u015fey g\u00fcvenilir midir?   Paradokya &#8211; Gecenin Gizemli Oyunu serisi ile y\u00fcz binlerce okurun kalbine taht kuran Fatih Cem G\u00fclbent&#8217;in yeni serisi Arincon, Zihin Aynas\u0131&#8217;yla birlikte devam ediyor! <\/p>\n","protected":false},"excerpt":{"rendered":"<p>D\u00fc\u015f\u00fcnceyi, bilimi ve maceray\u0131 harmanlayan soluksuz Arincon maceras\u0131 kald\u0131\u011f\u0131 yerden devam ediyor! Arya ve \u0130ngo, ilk \u00e7\u0131kt\u0131klar\u0131 yolda Profes\u00f6r K\u0131z\u0131l&#8217;\u0131 kendi oyununda yenmeyi ba\u015farm\u0131\u015flard\u0131r. Fakat \u015fimdi<span class=\"excerpt-hellip\"> [\u2026]<\/span><\/p>\n","protected":false},"featured_media":0,"template":"","meta":{"_monsterinsights_skip_tracking":false,"_monsterinsights_sitenote_active":false,"_monsterinsights_sitenote_note":"","_monsterinsights_sitenote_category":0},"product_brand":[],"product_cat":[12540,12291],"product_tag":[],"class_list":{"0":"post-769962","1":"product","2":"type-product","3":"status-publish","5":"product_cat-bilim-kurgu","6":"product_cat-edebiyat","7":"pa_cilt-ciltsiz","8":"pa_tur-kitap","9":"pa_yayinevi-dex-yayinevi","10":"pa_yazar-fatih-cem-gulbent","12":"first","13":"instock","14":"sale","15":"shipping-taxable","16":"purchasable","17":"product-type-simple"},"_links":{"self":[{"href":"https:\/\/roveyayinevi.com.tr\/index.php\/wp-json\/wp\/v2\/product\/769962","targetHints":{"allow":["GET"]}}],"collection":[{"href":"https:\/\/roveyayinevi.com.tr\/index.php\/wp-json\/wp\/v2\/product"}],"about":[{"href":"https:\/\/roveyayinevi.com.tr\/index.php\/wp-json\/wp\/v2\/types\/product"}],"wp:attachment":[{"href":"https:\/\/roveyayinevi.com.tr\/index.php\/wp-json\/wp\/v2\/media?parent=769962"}],"wp:term":[{"taxonomy":"product_brand","embeddable":true,"href":"https:\/\/roveyayinevi.com.tr\/index.php\/wp-json\/wp\/v2\/product_brand?post=769962"},{"taxonomy":"product_cat","embeddable":true,"href":"https:\/\/roveyayinevi.com.tr\/index.php\/wp-json\/wp\/v2\/product_cat?post=769962"},{"taxonomy":"product_tag","embeddable":true,"href":"https:\/\/roveyayinevi.com.tr\/index.php\/wp-json\/wp\/v2\/product_tag?post=769962"}],"curies":[{"name":"wp","href":"https:\/\/api.w.org\/{rel}","templated":true}]}}