{"id":769961,"date":"2025-08-28T14:12:43","date_gmt":"2025-08-28T11:12:43","guid":{"rendered":"https:\/\/roveyayinevi.com.tr\/index.php\/urun\/arincon-1-hafiza-civileri\/"},"modified":"2026-04-15T03:36:27","modified_gmt":"2026-04-15T00:36:27","slug":"arincon-1-hafiza-civileri","status":"publish","type":"product","link":"https:\/\/roveyayinevi.com.tr\/index.php\/urun\/arincon-1-hafiza-civileri\/","title":{"rendered":"Arincon 1 \u2013 Haf\u0131za \u00c7ivileri"},"content":{"rendered":"<p>Bilimin g\u00f6lgesinde kalan s\u0131rlar, hat\u0131ralar\u0131n i\u00e7ine gizlenen mesajlar ve bilmecelerle dolu yepyeni bir d\u00fcnya Arincon serisiyle kar\u015f\u0131n\u0131zda!   Arya ve \u0130ngo bir sabah uyand\u0131klar\u0131nda hayatlar\u0131n\u0131n asla eskisi gibi olmayaca\u011f\u0131n\u0131 g\u00f6rm\u00fc\u015flerdir. Babalar\u0131 esrarengiz bir \u015fekilde ortadan kaybolmu\u015f; arkas\u0131nda sadece \u00e7\u00f6z\u00fclmeyi bekleyen \u015fifreler, ak\u0131l oyunlar\u0131 ve gizemlerle dolu bir dizi ipucu b\u0131rakm\u0131\u015ft\u0131r.   Altm\u0131\u015f d\u00f6rt profes\u00f6r\u00fcn, insanlar\u0131n bilin\u00e7altlar\u0131n\u0131 birbirine ba\u011flad\u0131klar\u0131 sistemi aktif hale getirmeden \u00f6nce ortadan kaybolmalar\u0131; iki karde\u015fin gizem dolu bir yolculu\u011fa \u00e7\u0131kmas\u0131n\u0131 sa\u011flar.   Arya, kararl\u0131 ve m\u00fckemmeliyet\u00e7i yap\u0131s\u0131yla olaylar\u0131 kontrol alt\u0131nda tutmaya \u00e7al\u0131\u015f\u0131rken, \u0130ngo&#8217;nun hayal g\u00fcc\u00fc ve sorgulay\u0131c\u0131 zihni bamba\u015fka kap\u0131lar a\u00e7ar. \u0130pu\u00e7lar\u0131n\u0131 takip ederek ula\u015ft\u0131klar\u0131 gizemli ormanda, eski bir kul\u00fcbe onlar\u0131 daha \u00f6nce hi\u00e7 kar\u015f\u0131la\u015fmad\u0131klar\u0131 bir anahtarla bulu\u015fturmak i\u00e7in bekliyordur.   Paradokya &#8211; Gecenin Gizemli Oyunu serisi ile y\u00fcz binlerce okurun kalbine taht kuran Fatih Cem G\u00fclbent&#8217;in kaleminden macera ve aksiyon dolu bir eser sizleri bekliyor! <\/p>\n","protected":false},"excerpt":{"rendered":"<p>Bilimin g\u00f6lgesinde kalan s\u0131rlar, hat\u0131ralar\u0131n i\u00e7ine gizlenen mesajlar ve bilmecelerle dolu yepyeni bir d\u00fcnya Arincon serisiyle kar\u015f\u0131n\u0131zda! Arya ve \u0130ngo bir sabah uyand\u0131klar\u0131nda hayatlar\u0131n\u0131n asla eskisi<span class=\"excerpt-hellip\"> [\u2026]<\/span><\/p>\n","protected":false},"featured_media":0,"template":"","meta":{"_monsterinsights_skip_tracking":false,"_monsterinsights_sitenote_active":false,"_monsterinsights_sitenote_note":"","_monsterinsights_sitenote_category":0},"product_brand":[],"product_cat":[12540,12291],"product_tag":[],"class_list":{"0":"post-769961","1":"product","2":"type-product","3":"status-publish","5":"product_cat-bilim-kurgu","6":"product_cat-edebiyat","7":"pa_cilt-ciltsiz","8":"pa_tur-kitap","9":"pa_yayinevi-dex-yayinevi","10":"pa_yazar-fatih-cem-gulbent","12":"first","13":"instock","14":"sale","15":"shipping-taxable","16":"purchasable","17":"product-type-simple"},"_links":{"self":[{"href":"https:\/\/roveyayinevi.com.tr\/index.php\/wp-json\/wp\/v2\/product\/769961","targetHints":{"allow":["GET"]}}],"collection":[{"href":"https:\/\/roveyayinevi.com.tr\/index.php\/wp-json\/wp\/v2\/product"}],"about":[{"href":"https:\/\/roveyayinevi.com.tr\/index.php\/wp-json\/wp\/v2\/types\/product"}],"wp:attachment":[{"href":"https:\/\/roveyayinevi.com.tr\/index.php\/wp-json\/wp\/v2\/media?parent=769961"}],"wp:term":[{"taxonomy":"product_brand","embeddable":true,"href":"https:\/\/roveyayinevi.com.tr\/index.php\/wp-json\/wp\/v2\/product_brand?post=769961"},{"taxonomy":"product_cat","embeddable":true,"href":"https:\/\/roveyayinevi.com.tr\/index.php\/wp-json\/wp\/v2\/product_cat?post=769961"},{"taxonomy":"product_tag","embeddable":true,"href":"https:\/\/roveyayinevi.com.tr\/index.php\/wp-json\/wp\/v2\/product_tag?post=769961"}],"curies":[{"name":"wp","href":"https:\/\/api.w.org\/{rel}","templated":true}]}}